{"id":6,"date":"2020-03-23T07:24:38","date_gmt":"2020-03-23T07:24:38","guid":{"rendered":"https:\/\/acefootball.com\/es\/?page_id=6"},"modified":"2025-09-19T14:53:50","modified_gmt":"2025-09-19T12:53:50","slug":"liga","status":"publish","type":"page","link":"https:\/\/acefootball.com\/es\/liga\/","title":{"rendered":"Ligas"},"content":{"rendered":"\n<div class=\"wp-block-si-widget wp-block-si-widget--center\"><si-lb-widget widget-id=\"FixturesMini\" width=\"100%\" data-nopadding=\"true\" data-transparent=\"true\" data-card=\"true\" data-supported-tournaments=\"42,73,74,50,77,10195,10196,10197,10198,10199,78,54,47,48,247,53,55,44,299,45,87,140,138,139,130,9806,9807,9808,9809,10216,289\" data-theme-appearance=\"dark\" data-compare-providers=\"bet365\" data-active-im-editor=\"false\" data-only-upcoming=\"true\" data-tournament-id=\"73\"><\/si-lb-widget><\/div>\n<div class=\"ptl-league-wrapper\"><div class='ptl-league popular-league ptl-popular'><a class='popular-link' href='https:\/\/acefootball.com\/es\/liga\/87\/'><img width=\"128\" height=\"128\" src=\"https:\/\/acefootball.com\/es\/wp-content\/uploads\/sites\/3\/2020\/07\/laligasmall.png\" class=\"attachment-post-thumbnail size-post-thumbnail\" alt=\"\" loading=\"lazy\" \/>La Liga<\/a><\/div><div class='ptl-league popular-league ptl-popular'><a class='popular-link' href='https:\/\/acefootball.com\/es\/liga\/42\/'><img width=\"128\" height=\"128\" src=\"https:\/\/acefootball.com\/es\/wp-content\/uploads\/sites\/3\/2020\/07\/championsleaguesmall.png\" class=\"attachment-post-thumbnail size-post-thumbnail\" alt=\"\" loading=\"lazy\" \/>Champions League<\/a><\/div><div class='ptl-league popular-league ptl-popular'><a class='popular-link' href='https:\/\/acefootball.com\/es\/liga\/47\/'><img width=\"128\" height=\"128\" src=\"https:\/\/acefootball.com\/es\/wp-content\/uploads\/sites\/3\/2020\/07\/premierleaguesmall.png\" class=\"attachment-post-thumbnail size-post-thumbnail\" alt=\"\" loading=\"lazy\" \/>Premier League<\/a><\/div><div class='ptl-league popular-league ptl-popular'><a class='popular-link' href='https:\/\/acefootball.com\/es\/liga\/53\/'><img width=\"128\" height=\"128\" src=\"https:\/\/acefootball.com\/es\/wp-content\/uploads\/sites\/3\/2020\/07\/ligue1small.png\" class=\"attachment-post-thumbnail size-post-thumbnail\" alt=\"\" loading=\"lazy\" \/>Ligue 1<\/a><\/div><div class='ptl-league popular-league ptl-popular'><a class='popular-link' href='https:\/\/acefootball.com\/es\/liga\/54\/'><img width=\"164\" height=\"164\" src=\"https:\/\/acefootball.com\/es\/wp-content\/uploads\/sites\/3\/2020\/07\/bundesligasmall.png\" class=\"attachment-post-thumbnail size-post-thumbnail\" alt=\"\" loading=\"lazy\" srcset=\"https:\/\/acefootball.com\/es\/wp-content\/uploads\/sites\/3\/2020\/07\/bundesligasmall.png 164w, https:\/\/acefootball.com\/es\/wp-content\/uploads\/sites\/3\/2020\/07\/bundesligasmall-150x150.png 150w\" sizes=\"(max-width: 164px) 100vw, 164px\" \/>Bundesliga<\/a><\/div><div class='ptl-league popular-league ptl-popular'><a class='popular-link' href='https:\/\/acefootball.com\/es\/liga\/55\/'><img width=\"128\" height=\"128\" src=\"https:\/\/acefootball.com\/es\/wp-content\/uploads\/sites\/3\/2020\/07\/serieasmall.png\" class=\"attachment-post-thumbnail size-post-thumbnail\" alt=\"\" loading=\"lazy\" \/>Serie A<\/a><\/div><div class='ptl-bnnr bnnr-wrapper'><div class=\"popular-bnnr\"><div class=\"text-center ad my-4\"><span class=\"ad-title\">Annonce<\/span>\r\n<!-- \/21809957681\/Ronaldo\/ronaldo.com\/leaderboard_1 -->\r\n<script class=\"leaderboard-1\">getAd( 'leaderboard', 1 );<\/script>\r\n<\/div><\/div><\/div><div class='ptl-league'><a class='popular-link' href='https:\/\/acefootball.com\/es\/liga\/146\/'>Bundesliga 2<\/a><\/div><div class='ptl-league'><a class='popular-link' href='https:\/\/acefootball.com\/es\/liga\/38\/'>Bundesliga Austr\u00edaca<\/a><\/div><div class='ptl-league'><a class='popular-link' href='https:\/\/acefootball.com\/es\/liga\/48\/'>Championship<\/a><\/div><div class='ptl-league'><a class='popular-link' href='https:\/\/acefootball.com\/es\/liga\/289\/'>Copa Africana de Naciones<\/a><\/div><div class='ptl-league'><a class='popular-link' href='https:\/\/acefootball.com\/es\/liga\/44\/'>Copa Am\u00e9rica<\/a><\/div><div class='ptl-league'><a class='popular-link' href='https:\/\/acefootball.com\/es\/liga\/77\/'>Copa Mundial<\/a><\/div><div class='ptl-league'><a class='popular-link' href='https:\/\/acefootball.com\/es\/liga\/138\/'>Copa del Rey<\/a><\/div><div class='ptl-league'><a class='popular-link' href='https:\/\/acefootball.com\/es\/liga\/133\/'>Copa EFL<\/a><\/div><div class='ptl-league'><a class='popular-link' href='https:\/\/acefootball.com\/es\/liga\/141\/'>Coppa Italia<\/a><\/div><div class='ptl-league'><a class='popular-link' href='https:\/\/acefootball.com\/es\/liga\/209\/'>DFB Pokal<\/a><\/div><div class='ptl-league'><a class='popular-link' href='https:\/\/acefootball.com\/es\/liga\/57\/'>Eredivisie<\/a><\/div><div class='ptl-league'><a class='popular-link' href='https:\/\/acefootball.com\/es\/liga\/50\/'>Eurocopa<\/a><\/div><div class='ptl-league'><a class='popular-link' href='https:\/\/acefootball.com\/es\/liga\/10216\/'>Europa Conference League<\/a><\/div><div class='ptl-league'><a class='popular-link' href='https:\/\/acefootball.com\/es\/liga\/73\/'>Europa League<\/a><\/div><div class='ptl-league'><a class='popular-link' href='https:\/\/acefootball.com\/es\/liga\/132\/'>FA Cup<\/a><\/div><div class='ptl-league'><a class='popular-link' href='https:\/\/acefootball.com\/es\/liga\/9080\/'>K-League<\/a><\/div><div class='ptl-league'><a class='popular-link' href='https:\/\/acefootball.com\/es\/liga\/108\/'>League One<\/a><\/div><div class='ptl-league'><a class='popular-link' href='https:\/\/acefootball.com\/es\/liga\/109\/'>League Two<\/a><\/div><div class='ptl-league'><a class='popular-link' href='https:\/\/acefootball.com\/es\/liga\/230\/'>Liga MX<\/a><\/div><div class='ptl-league'><a class='popular-link' href='https:\/\/acefootball.com\/es\/liga\/110\/'>Ligue 2<\/a><\/div><div class='ptl-league'><a class='popular-link' href='https:\/\/acefootball.com\/es\/liga\/130\/'>MLS<\/a><\/div><div class='ptl-league'><a class='popular-link' href='https:\/\/acefootball.com\/es\/liga\/76\/'>Mundial Femenino<\/a><\/div><div class='ptl-league'><a class='popular-link' href='https:\/\/acefootball.com\/es\/liga\/40\/'>Primera Divisi\u00f3n de B\u00e9lgica<\/a><\/div><div class='ptl-league'><a class='popular-link' href='https:\/\/acefootball.com\/es\/liga\/64\/'>Scottish Premiership<\/a><\/div><div class='ptl-league'><a class='popular-link' href='https:\/\/acefootball.com\/es\/liga\/139\/'>Supercopa de Espa\u00f1a<\/a><\/div><div class='ptl-league'><a class='popular-link' href='https:\/\/acefootball.com\/es\/liga\/46\/'>Superliga de Dinamarca<\/a><\/div><div class='ptl-league'><a class='popular-link' href='https:\/\/acefootball.com\/es\/liga\/71\/'>Superliga de Turqu\u00eda<\/a><\/div><div class='ptl-league'><a class='popular-link' href='https:\/\/acefootball.com\/es\/liga\/9806\/'>UEFA Nations League<\/a><\/div><\/div>","protected":false},"excerpt":{"rendered":"<p>La Liga Champions League Premier League Ligue 1 Bundesliga Serie A Annonce Bundesliga 2 Bundesliga Austr\u00edaca Championship Copa Africana de Naciones Copa Am\u00e9rica Copa Mundial Copa del Rey Copa EFL Coppa Italia DFB Pokal Eredivisie Eurocopa Europa Conference League Europa League FA Cup K-League League One League Two Liga MX Ligue 2 MLS Mundial Femenino [&hellip;]<\/p>\n","protected":false},"author":1,"featured_media":0,"parent":0,"menu_order":0,"comment_status":"closed","ping_status":"closed","template":"","meta":{"om_disable_all_campaigns":false},"yoast_head":"<!-- This site is optimized with the Yoast SEO plugin v18.3 - https:\/\/yoast.com\/wordpress\/plugins\/seo\/ -->\n<title>Ligas - Ace Football Espa\u00f1ol<\/title>\n<meta name=\"description\" content=\"Noticias de las ligas m\u00e1s importantes del mundo. Encontrar\u00e1s la Premier League, La Liga, la Champions League, la Serie A, Bundesliga en Ronaldo.com.\" \/>\n<meta name=\"robots\" content=\"noindex, follow\" \/>\n<meta property=\"og:locale\" content=\"es_ES\" \/>\n<meta property=\"og:type\" content=\"article\" \/>\n<meta property=\"og:title\" content=\"Ligas - Ace Football Espa\u00f1ol\" \/>\n<meta property=\"og:description\" content=\"Noticias de las ligas m\u00e1s importantes del mundo. Encontrar\u00e1s la Premier League, La Liga, la Champions League, la Serie A, Bundesliga en Ronaldo.com.\" \/>\n<meta property=\"og:url\" content=\"https:\/\/acefootball.com\/es\/liga\/\" \/>\n<meta property=\"og:site_name\" content=\"Ace Football Espa\u00f1ol\" \/>\n<meta property=\"article:modified_time\" content=\"2025-09-19T12:53:50+00:00\" \/>\n<meta name=\"twitter:card\" content=\"summary_large_image\" \/>\n<script type=\"application\/ld+json\" class=\"yoast-schema-graph\">{\"@context\":\"https:\/\/schema.org\",\"@graph\":[{\"@type\":\"WebSite\",\"@id\":\"https:\/\/acefootball.com\/es\/#website\",\"url\":\"https:\/\/acefootball.com\/es\/\",\"name\":\"Ace Football Espa\u00f1ol\",\"description\":\"News, Betting and Livescore\",\"potentialAction\":[{\"@type\":\"SearchAction\",\"target\":{\"@type\":\"EntryPoint\",\"urlTemplate\":\"https:\/\/acefootball.com\/es\/?s={search_term_string}\"},\"query-input\":\"required name=search_term_string\"}],\"inLanguage\":\"es\"},{\"@type\":\"WebPage\",\"@id\":\"https:\/\/acefootball.com\/es\/liga\/#webpage\",\"url\":\"https:\/\/acefootball.com\/es\/liga\/\",\"name\":\"Ligas - Ace Football Espa\u00f1ol\",\"isPartOf\":{\"@id\":\"https:\/\/acefootball.com\/es\/#website\"},\"datePublished\":\"2020-03-23T07:24:38+00:00\",\"dateModified\":\"2025-09-19T12:53:50+00:00\",\"description\":\"Noticias de las ligas m\u00e1s importantes del mundo. Encontrar\u00e1s la Premier League, La Liga, la Champions League, la Serie A, Bundesliga en Ronaldo.com.\",\"breadcrumb\":{\"@id\":\"https:\/\/acefootball.com\/es\/liga\/#breadcrumb\"},\"inLanguage\":\"es\",\"potentialAction\":[{\"@type\":\"ReadAction\",\"target\":[\"https:\/\/acefootball.com\/es\/liga\/\"]}]},{\"@type\":\"BreadcrumbList\",\"@id\":\"https:\/\/acefootball.com\/es\/liga\/#breadcrumb\",\"itemListElement\":[{\"@type\":\"ListItem\",\"position\":1,\"name\":\"Home\",\"item\":\"https:\/\/acefootball.com\/es\/\"},{\"@type\":\"ListItem\",\"position\":2,\"name\":\"Ligas\"}]}]}<\/script>\n<!-- \/ Yoast SEO plugin. -->","yoast_head_json":{"title":"Ligas - Ace Football Espa\u00f1ol","description":"Noticias de las ligas m\u00e1s importantes del mundo. Encontrar\u00e1s la Premier League, La Liga, la Champions League, la Serie A, Bundesliga en Ronaldo.com.","robots":{"index":"noindex","follow":"follow"},"og_locale":"es_ES","og_type":"article","og_title":"Ligas - Ace Football Espa\u00f1ol","og_description":"Noticias de las ligas m\u00e1s importantes del mundo. Encontrar\u00e1s la Premier League, La Liga, la Champions League, la Serie A, Bundesliga en Ronaldo.com.","og_url":"https:\/\/acefootball.com\/es\/liga\/","og_site_name":"Ace Football Espa\u00f1ol","article_modified_time":"2025-09-19T12:53:50+00:00","twitter_card":"summary_large_image","schema":{"@context":"https:\/\/schema.org","@graph":[{"@type":"WebSite","@id":"https:\/\/acefootball.com\/es\/#website","url":"https:\/\/acefootball.com\/es\/","name":"Ace Football Espa\u00f1ol","description":"News, Betting and Livescore","potentialAction":[{"@type":"SearchAction","target":{"@type":"EntryPoint","urlTemplate":"https:\/\/acefootball.com\/es\/?s={search_term_string}"},"query-input":"required name=search_term_string"}],"inLanguage":"es"},{"@type":"WebPage","@id":"https:\/\/acefootball.com\/es\/liga\/#webpage","url":"https:\/\/acefootball.com\/es\/liga\/","name":"Ligas - Ace Football Espa\u00f1ol","isPartOf":{"@id":"https:\/\/acefootball.com\/es\/#website"},"datePublished":"2020-03-23T07:24:38+00:00","dateModified":"2025-09-19T12:53:50+00:00","description":"Noticias de las ligas m\u00e1s importantes del mundo. Encontrar\u00e1s la Premier League, La Liga, la Champions League, la Serie A, Bundesliga en Ronaldo.com.","breadcrumb":{"@id":"https:\/\/acefootball.com\/es\/liga\/#breadcrumb"},"inLanguage":"es","potentialAction":[{"@type":"ReadAction","target":["https:\/\/acefootball.com\/es\/liga\/"]}]},{"@type":"BreadcrumbList","@id":"https:\/\/acefootball.com\/es\/liga\/#breadcrumb","itemListElement":[{"@type":"ListItem","position":1,"name":"Home","item":"https:\/\/acefootball.com\/es\/"},{"@type":"ListItem","position":2,"name":"Ligas"}]}]}},"_links":{"self":[{"href":"https:\/\/acefootball.com\/es\/wp-json\/wp\/v2\/pages\/6"}],"collection":[{"href":"https:\/\/acefootball.com\/es\/wp-json\/wp\/v2\/pages"}],"about":[{"href":"https:\/\/acefootball.com\/es\/wp-json\/wp\/v2\/types\/page"}],"author":[{"embeddable":true,"href":"https:\/\/acefootball.com\/es\/wp-json\/wp\/v2\/users\/1"}],"replies":[{"embeddable":true,"href":"https:\/\/acefootball.com\/es\/wp-json\/wp\/v2\/comments?post=6"}],"version-history":[{"count":0,"href":"https:\/\/acefootball.com\/es\/wp-json\/wp\/v2\/pages\/6\/revisions"}],"wp:attachment":[{"href":"https:\/\/acefootball.com\/es\/wp-json\/wp\/v2\/media?parent=6"}],"curies":[{"name":"wp","href":"https:\/\/api.w.org\/{rel}","templated":true}]}}