{"id":15,"date":"2020-03-23T07:34:39","date_gmt":"2020-03-23T07:34:39","guid":{"rendered":"https:\/\/acefootball.com\/es\/?page_id=15"},"modified":"2020-03-23T07:34:39","modified_gmt":"2020-03-23T07:34:39","slug":"politica-de-privacidad","status":"publish","type":"page","link":"https:\/\/acefootball.com\/es\/politica-de-privacidad\/","title":{"rendered":"Pol\u00edtica de privacidad"},"content":{"rendered":"\n<p>Informaci\u00f3n a cerca del proceso de\nnuestra informaci\u00f3n personal, etc. <\/p>\n\n\n\n<h3><strong>1. Nosotros\ncontrolamos la informaci\u00f3n. \u00bfC\u00f3mo nos puedes contactar? <\/strong><\/h3>\n\n\n\n<p>Ronaldo.com A\/S es el Controlador de la\nInformaci\u00f3n en el proceso de informaci\u00f3n personal. Puedes encontrar la\ninformaci\u00f3n aqu\u00ed: <\/p>\n\n\n\n<p>Ronaldo.com A \/ S<br>Nordvestvej 31<br>9000 Aalborg<br>Denmark<br>VAT No.: 39526646<br>Tel\u00e9fono: +45 31 67 77 76<br>Correo electr\u00f3nico: info@ronaldo.com<\/p>\n\n\n\n<h3><strong>2. Contacto de\ninformaci\u00f3n para el Consultor de Protecci\u00f3n de la Informaci\u00f3n. <\/strong><\/h3>\n\n\n\n<p>Si tienes alguna pregunta sobre nuestra\nmanera de procesar tu informaci\u00f3n, est\u00e1s siempre invitado a contactar nuestro\nConsultor de Protecci\u00f3n de Informaci\u00f3n. <\/p>\n\n\n\n<p>Puedes contactar a nuestro Consultor de Protecci\u00f3n de Informaci\u00f3n R\u00e9ka Solt\u00e9sz de las siguientes formas:<\/p>\n\n\n\n<p>\u2022 Correo electr\u00f3nico: res@ronaldo.com<\/p>\n\n\n\n<p>\u2022 Tel\u00e9fono: +45 31 67 77 76<\/p>\n\n\n\n<p>\u2022 O por medio de una carta a:\nRonaldo.com A\/S, Nordvestvej 31, 9000 Aalborg, Dinamarca Dirigido a: Reka\nSolt\u00e9sz<\/p>\n\n\n\n<h3><strong>3. Prop\u00f3sito del\nproceso de tu informaci\u00f3n personal <\/strong><\/h3>\n\n\n\n<p>Procesamos tu informaci\u00f3n para los\nsiguiente prop\u00f3sitos: <\/p>\n\n\n\n<p>\u2022 Seguridad IT \u2013 Las direcciones IP\nest\u00e1n conectadas temporalmente por 15 minutos para asegurarse en contra de\ncualquier ataque de fuerza bruta contra nuestra p\u00e1gina de respaldo de inicio.\nTambi\u00e9n para bloquear usuarios que intentan accesar p\u00e1ginas que no existen. <\/p>\n\n\n\n<p>\u2022 Cualquier pregunta que recibimos por\nmedio de nuestra forma de contacto se guarda por lo menos hasta que una respuesta\nse haya enviado desde Ronaldo.com, pero por un m\u00e1ximo de 120 d\u00edas. Despu\u00e9s de\neste tiempo, todas las formas son borradas permanentemente.<\/p>\n\n\n\n<p>\u2022 Distribuci\u00f3n de nuestro Newsletter<\/p>\n\n\n\n<p>\u2022 Proveer a nuestros lectores con un\nchat en vivo<\/p>\n\n\n\n<p>\u2022 La habilidad de comentar dentro de un\nforo<\/p>\n\n\n\n<p>\u2022 Nota: Google Analytics se utiliza para\nmejorar la experiencia del usuario y con otros fines estad\u00edsticos. Ronaldo.com\nA\/S ha escogido mantener tu direcci\u00f3n IP an\u00f3nima en relaci\u00f3n a Google\nAnalytics, con el fin de que Google Analytics NO PUEDA guardar tu direcci\u00f3n IP\ncuando visites https:\/\/acefootball.com<\/p>\n\n\n\n<h3><strong>4. Categor\u00edas de\ninformaci\u00f3n personal<\/strong><\/h3>\n\n\n\n<p>Procesamos las siguientes categor\u00edas de\ninformaci\u00f3n sobre t\u00ed de la siguiente forma: <\/p>\n\n\n\n<p>\u2022 Informaci\u00f3n personal como nombre,\ndirecci\u00f3n, correo electr\u00f3nico, n\u00famero de tel\u00e9fono y direcci\u00f3n IP. <\/p>\n\n\n\n<p>\u2022 Jam\u00e1s procesamos, guardamos or\nmantenemos ning\u00fan tipo de informaci\u00f3n sensible o personal como tu r\u00e9cord\ncriminal, religi\u00f3n u orientaci\u00f3n sexual. <\/p>\n\n\n\n<h3><strong>5. Receptores o\nCategor\u00edas de Receptores.<\/strong><\/h3>\n\n\n\n<h3>Divulgamos o transferimos tu informaci\u00f3n personal a los\nsiguientes receptores: <\/h3>\n\n\n\n<p>\u2022 Mailchimp, una marca bajo el nombre de\nThe Rocket Science Group, LLC, 675 Ponce de Leon Ave NE, Suite 5000, Atlanta,\nGA 30308, E.U.A. Mailchimp se utiliza para mandar nuestros newsletters, y en\nrelaci\u00f3n a esto, compartiremos tu correo electr\u00f3nico si est\u00e1s registrado el\nnewsletter de Ronaldo.com.<\/p>\n\n\n\n<p>\u2022 Sleeknote Aps, Jens Baggesensvej 90A,\n8200 Aarhus, Dinamarca. Sleeknote se utiliza para <em>pop ups<\/em>. Por este prop\u00f3sito, nombre, correo electr\u00f3nico y en\nalgunos casos el n\u00famero de tel\u00e9fono es transferido.<\/p>\n\n\n\n<p>\u2022 WP ENGINE, Irongate House, 22-30 Dukes\nPl, Londres EC3A 7LP, reino Unido. WP ENGINE es el dominio del sitio web\nhttps:\/\/acefootball.com. Aqu\u00ed, la informaci\u00f3n es procesada desde nuestra forma de\ncontacto, cuentas de usuarios, correos electr\u00f3nicos y procesador temporal de\ndirecciones IP en conecci\u00f3n con seguridad IT. <\/p>\n\n\n\n<p>\u2022 Google LLC, 1600 Amphitheater Parkway\nen Mountain View, California, Estados Unidos. Google Analytics se utiliza\nexclusivamente para estad\u00edsticas web y hemos activamente declinado que Google\nAnalytics pueda guardar tu direcci\u00f3n IP, as\u00ed como cualquier otro tipo de\ninformaci\u00f3n personal identificable.<\/p>\n\n\n\n<h3><strong>6. Transferencia a\npa\u00edses de tercer orden, incluyendo organizaciones internacionales. <\/strong><\/h3>\n\n\n\n<p>Transferimos una peque\u00f1a parte de tu\ninformaci\u00f3n personal a receptores fuera de los Estados Unidos y la EEA. <\/p>\n\n\n\n<p>En referencia a Mailchimp Inc., y Google\nLLC, todos localizados en los Estados Unidos. <\/p>\n\n\n\n<p>Hacemos \u00e9nfasis en que la Comisi\u00f3n ha\ndecidido sobre la adecuaci\u00f3n del nivel de protecci\u00f3n sobre los Art\u00edculos 46, 47\no 49 del Acta de Protecci\u00f3n de Informaci\u00f3n. Art\u00edculos 1, p\u00e1rrafo 2, para todas\nlas compa\u00f1\u00edas. <\/p>\n\n\n\n<p>Para Mailchimp, ver m\u00e1s en\nhttps:\/\/www.privacyshield.gov\/participant?id=a2zt0000000TO6hAAG&amp;status=Active<\/p>\n\n\n\n<p>Para Google, ver m\u00e1s en\nhttps:\/\/www.privacyshield.gov\/participant?id=a2zt000000001L5AAI&amp;status=Active<\/p>\n\n\n\n<h3><strong>7. \u00bfDe d\u00f3nde obtenemos\nla informaci\u00f3n personal? <\/strong><\/h3>\n\n\n\n<p>La informaci\u00f3n personal que Ronaldo.com\nA\/S maneja, se origina exclusivamente de las entradas de usuarios en\nhttps:\/\/acefootball.com y las subp\u00e1ginas de este dominio. <\/p>\n\n\n\n<p>Jam\u00e1s recolectamos informaci\u00f3n de\nfuentes que son accesibles de manera p\u00fablica. <\/p>\n\n\n\n<h3><strong>8. Almacenamiento de\ntu Informaci\u00f3n Personal. <\/strong><\/h3>\n\n\n\n<p>Cuando se trata de preguntas por medio\nde correo electr\u00f3nico o en l\u00ednea, almacenamos tu informaci\u00f3n personal por 120\nd\u00edas y despu\u00e9s la borramos de manera permanente. Para la subscripci\u00f3n a nuestro\nNewsletter y cuenta de usuario, la informaci\u00f3n se mantiene durante el tiempo\nque est\u00e9s registrado. Para \u00f3rdenes, la informaci\u00f3n personal ordinaria se\nalmacena durante 5 a\u00f1os, bajo la Ley Danesa de Contabilidad. <\/p>\n\n\n\n<h3><strong>9. Decisiones\nAutom\u00e1ticas, incluyendo el perfil. <\/strong><\/h3>\n\n\n\n<p>No utilizamos perfil autom\u00e1tico.<\/p>\n\n\n\n<h3><strong>10. Derecho a retirar\nel consentimiento.<\/strong><\/h3>\n\n\n\n<p>Te reservamos el derecho de retirar tu\nconsentimiento en cualquier momento. Esto lo puedes hacer al contactarnos\ncuando utilizas los detalles de contacto que se encuentran en la secci\u00f3n 1 en\nla parte de arriba. <\/p>\n\n\n\n<p>Si decides retirar tu consentimiento,\nesto no afecta la legalidad de nuestro proceso de tu informaci\u00f3n personal\nbasado en tu consentimiento previo y hasta la fecha en que lo retiraste. Por lo\ntanto, si retiras tu consentimiento, no entrar\u00e1 en efecto hasta este fecha. <\/p>\n\n\n\n<h3><strong>11. Tus derechos.<\/strong><\/h3>\n\n\n\n<p>Cuentas con una serie de derechos bajo\nel Acta General de Protecci\u00f3n de la Informaci\u00f3n en relaci\u00f3n a nuestro proceso\nde tu informaci\u00f3n personal. <\/p>\n\n\n\n<p>Si deseas ejercer estos derechos, favor\nde contactarnos a la brevedad. <\/p>\n\n\n\n<p>Derecho de ver tu informaci\u00f3n (una vez\ninscrito)<\/p>\n\n\n\n<p>Tienes derecho al conocimiento de la\ninformaci\u00f3n que estamos procesando a cerca de t\u00ed, as\u00ed como una variedad de\ninformaci\u00f3n adicional. <\/p>\n\n\n\n<p>Derecho a la rectificaci\u00f3n (Correcci\u00f3n)<\/p>\n\n\n\n<p>Tienes derecho a corregir informaci\u00f3n\ntuya que consideres err\u00f3nea. <\/p>\n\n\n\n<p>Derecho a borrar<\/p>\n\n\n\n<p>Bajo ciertas circunstancias, tienes\nderecho a borrar tu informaci\u00f3n personal antes de que nuestro proceso de\neliminaci\u00f3n de informaci\u00f3n ocurra. <\/p>\n\n\n\n<p>Derecho de limitaci\u00f3n de procesos<\/p>\n\n\n\n<p>Bajo ciertas circunstancias, tienes\nderecho a limitar el proceso de tu informaci\u00f3n personal. Si tienes derecho de\nlimitar este proceso, en un futuro, s\u00f3lo podremos procesarla &#8211; excepto\nguardarla &#8211; solo con tu consentimiento o el prop\u00f3sito de determinar, reforzar o\ndefender asuntos legales, o con el fin de proteger a una persona e intereses\nsociales de importancia. <\/p>\n\n\n\n<p>Derecho a refutar<\/p>\n\n\n\n<p>Bajo ciertas circunstancias, tienes\nderecho de refutar los procesos leg\u00edtimos nuestros o de terceros de tu\ninformaci\u00f3n personal. Tambi\u00e9n puedes refutar al proceso de tu informaci\u00f3n con\nfines mercadol\u00f3gicos. <\/p>\n\n\n\n<p>Derecho de portabilidad de la\ninformaci\u00f3n<\/p>\n\n\n\n<p>Bajo ciertas circunstancias, tienes\nderecho de recibir tu informaci\u00f3n personal en un formato com\u00fanmente usado y\nestructurado que te permita comprender tu informaci\u00f3n de manera clara. <\/p>\n\n\n\n<p>Puedes leer m\u00e1s a cerca de tus derechos\nen \u201cLos Derechos de la Tem\u00e1tica de la Informaci\u00f3n\u201d dentro de la Autoridad\nNacional Danesa de Protecci\u00f3n de Informaci\u00f3n (Datatilsynet), que encontrar\u00e1s en\nwww.datatilsynet.dk.<\/p>\n\n\n\n<h3><strong>12. Cl\u00e1usula de\nInspecci\u00f3n de Informaci\u00f3n<\/strong><\/h3>\n\n\n\n<p>Tienes derecho de emitir una queja\nformal con Datatilsynet si est\u00e1s inconforme con la manera en la que se procesa\ntu informaci\u00f3n personal. Encontrar\u00e1s la informaci\u00f3n de contacto de Datatilsynet\nen www.datatilsynet.dk<\/p>\n","protected":false},"excerpt":{"rendered":"<p>Informaci\u00f3n a cerca del proceso de nuestra informaci\u00f3n personal, etc. 1. Nosotros controlamos la informaci\u00f3n. \u00bfC\u00f3mo nos puedes contactar? Ronaldo.com A\/S es el Controlador de la Informaci\u00f3n en el proceso de informaci\u00f3n personal. Puedes encontrar la informaci\u00f3n aqu\u00ed: Ronaldo.com A \/ SNordvestvej 319000 AalborgDenmarkVAT No.: 39526646Tel\u00e9fono: +45 31 67 77 76Correo electr\u00f3nico: info@ronaldo.com 2. Contacto [&hellip;]<\/p>\n","protected":false},"author":1,"featured_media":0,"parent":0,"menu_order":0,"comment_status":"closed","ping_status":"closed","template":"","meta":{"om_disable_all_campaigns":false},"yoast_head":"<!-- This site is optimized with the Yoast SEO plugin v18.3 - https:\/\/yoast.com\/wordpress\/plugins\/seo\/ -->\n<title>Pol\u00edtica de privacidad - Ace Football Espa\u00f1ol<\/title>\n<meta name=\"robots\" content=\"index, follow, max-snippet:-1, max-image-preview:large, max-video-preview:-1\" \/>\n<link rel=\"canonical\" href=\"https:\/\/acefootball.com\/es\/politica-de-privacidad\/\" \/>\n<meta property=\"og:locale\" content=\"es_ES\" \/>\n<meta property=\"og:type\" content=\"article\" \/>\n<meta property=\"og:title\" content=\"Pol\u00edtica de privacidad - Ace Football Espa\u00f1ol\" \/>\n<meta property=\"og:description\" content=\"Informaci\u00f3n a cerca del proceso de nuestra informaci\u00f3n personal, etc. 1. Nosotros controlamos la informaci\u00f3n. \u00bfC\u00f3mo nos puedes contactar? Ronaldo.com A\/S es el Controlador de la Informaci\u00f3n en el proceso de informaci\u00f3n personal. Puedes encontrar la informaci\u00f3n aqu\u00ed: Ronaldo.com A \/ SNordvestvej 319000 AalborgDenmarkVAT No.: 39526646Tel\u00e9fono: +45 31 67 77 76Correo electr\u00f3nico: info@ronaldo.com 2. Contacto [&hellip;]\" \/>\n<meta property=\"og:url\" content=\"https:\/\/acefootball.com\/es\/politica-de-privacidad\/\" \/>\n<meta property=\"og:site_name\" content=\"Ace Football Espa\u00f1ol\" \/>\n<meta name=\"twitter:card\" content=\"summary_large_image\" \/>\n<meta name=\"twitter:label1\" content=\"Tiempo de lectura\" \/>\n\t<meta name=\"twitter:data1\" content=\"6 minutos\" \/>\n<script type=\"application\/ld+json\" class=\"yoast-schema-graph\">{\"@context\":\"https:\/\/schema.org\",\"@graph\":[{\"@type\":\"WebSite\",\"@id\":\"https:\/\/acefootball.com\/es\/#website\",\"url\":\"https:\/\/acefootball.com\/es\/\",\"name\":\"Ace Football Espa\u00f1ol\",\"description\":\"News, Betting and Livescore\",\"potentialAction\":[{\"@type\":\"SearchAction\",\"target\":{\"@type\":\"EntryPoint\",\"urlTemplate\":\"https:\/\/acefootball.com\/es\/?s={search_term_string}\"},\"query-input\":\"required name=search_term_string\"}],\"inLanguage\":\"es\"},{\"@type\":\"WebPage\",\"@id\":\"https:\/\/acefootball.com\/es\/politica-de-privacidad\/#webpage\",\"url\":\"https:\/\/acefootball.com\/es\/politica-de-privacidad\/\",\"name\":\"Pol\u00edtica de privacidad - Ace Football Espa\u00f1ol\",\"isPartOf\":{\"@id\":\"https:\/\/acefootball.com\/es\/#website\"},\"datePublished\":\"2020-03-23T07:34:39+00:00\",\"dateModified\":\"2020-03-23T07:34:39+00:00\",\"breadcrumb\":{\"@id\":\"https:\/\/acefootball.com\/es\/politica-de-privacidad\/#breadcrumb\"},\"inLanguage\":\"es\",\"potentialAction\":[{\"@type\":\"ReadAction\",\"target\":[\"https:\/\/acefootball.com\/es\/politica-de-privacidad\/\"]}]},{\"@type\":\"BreadcrumbList\",\"@id\":\"https:\/\/acefootball.com\/es\/politica-de-privacidad\/#breadcrumb\",\"itemListElement\":[{\"@type\":\"ListItem\",\"position\":1,\"name\":\"Home\",\"item\":\"https:\/\/acefootball.com\/es\/\"},{\"@type\":\"ListItem\",\"position\":2,\"name\":\"Pol\u00edtica de privacidad\"}]}]}<\/script>\n<!-- \/ Yoast SEO plugin. -->","yoast_head_json":{"title":"Pol\u00edtica de privacidad - Ace Football Espa\u00f1ol","robots":{"index":"index","follow":"follow","max-snippet":"max-snippet:-1","max-image-preview":"max-image-preview:large","max-video-preview":"max-video-preview:-1"},"canonical":"https:\/\/acefootball.com\/es\/politica-de-privacidad\/","og_locale":"es_ES","og_type":"article","og_title":"Pol\u00edtica de privacidad - Ace Football Espa\u00f1ol","og_description":"Informaci\u00f3n a cerca del proceso de nuestra informaci\u00f3n personal, etc. 1. Nosotros controlamos la informaci\u00f3n. \u00bfC\u00f3mo nos puedes contactar? Ronaldo.com A\/S es el Controlador de la Informaci\u00f3n en el proceso de informaci\u00f3n personal. Puedes encontrar la informaci\u00f3n aqu\u00ed: Ronaldo.com A \/ SNordvestvej 319000 AalborgDenmarkVAT No.: 39526646Tel\u00e9fono: +45 31 67 77 76Correo electr\u00f3nico: info@ronaldo.com 2. Contacto [&hellip;]","og_url":"https:\/\/acefootball.com\/es\/politica-de-privacidad\/","og_site_name":"Ace Football Espa\u00f1ol","twitter_card":"summary_large_image","twitter_misc":{"Tiempo de lectura":"6 minutos"},"schema":{"@context":"https:\/\/schema.org","@graph":[{"@type":"WebSite","@id":"https:\/\/acefootball.com\/es\/#website","url":"https:\/\/acefootball.com\/es\/","name":"Ace Football Espa\u00f1ol","description":"News, Betting and Livescore","potentialAction":[{"@type":"SearchAction","target":{"@type":"EntryPoint","urlTemplate":"https:\/\/acefootball.com\/es\/?s={search_term_string}"},"query-input":"required name=search_term_string"}],"inLanguage":"es"},{"@type":"WebPage","@id":"https:\/\/acefootball.com\/es\/politica-de-privacidad\/#webpage","url":"https:\/\/acefootball.com\/es\/politica-de-privacidad\/","name":"Pol\u00edtica de privacidad - Ace Football Espa\u00f1ol","isPartOf":{"@id":"https:\/\/acefootball.com\/es\/#website"},"datePublished":"2020-03-23T07:34:39+00:00","dateModified":"2020-03-23T07:34:39+00:00","breadcrumb":{"@id":"https:\/\/acefootball.com\/es\/politica-de-privacidad\/#breadcrumb"},"inLanguage":"es","potentialAction":[{"@type":"ReadAction","target":["https:\/\/acefootball.com\/es\/politica-de-privacidad\/"]}]},{"@type":"BreadcrumbList","@id":"https:\/\/acefootball.com\/es\/politica-de-privacidad\/#breadcrumb","itemListElement":[{"@type":"ListItem","position":1,"name":"Home","item":"https:\/\/acefootball.com\/es\/"},{"@type":"ListItem","position":2,"name":"Pol\u00edtica de privacidad"}]}]}},"_links":{"self":[{"href":"https:\/\/acefootball.com\/es\/wp-json\/wp\/v2\/pages\/15"}],"collection":[{"href":"https:\/\/acefootball.com\/es\/wp-json\/wp\/v2\/pages"}],"about":[{"href":"https:\/\/acefootball.com\/es\/wp-json\/wp\/v2\/types\/page"}],"author":[{"embeddable":true,"href":"https:\/\/acefootball.com\/es\/wp-json\/wp\/v2\/users\/1"}],"replies":[{"embeddable":true,"href":"https:\/\/acefootball.com\/es\/wp-json\/wp\/v2\/comments?post=15"}],"version-history":[{"count":0,"href":"https:\/\/acefootball.com\/es\/wp-json\/wp\/v2\/pages\/15\/revisions"}],"wp:attachment":[{"href":"https:\/\/acefootball.com\/es\/wp-json\/wp\/v2\/media?parent=15"}],"curies":[{"name":"wp","href":"https:\/\/api.w.org\/{rel}","templated":true}]}}