{"id":10,"date":"2020-03-23T07:30:20","date_gmt":"2020-03-23T07:30:20","guid":{"rendered":"https:\/\/acefootball.com\/es\/?page_id=10"},"modified":"2020-10-01T11:16:19","modified_gmt":"2020-10-01T11:16:19","slug":"a-cerca-de","status":"publish","type":"page","link":"https:\/\/acefootball.com\/es\/a-cerca-de\/","title":{"rendered":"A cerca de"},"content":{"rendered":"\n<p>Ace Football es un medio de comunicaci\u00f3n global deportivo dedicado a producir contenido sobre el f\u00fatbol mundial de la m\u00e1s alta calidad d\u00eda tras d\u00eda.<\/p>\n\n\n\n<h2><strong>Nuestro nombre<\/strong><\/h2>\n\n\n\n<p>Ace Football era conocido anteriormente como ronaldo.com, pero cambi\u00f3 de nombre en el verano de 2020. Si bien amamos nuestro nombre anterior y lo que representaba, el cambio se realiz\u00f3 para garantizar que la gente no nos confundiera con una web de fans. El nombre Ace Football representa un enfoque moderno para cubrir los muchos aspectos del f\u00fatbol internacional.<\/p>\n\n\n\n<h2><strong>Nuestra historia<\/strong><\/h2>\n\n\n\n<p>Ace Football se estableci\u00f3 en el a\u00f1o 2016 y tiene base en Aalborg, Dinamarca. Durante las fases iniciales, sol\u00edamos operar exclusivamente en el mercado dan\u00e9s y cubr\u00edamos noticias en ese idioma. Sin embargo, las ambiciones de nuestra empresa crecieron junto con la expansi\u00f3n de nuestro equipo. Siempre hemos cre\u00eddo que existe un gran potencial para la expansi\u00f3n a mercados for\u00e1neos y as\u00ed logramos involucrar a inversionistas en 2018. Gracias al apoyo de una gran empresa de Dinamarca, pudimos asegurar los fondos para la expansi\u00f3n del proyecto.<\/p>\n\n\n\n<p>El a\u00f1o 2019 ha sido crucial para Ace Football por diversas razones. A principios de a\u00f1o, la compa\u00f1\u00eda lanz\u00f3 un plan completo de internacionalizaci\u00f3n. La junta directiva contrat\u00f3 a un nuevo director general durante ese a\u00f1o y varios empleados con experiencia previa en los medios se incorporaron al equipo. La compa\u00f1\u00eda cambi\u00f3 su estrategia de negocios general, as\u00ed como los procesos de trabajo y el plan de producci\u00f3n. Ace Football revel\u00f3 una nueva identidad, un nuevo logo, un nuevo dise\u00f1o y muchas otras funciones recientes. Aparte de lo previamente mencionado, la empresa lanz\u00f3 una nueva versi\u00f3n para la p\u00e1gina web y nuestra innovadora app.<\/p>\n\n\n\n<p>Junto a las nuevas inversiones y la modernizaci\u00f3n en pleno crecimiento, as\u00ed como una nueva identidad y una manera \u00fanica de producir noticias sobre f\u00fatbol; Ace Football se encuentra en una trayectoria de crecimiento ascendente. La visi\u00f3n de la compa\u00f1\u00eda es hacerse m\u00e1s fuerte de cara a los mercados actuales, as\u00ed como expandirse a\u00fan m\u00e1s hacia nuevos mercados. La intenci\u00f3n es tambi\u00e9n proveer contenido sobre f\u00fatbol \u00fanico y de una calidad inigualable en todas las plataformas digitales y en una gran variedad de idiomas, todo en un futuro cercano.<\/p>\n\n\n\n<h2><strong>Etapa actual<\/strong><\/h2>\n\n\n\n<p>En estos momentos, Ace Football se dedica a crear contenido en dan\u00e9s, ingl\u00e9s y espa\u00f1ol. La intenci\u00f3n es intentar entrar al mercado en espa\u00f1ol durante el a\u00f1o 2020. La producci\u00f3n de contenido se concentra principalmente en crear noticias de \u00faltima hora y art\u00edculos especiales a cerca de los temas m\u00e1s populares del f\u00fatbol internacional. La mayor\u00eda de nuestros lectores vienen de Dinamarca y de pa\u00edses de habla inglesa dentro de Europa, Am\u00e9rica del Norte, \u00c1frica y Asia. Nuestro sitio web y nuestra aplicaci\u00f3n son utilizados por millones de usuarios cada temporada. Cada temporada aumentan los seguidores de nuestra web y nuestra app, habiendo conseguido a d\u00eda de hoy que nos visiten millones de usuarios.<\/p>\n\n\n\n<h2><strong>Nuestra misi\u00f3n<\/strong><\/h2>\n\n\n\n<p>Estamos enteramente dedicados a la informaci\u00f3n detallada de los mejores jugadores, los mejores equipos y las mejores competiciones a nivel mundial. Nuestra intenci\u00f3n es proporcionar las mejores noticias y las de \u00faltima, con el fin de entretener todos los aficionados de esta industria, sin que se pierdan ning\u00fan acontecimiento relevante.<\/p>\n\n\n\n<h2><strong>Nuestra visi\u00f3n<\/strong><\/h2>\n\n\n\n<p>Luchamos para convertirnos en el \u00fanico medio de comunicaci\u00f3n deportivo que proveer\u00e1 noticias tanto mundiales como locales en una variada selecci\u00f3n de pa\u00edses e idiomas en todo el mundo. Realmente nos vemos convirti\u00e9ndonos en una de las m\u00e1s grandes plataformas de f\u00fatbol del planeta, en la que nuestro contenido completo tenga un f\u00e1cil acceso para cualquier usuario.<\/p>\n","protected":false},"excerpt":{"rendered":"<p>Ace Football es un medio de comunicaci\u00f3n global deportivo dedicado a producir contenido sobre el f\u00fatbol mundial de la m\u00e1s alta calidad d\u00eda tras d\u00eda. Nuestro nombre Ace Football era conocido anteriormente como ronaldo.com, pero cambi\u00f3 de nombre en el verano de 2020. Si bien amamos nuestro nombre anterior y lo que representaba, el cambio [&hellip;]<\/p>\n","protected":false},"author":1,"featured_media":0,"parent":0,"menu_order":0,"comment_status":"closed","ping_status":"closed","template":"","meta":{"om_disable_all_campaigns":false},"yoast_head":"<!-- This site is optimized with the Yoast SEO plugin v18.3 - https:\/\/yoast.com\/wordpress\/plugins\/seo\/ -->\n<title>A cerca de - Ace Football Espa\u00f1ol<\/title>\n<meta name=\"robots\" content=\"index, follow, max-snippet:-1, max-image-preview:large, max-video-preview:-1\" \/>\n<link rel=\"canonical\" href=\"https:\/\/acefootball.com\/es\/a-cerca-de\/\" \/>\n<meta property=\"og:locale\" content=\"es_ES\" \/>\n<meta property=\"og:type\" content=\"article\" \/>\n<meta property=\"og:title\" content=\"A cerca de - Ace Football Espa\u00f1ol\" \/>\n<meta property=\"og:description\" content=\"Ace Football es un medio de comunicaci\u00f3n global deportivo dedicado a producir contenido sobre el f\u00fatbol mundial de la m\u00e1s alta calidad d\u00eda tras d\u00eda. Nuestro nombre Ace Football era conocido anteriormente como ronaldo.com, pero cambi\u00f3 de nombre en el verano de 2020. Si bien amamos nuestro nombre anterior y lo que representaba, el cambio [&hellip;]\" \/>\n<meta property=\"og:url\" content=\"https:\/\/acefootball.com\/es\/a-cerca-de\/\" \/>\n<meta property=\"og:site_name\" content=\"Ace Football Espa\u00f1ol\" \/>\n<meta property=\"article:modified_time\" content=\"2020-10-01T11:16:19+00:00\" \/>\n<meta name=\"twitter:card\" content=\"summary_large_image\" \/>\n<meta name=\"twitter:label1\" content=\"Tiempo de lectura\" \/>\n\t<meta name=\"twitter:data1\" content=\"3 minutos\" \/>\n<script type=\"application\/ld+json\" class=\"yoast-schema-graph\">{\"@context\":\"https:\/\/schema.org\",\"@graph\":[{\"@type\":\"WebSite\",\"@id\":\"https:\/\/acefootball.com\/es\/#website\",\"url\":\"https:\/\/acefootball.com\/es\/\",\"name\":\"Ace Football Espa\u00f1ol\",\"description\":\"News, Betting and Livescore\",\"potentialAction\":[{\"@type\":\"SearchAction\",\"target\":{\"@type\":\"EntryPoint\",\"urlTemplate\":\"https:\/\/acefootball.com\/es\/?s={search_term_string}\"},\"query-input\":\"required name=search_term_string\"}],\"inLanguage\":\"es\"},{\"@type\":\"WebPage\",\"@id\":\"https:\/\/acefootball.com\/es\/a-cerca-de\/#webpage\",\"url\":\"https:\/\/acefootball.com\/es\/a-cerca-de\/\",\"name\":\"A cerca de - Ace Football Espa\u00f1ol\",\"isPartOf\":{\"@id\":\"https:\/\/acefootball.com\/es\/#website\"},\"datePublished\":\"2020-03-23T07:30:20+00:00\",\"dateModified\":\"2020-10-01T11:16:19+00:00\",\"breadcrumb\":{\"@id\":\"https:\/\/acefootball.com\/es\/a-cerca-de\/#breadcrumb\"},\"inLanguage\":\"es\",\"potentialAction\":[{\"@type\":\"ReadAction\",\"target\":[\"https:\/\/acefootball.com\/es\/a-cerca-de\/\"]}]},{\"@type\":\"BreadcrumbList\",\"@id\":\"https:\/\/acefootball.com\/es\/a-cerca-de\/#breadcrumb\",\"itemListElement\":[{\"@type\":\"ListItem\",\"position\":1,\"name\":\"Home\",\"item\":\"https:\/\/acefootball.com\/es\/\"},{\"@type\":\"ListItem\",\"position\":2,\"name\":\"A cerca de\"}]}]}<\/script>\n<!-- \/ Yoast SEO plugin. -->","yoast_head_json":{"title":"A cerca de - Ace Football Espa\u00f1ol","robots":{"index":"index","follow":"follow","max-snippet":"max-snippet:-1","max-image-preview":"max-image-preview:large","max-video-preview":"max-video-preview:-1"},"canonical":"https:\/\/acefootball.com\/es\/a-cerca-de\/","og_locale":"es_ES","og_type":"article","og_title":"A cerca de - Ace Football Espa\u00f1ol","og_description":"Ace Football es un medio de comunicaci\u00f3n global deportivo dedicado a producir contenido sobre el f\u00fatbol mundial de la m\u00e1s alta calidad d\u00eda tras d\u00eda. Nuestro nombre Ace Football era conocido anteriormente como ronaldo.com, pero cambi\u00f3 de nombre en el verano de 2020. Si bien amamos nuestro nombre anterior y lo que representaba, el cambio [&hellip;]","og_url":"https:\/\/acefootball.com\/es\/a-cerca-de\/","og_site_name":"Ace Football Espa\u00f1ol","article_modified_time":"2020-10-01T11:16:19+00:00","twitter_card":"summary_large_image","twitter_misc":{"Tiempo de lectura":"3 minutos"},"schema":{"@context":"https:\/\/schema.org","@graph":[{"@type":"WebSite","@id":"https:\/\/acefootball.com\/es\/#website","url":"https:\/\/acefootball.com\/es\/","name":"Ace Football Espa\u00f1ol","description":"News, Betting and Livescore","potentialAction":[{"@type":"SearchAction","target":{"@type":"EntryPoint","urlTemplate":"https:\/\/acefootball.com\/es\/?s={search_term_string}"},"query-input":"required name=search_term_string"}],"inLanguage":"es"},{"@type":"WebPage","@id":"https:\/\/acefootball.com\/es\/a-cerca-de\/#webpage","url":"https:\/\/acefootball.com\/es\/a-cerca-de\/","name":"A cerca de - Ace Football Espa\u00f1ol","isPartOf":{"@id":"https:\/\/acefootball.com\/es\/#website"},"datePublished":"2020-03-23T07:30:20+00:00","dateModified":"2020-10-01T11:16:19+00:00","breadcrumb":{"@id":"https:\/\/acefootball.com\/es\/a-cerca-de\/#breadcrumb"},"inLanguage":"es","potentialAction":[{"@type":"ReadAction","target":["https:\/\/acefootball.com\/es\/a-cerca-de\/"]}]},{"@type":"BreadcrumbList","@id":"https:\/\/acefootball.com\/es\/a-cerca-de\/#breadcrumb","itemListElement":[{"@type":"ListItem","position":1,"name":"Home","item":"https:\/\/acefootball.com\/es\/"},{"@type":"ListItem","position":2,"name":"A cerca de"}]}]}},"_links":{"self":[{"href":"https:\/\/acefootball.com\/es\/wp-json\/wp\/v2\/pages\/10"}],"collection":[{"href":"https:\/\/acefootball.com\/es\/wp-json\/wp\/v2\/pages"}],"about":[{"href":"https:\/\/acefootball.com\/es\/wp-json\/wp\/v2\/types\/page"}],"author":[{"embeddable":true,"href":"https:\/\/acefootball.com\/es\/wp-json\/wp\/v2\/users\/1"}],"replies":[{"embeddable":true,"href":"https:\/\/acefootball.com\/es\/wp-json\/wp\/v2\/comments?post=10"}],"version-history":[{"count":0,"href":"https:\/\/acefootball.com\/es\/wp-json\/wp\/v2\/pages\/10\/revisions"}],"wp:attachment":[{"href":"https:\/\/acefootball.com\/es\/wp-json\/wp\/v2\/media?parent=10"}],"curies":[{"name":"wp","href":"https:\/\/api.w.org\/{rel}","templated":true}]}}