{"id":8,"date":"2018-08-14T10:03:43","date_gmt":"2018-08-14T08:03:43","guid":{"rendered":"https:\/\/acefootball.com\/da\/?page_id=8"},"modified":"2018-08-14T10:03:43","modified_gmt":"2018-08-14T08:03:43","slug":"persondatapolitik","status":"publish","type":"page","link":"https:\/\/acefootball.com\/da\/persondatapolitik\/","title":{"rendered":"Persondatapolitik"},"content":{"rendered":"<p>Oplysninger om vores behandling af dine personoplysninger mv.<\/p>\n<h3>1. Vi er den dataansvarlige \u2013 hvordan kontakter du os?<\/h3>\n<p>Ronaldo.com A\/S er dataansvarlig for behandlingen af personoplysninger. Du finder vores kontaktoplysninger her:<\/p>\n<p>Ronaldo.com A\/S<br \/>\nNordvestvej 31 9000 Aalborg<br \/>\nCVR-nr.: 39526646<br \/>\nTelefon: 31 67 77 76<br \/>\nMail: info@ronaldo.com<\/p>\n<h3>2. Kontaktoplysninger p\u00e5 databeskyttelsesr\u00e5dgiveren<\/h3>\n<p>Hvis du har sp\u00f8rgsm\u00e5l til vores behandling af dine oplysninger, er du altid velkommen til at kontakte vores databeskyttelsesr\u00e5dgiver.<\/p>\n<p>Du kan kontakte vores databeskyttelsesr\u00e5dgiver Reka Solt\u00e9sz p\u00e5 f\u00f8lgende m\u00e5der:<\/p>\n<ul>\n<li>P\u00e5 e-mail: res@ronaldo.com<\/li>\n<li>P\u00e5 telefon: +45 31 67 77 76<\/li>\n<li>Ved brev: Ronaldo.com A\/S, Nordvestvej 31, 9000 Aalborg, att.: Rasmus N\u00f8rgaard<\/li>\n<\/ul>\n<h3>3. Form\u00e5lene med behandlingen af dine personoplysninger<\/h3>\n<p>Vi behandler dine personoplysninger til f\u00f8lgende form\u00e5l:<\/p>\n<ul>\n<li>IT-sikkerhed \u2013 IP-adresser logges midlertidigt i 15 minutter for at sikre imod bruteforce-fors\u00f8g p\u00e5 loginside til backend, samt for at blokere brugere der fors\u00f8ger at tilg\u00e5 sider der ikke eksisterer.<\/li>\n<li>Alle henvendelser vi modtager via vores kontaktformular lagres minimum indtil der er afsendt svar fra Ronaldo.com, dog i maksimum 120 dage, hvorefter de slettes permanent.<\/li>\n<li>Udsendelse af nyhedsbreve<\/li>\n<li>Give bes\u00f8gende mulighed for livechat<\/li>\n<li>Mulighed for at kommentere p\u00e5 forum<\/li>\n<li>Note: Google Analytics benyttes til at forbedre brugeroplevelsen og andre statistiske form\u00e5l. Ronaldo.com A\/S har valgt at anonymisere din ip-adresse i forhold til Google Analytics, s\u00e5 Google Analytics derfor IKKE logger\/lagrer din ip-adresse n\u00e5r du bes\u00f8ger https:\/\/acefootball.com<\/li>\n<\/ul>\n<h3>4. Kategorier af personoplysninger<\/h3>\n<p>Vi behandler f\u00f8lgende kategorier af personoplysninger om dig:<\/p>\n<ul>\n<li>Almindelige personoplysninger som navn, adresse, e-mail, telefonnummer og ip-adresse.<\/li>\n<li>Vi behandler, lagrer eller opbevarer ingen personf\u00f8lsomme oplysninger s\u00e5 som straffedomme, lovovertr\u00e6delse, religion eller seksualitet.<\/li>\n<\/ul>\n<h3>5. Modtagere eller kategorier af modtagere<\/h3>\n<p>Vi videregiver eller overlader dine personoplysninger til f\u00f8lgende modtagere:<\/p>\n<p>* Mailchimp, som er et brand under The Rocket Science Group, LLC, 675 Ponce de Leon Ave NE, Suite 5000, Atlanta, GA 30308 USA. Mailchimp benyttes til udsendelse af nyhedsbreve, og vi videregiver I den forbindelse din e-mailadresse s\u00e5fremt du er tilmeldt Ronaldo.com A\/S\u00b4 nyhedsbrev.<\/p>\n<p>* Sleeknote Aps, Jens Baggesens vej 90A, 8200 Aarhus, DK. Sleeknote benyttes til pop up og der videregives navn, e-mail og i nogle tilf\u00e6lde telefonnummer.<\/p>\n<p>*\u00a0WP ENGINE, Irongate House, 22-30 Dukes Pl, London EC3A 7LP, UK. WP ENGINE hoster hjemmesiden https:\/\/acefootball.com. Her behandles data fra vores kontaktformular, brugerkonti, emails samt midlertidig behandling af ip-adresser i forbindelse med it-sikkerhed.<\/p>\n<p>* Google LLC, 1600 Amphitheatre Parkway in Mountain View, California, United States. Google Analytics benyttes udelukkende til webstatistik, og vi har aktivt fravalgt at Google Analytics lagrer din ip-adresse, eller andre direkte personidentificerbare informationer.<\/p>\n<h3>6. Overf\u00f8rsel til modtagere i tredjelande, herunder internationale organisationer.<\/h3>\n<p>Vi overf\u00f8rer nogle f\u00e5 af dine personoplysninger til modtagere uden for EU og E\u00d8S.<\/p>\n<p>Det drejer sig om Mailchimp inc., og Google LLC som alle er beliggende i USA.<\/p>\n<p>Vi kan oplyse, at kommissionen har truffet afg\u00f8relse om tilstr\u00e6kkeligheden af beskyttelsesniveauet i henhold til databeskyttelsesforordningens artikel 46, 47 eller 49, stk. 1, andet afsnit, for alle virksomheder.<\/p>\n<p>For Mailchimp, se mere p\u00e5 https:\/\/www.privacyshield.gov\/participant?id=a2zt0000000TO6hAAG&amp;status=Active<\/p>\n<p>For Google, se mere p\u00e5 https:\/\/www.privacyshield.gov\/participant?id=a2zt000000001L5AAI&amp;status=Active<\/p>\n<h3>7. Hvor dine personoplysninger stammer fra<\/h3>\n<p>De almindelige persondata Ronaldo.com A\/S behandler stammer udelukkende fra brugernes egne indtastninger p\u00e5 https:\/\/acefootball.com og undersider til denne.<\/p>\n<p>Vi indhenter ikke data fra offentligt tilg\u00e6ngelige kilder.<\/p>\n<h3>8. Opbevaring af dine personoplysninger<\/h3>\n<p>Vi opbevarer dine personoplysninger i maksimum 120 dage n\u00e5r det g\u00e6lder henvendelser via formular og email, og derefter slettes alt data permanent. For tilmelding til nyhedsbrev og brugerkonto opbevares data s\u00e5 l\u00e6nge du er tilmeldt. For bestillinger lagres almindelige persondata i 5 \u00e5r j.f. bogf\u00f8ringsloven.<\/p>\n<h3>9. Automatiske afg\u00f8relser, herunder profilering<\/h3>\n<p>Vi anvender ikke automatisk profilering.<\/p>\n<h3>10. Retten til at tr\u00e6kke samtykke tilbage<\/h3>\n<p>Du har til enhver tid ret til at tr\u00e6kke dit samtykke tilbage. Dette kan du g\u00f8re ved at kontakte os p\u00e5 de kontaktoplysninger, der fremg\u00e5r ovenfor i punkt 1.<\/p>\n<p>Hvis du v\u00e6lger at tr\u00e6kke dit samtykke tilbage, p\u00e5virker det ikke lovligheden af vores behandling af dine personoplysninger p\u00e5 baggrund af dit tidligere meddelte samtykke og op til tidspunktet for tilbagetr\u00e6kningen. Hvis du tilbagetr\u00e6kker dit samtykke, har det derfor f\u00f8rst virkning fra dette tidspunkt.<\/p>\n<h3>11.Dine rettigheder<\/h3>\n<p>Du har efter databeskyttelsesforordningen en r\u00e6kke rettigheder i forhold til vores behandling af oplysninger om dig.<\/p>\n<p>Hvis du vil g\u00f8re brug af dine rettigheder skal du kontakte os.<\/p>\n<h5>Ret til at se oplysninger (indsigtsret)<\/h5>\n<p>Du har ret til at f\u00e5 indsigt i de oplysninger, som vi behandler om dig, samt en r\u00e6kke yderligere oplysninger.<\/p>\n<h5>Ret til berigtigelse (rettelse)<\/h5>\n<p>Du har ret til at f\u00e5 urigtige oplysninger om dig selv rettet.<\/p>\n<h5>Ret til sletning<\/h5>\n<p>I s\u00e6rlige tilf\u00e6lde har du ret til at f\u00e5 slettet oplysninger om dig, inden tidspunktet for vores almindelige generelle sletning indtr\u00e6ffer.<\/p>\n<h5>Ret til begr\u00e6nsning af behandling<\/h5>\n<p>Du har visse tilf\u00e6lde ret til at f\u00e5 behandlingen af dine personoplysninger begr\u00e6nset. Hvis du har ret til at f\u00e5 begr\u00e6nset behandlingen, m\u00e5 vi fremover kun behandle oplysningerne \u2013 bortset fra opbevaring \u2013 med dit samtykke, eller med henblik p\u00e5 at retskrav kan fastl\u00e6gges, g\u00f8res g\u00e6ldende eller forsvares, eller for at beskytte en person eller vigtige samfundsinteresser.<\/p>\n<h5>Ret til indsigelse<\/h5>\n<p>Du har i visse tilf\u00e6lde ret til at g\u00f8re indsigelse mod vores eller lovlige behandling af dine personoplysninger. Du kan ogs\u00e5 g\u00f8re indsigelse mod behandling af dine oplysninger til direkte markedsf\u00f8ring.<\/p>\n<h5>Ret til at transmittere oplysninger (dataportabilitet)<\/h5>\n<p>Du har i visse tilf\u00e6lde ret til at modtage dine personoplysninger i et struktureret, almindeligt anvendt og maskinl\u00e6sbart format samt at f\u00e5 overf\u00f8rt disse personoplysninger fra \u00e9n dataansvarlig til en anden uden hindring.<\/p>\n<p>Du kan l\u00e6se mere om dine rettigheder i Datatilsynets vejledning om de registreredes rettigheder, som du finder p\u00e5 www.datatilsynet.dk.<\/p>\n<h3>12.Klage til Datatilsynet<\/h3>\n<p>Du har ret til at indgive en klage til Datatilsynet, hvis du er utilfreds med den m\u00e5de, vi behandler dine personoplysninger p\u00e5. Du finder Datatilsynets kontaktoplysninger p\u00e5 www.datatilsynet.dk.<\/p>\n","protected":false},"excerpt":{"rendered":"<p>Oplysninger om vores behandling af dine personoplysninger mv. 1. Vi er den dataansvarlige \u2013 hvordan kontakter du os? Ronaldo.com A\/S er dataansvarlig for behandlingen af personoplysninger. Du finder vores kontaktoplysninger her: Ronaldo.com A\/S Nordvestvej 31 9000 Aalborg CVR-nr.: 39526646 Telefon: 31 67 77 76 Mail: info@ronaldo.com 2. Kontaktoplysninger p\u00e5 databeskyttelsesr\u00e5dgiveren Hvis du har sp\u00f8rgsm\u00e5l til [&hellip;]<\/p>\n","protected":false},"author":1,"featured_media":2,"parent":0,"menu_order":0,"comment_status":"closed","ping_status":"closed","template":"","meta":{"om_disable_all_campaigns":false},"yoast_head":"<!-- This site is optimized with the Yoast SEO plugin v18.3 - https:\/\/yoast.com\/wordpress\/plugins\/seo\/ -->\n<title>Persondatapolitik (GDPR) - L\u00e6s hvordan vi behandler data<\/title>\n<meta name=\"description\" content=\"Hos Ronaldo.com tager vi persondatapolitik ganske seri\u00f8st. Her p\u00e5 siden kan du l\u00e6se hvordan vi behandler data. Kontakt os endelig hvis du har sp\u00f8rgsm\u00e5l.\" \/>\n<meta name=\"robots\" content=\"noindex, follow\" \/>\n<meta property=\"og:locale\" content=\"en_US\" \/>\n<meta property=\"og:type\" content=\"article\" \/>\n<meta property=\"og:title\" content=\"Persondatapolitik (GDPR) - L\u00e6s hvordan vi behandler data\" \/>\n<meta property=\"og:description\" content=\"Hos Ronaldo.com tager vi persondatapolitik ganske seri\u00f8st. Her p\u00e5 siden kan du l\u00e6se hvordan vi behandler data. Kontakt os endelig hvis du har sp\u00f8rgsm\u00e5l.\" \/>\n<meta property=\"og:url\" content=\"https:\/\/acefootball.com\/da\/persondatapolitik\/\" \/>\n<meta property=\"og:site_name\" content=\"Ace Football Danmark\" \/>\n<meta property=\"article:publisher\" content=\"https:\/\/www.facebook.com\/acefootballdk\" \/>\n<meta name=\"twitter:card\" content=\"summary_large_image\" \/>\n<meta name=\"twitter:label1\" content=\"Est. reading time\" \/>\n\t<meta name=\"twitter:data1\" content=\"5 minutes\" \/>\n<script type=\"application\/ld+json\" class=\"yoast-schema-graph\">{\"@context\":\"https:\/\/schema.org\",\"@graph\":[{\"@type\":\"Organization\",\"@id\":\"https:\/\/acefootball.com\/da\/#organization\",\"name\":\"Ace Football\",\"url\":\"https:\/\/acefootball.com\/da\/\",\"sameAs\":[\"https:\/\/www.facebook.com\/acefootballdk\"],\"logo\":{\"@type\":\"ImageObject\",\"@id\":\"https:\/\/acefootball.com\/da\/#logo\",\"inLanguage\":\"en-US\",\"url\":\"https:\/\/acefootball.com\/da\/wp-content\/uploads\/sites\/2\/2020\/07\/Ace-Football-30-07-2020-2.png\",\"contentUrl\":\"https:\/\/acefootball.com\/da\/wp-content\/uploads\/sites\/2\/2020\/07\/Ace-Football-30-07-2020-2.png\",\"width\":1200,\"height\":600,\"caption\":\"Ace Football\"},\"image\":{\"@id\":\"https:\/\/acefootball.com\/da\/#logo\"}},{\"@type\":\"WebSite\",\"@id\":\"https:\/\/acefootball.com\/da\/#website\",\"url\":\"https:\/\/acefootball.com\/da\/\",\"name\":\"Ace Football Danmark\",\"description\":\"Nyheder, Spiltips &amp; Livescore\",\"publisher\":{\"@id\":\"https:\/\/acefootball.com\/da\/#organization\"},\"potentialAction\":[{\"@type\":\"SearchAction\",\"target\":{\"@type\":\"EntryPoint\",\"urlTemplate\":\"https:\/\/acefootball.com\/da\/?s={search_term_string}\"},\"query-input\":\"required name=search_term_string\"}],\"inLanguage\":\"en-US\"},{\"@type\":\"ImageObject\",\"@id\":\"https:\/\/acefootball.com\/da\/persondatapolitik\/#primaryimage\",\"inLanguage\":\"en-US\",\"url\":\"\",\"contentUrl\":\"\"},{\"@type\":\"WebPage\",\"@id\":\"https:\/\/acefootball.com\/da\/persondatapolitik\/#webpage\",\"url\":\"https:\/\/acefootball.com\/da\/persondatapolitik\/\",\"name\":\"Persondatapolitik (GDPR) - L\u00e6s hvordan vi behandler data\",\"isPartOf\":{\"@id\":\"https:\/\/acefootball.com\/da\/#website\"},\"primaryImageOfPage\":{\"@id\":\"https:\/\/acefootball.com\/da\/persondatapolitik\/#primaryimage\"},\"datePublished\":\"2018-08-14T08:03:43+00:00\",\"dateModified\":\"2018-08-14T08:03:43+00:00\",\"description\":\"Hos Ronaldo.com tager vi persondatapolitik ganske seri\u00f8st. Her p\u00e5 siden kan du l\u00e6se hvordan vi behandler data. Kontakt os endelig hvis du har sp\u00f8rgsm\u00e5l.\",\"breadcrumb\":{\"@id\":\"https:\/\/acefootball.com\/da\/persondatapolitik\/#breadcrumb\"},\"inLanguage\":\"en-US\",\"potentialAction\":[{\"@type\":\"ReadAction\",\"target\":[\"https:\/\/acefootball.com\/da\/persondatapolitik\/\"]}]},{\"@type\":\"BreadcrumbList\",\"@id\":\"https:\/\/acefootball.com\/da\/persondatapolitik\/#breadcrumb\",\"itemListElement\":[{\"@type\":\"ListItem\",\"position\":1,\"name\":\"Home\",\"item\":\"https:\/\/acefootball.com\/da\/\"},{\"@type\":\"ListItem\",\"position\":2,\"name\":\"Persondatapolitik\"}]}]}<\/script>\n<!-- \/ Yoast SEO plugin. -->","yoast_head_json":{"title":"Persondatapolitik (GDPR) - L\u00e6s hvordan vi behandler data","description":"Hos Ronaldo.com tager vi persondatapolitik ganske seri\u00f8st. Her p\u00e5 siden kan du l\u00e6se hvordan vi behandler data. Kontakt os endelig hvis du har sp\u00f8rgsm\u00e5l.","robots":{"index":"noindex","follow":"follow"},"og_locale":"en_US","og_type":"article","og_title":"Persondatapolitik (GDPR) - L\u00e6s hvordan vi behandler data","og_description":"Hos Ronaldo.com tager vi persondatapolitik ganske seri\u00f8st. Her p\u00e5 siden kan du l\u00e6se hvordan vi behandler data. Kontakt os endelig hvis du har sp\u00f8rgsm\u00e5l.","og_url":"https:\/\/acefootball.com\/da\/persondatapolitik\/","og_site_name":"Ace Football Danmark","article_publisher":"https:\/\/www.facebook.com\/acefootballdk","twitter_card":"summary_large_image","twitter_misc":{"Est. reading time":"5 minutes"},"schema":{"@context":"https:\/\/schema.org","@graph":[{"@type":"Organization","@id":"https:\/\/acefootball.com\/da\/#organization","name":"Ace Football","url":"https:\/\/acefootball.com\/da\/","sameAs":["https:\/\/www.facebook.com\/acefootballdk"],"logo":{"@type":"ImageObject","@id":"https:\/\/acefootball.com\/da\/#logo","inLanguage":"en-US","url":"https:\/\/acefootball.com\/da\/wp-content\/uploads\/sites\/2\/2020\/07\/Ace-Football-30-07-2020-2.png","contentUrl":"https:\/\/acefootball.com\/da\/wp-content\/uploads\/sites\/2\/2020\/07\/Ace-Football-30-07-2020-2.png","width":1200,"height":600,"caption":"Ace Football"},"image":{"@id":"https:\/\/acefootball.com\/da\/#logo"}},{"@type":"WebSite","@id":"https:\/\/acefootball.com\/da\/#website","url":"https:\/\/acefootball.com\/da\/","name":"Ace Football Danmark","description":"Nyheder, Spiltips &amp; Livescore","publisher":{"@id":"https:\/\/acefootball.com\/da\/#organization"},"potentialAction":[{"@type":"SearchAction","target":{"@type":"EntryPoint","urlTemplate":"https:\/\/acefootball.com\/da\/?s={search_term_string}"},"query-input":"required name=search_term_string"}],"inLanguage":"en-US"},{"@type":"ImageObject","@id":"https:\/\/acefootball.com\/da\/persondatapolitik\/#primaryimage","inLanguage":"en-US","url":"","contentUrl":""},{"@type":"WebPage","@id":"https:\/\/acefootball.com\/da\/persondatapolitik\/#webpage","url":"https:\/\/acefootball.com\/da\/persondatapolitik\/","name":"Persondatapolitik (GDPR) - L\u00e6s hvordan vi behandler data","isPartOf":{"@id":"https:\/\/acefootball.com\/da\/#website"},"primaryImageOfPage":{"@id":"https:\/\/acefootball.com\/da\/persondatapolitik\/#primaryimage"},"datePublished":"2018-08-14T08:03:43+00:00","dateModified":"2018-08-14T08:03:43+00:00","description":"Hos Ronaldo.com tager vi persondatapolitik ganske seri\u00f8st. Her p\u00e5 siden kan du l\u00e6se hvordan vi behandler data. Kontakt os endelig hvis du har sp\u00f8rgsm\u00e5l.","breadcrumb":{"@id":"https:\/\/acefootball.com\/da\/persondatapolitik\/#breadcrumb"},"inLanguage":"en-US","potentialAction":[{"@type":"ReadAction","target":["https:\/\/acefootball.com\/da\/persondatapolitik\/"]}]},{"@type":"BreadcrumbList","@id":"https:\/\/acefootball.com\/da\/persondatapolitik\/#breadcrumb","itemListElement":[{"@type":"ListItem","position":1,"name":"Home","item":"https:\/\/acefootball.com\/da\/"},{"@type":"ListItem","position":2,"name":"Persondatapolitik"}]}]}},"_links":{"self":[{"href":"https:\/\/acefootball.com\/da\/wp-json\/wp\/v2\/pages\/8"}],"collection":[{"href":"https:\/\/acefootball.com\/da\/wp-json\/wp\/v2\/pages"}],"about":[{"href":"https:\/\/acefootball.com\/da\/wp-json\/wp\/v2\/types\/page"}],"author":[{"embeddable":true,"href":"https:\/\/acefootball.com\/da\/wp-json\/wp\/v2\/users\/1"}],"replies":[{"embeddable":true,"href":"https:\/\/acefootball.com\/da\/wp-json\/wp\/v2\/comments?post=8"}],"version-history":[{"count":0,"href":"https:\/\/acefootball.com\/da\/wp-json\/wp\/v2\/pages\/8\/revisions"}],"wp:featuredmedia":[{"embeddable":true,"href":"https:\/\/acefootball.com\/da\/wp-json\/wp\/v2\/media\/2"}],"wp:attachment":[{"href":"https:\/\/acefootball.com\/da\/wp-json\/wp\/v2\/media?parent=8"}],"curies":[{"name":"wp","href":"https:\/\/api.w.org\/{rel}","templated":true}]}}