{"id":69,"date":"2020-07-17T09:03:02","date_gmt":"2020-07-17T07:03:02","guid":{"rendered":"https:\/\/acefootball.com\/da\/?page_id=69"},"modified":"2020-09-07T09:33:27","modified_gmt":"2020-09-07T07:33:27","slug":"betfair","status":"publish","type":"page","link":"https:\/\/acefootball.com\/da\/spiltips\/velkomstbonus\/betfair\/","title":{"rendered":"Betfair anmeldelse"},"content":{"rendered":"\n<p>Betfair er en britisk bookmaker, som blev stiftet i \u00e5r 2000. Med mere end 1800 medarbejdere og 4 millioner kunder, er Betfair indehaver af verdens st\u00f8rste spilleb\u00f8rs. Betfair har ogs\u00e5 online casino og den mere traditionelle form for sports betting, hvor man oddser mod en bookmaker.<\/p>\n\n\n\n<h2>Spiludbud hos Betfair<\/h2>\n\n\n\n<p>Som n\u00e6vnt tidligere har Betfair verdens st\u00f8rste spilleb\u00f8rs, hvilket betyder, at man oddser mod andre spillere ved at k\u00f8be og s\u00e6lge spil. Dette vil sige, at man som oddser selv kan agere bookmaker og i princippet kan oddse mod andre kunder. I praksis betyder det helt konkret, at du kan v\u00e6lge at k\u00f8be\/oddse p\u00e5 et v\u00e6ddem\u00e5l, som andre kunder har oprettet (Ligesom hvis du oddser hos en hvilken som helst anden bookmaker). Eller du kan s\u00e6lge et v\u00e6ddem\u00e5l, hvilket betyder at du som kunde opretter et odds, som du gerne vil have andre kunder til at oddse p\u00e5. Du kan l\u00e6se mere om hvordan dette fungere her.<\/p>\n\n\n\n<p>Dette vil sige, at Betfair ikke skal koncentrere sig om at s\u00e6tte de korrekte odds, men i stedet fokusere p\u00e5 at stille markederne til r\u00e5dighed samt have den optimale platform for dette, og det g\u00f8r Betfair med stor succes. Det er hos Betfair muligt at oddse p\u00e5 n\u00e6sten alle t\u00e6nkelige sportsgrene og ikke nok med det. Hvis man vil oddse p\u00e5 fodbold, er n\u00e6sten alverdens kampe tilg\u00e6ngelige, man skal ned i mere ukendte landes sekund\u00e6re division for at finde en kamp, hvor der ikke er oprettet et marked.<\/p>\n\n\n\n<p>Hos Betfair er det ogs\u00e5 muligt at oddse p\u00e5 den mere traditionelle m\u00e5de, hvor man oddser mod en bookmaker. Her er det Betfair, som stiller oddsene tilg\u00e6ngelige, hvor det er muligt at oddse p\u00e5 omkring 30 forskellige sportsgrene. Indenfor odds-muligheder i fodboldens verden, kan man hos Betfair oddse p\u00e5 alle de popul\u00e6re ligaer i Europa fra Premier League til Superligaen. Det er ogs\u00e5 muligt at oddse p\u00e5 visse asiatiske og sydamerikanske ligaer.<\/p>\n\n\n\n<p>Ved Betfair kan man bygge sit eget v\u00e6ddem\u00e5l p\u00e5 en bestemt kamp, som de kalder \u201csamme kamp multi\u201d, s\u00e5 hvis du har styr p\u00e5, hvordan et kampforl\u00f8b udvikler sig, er det muligt at kombinere kort, hj\u00f8rnespark, over\/under m\u00e5l, begge hold scorer og mange flere p\u00e5 samme kupon.<\/p>\n\n\n\n<p>Hvis man har flere end to kampe p\u00e5 den samme kupon, tilbyder Betfair-servicen Acca Edge, som giver en form for sikkerhed p\u00e5 din kupon. Lad os sige, du har valgt 3 kampe til din kupon til et sammenlagt odds 10.50, her kan du tilf\u00f8je Acca Edge til din kupon, hvor det sammenlagte odds herefter vil falde til eks. 6.50. Til geng\u00e6ld f\u00e5r man sin indsats retur, hvis 1 af de 3 kampe ikke g\u00e5r hjem.<\/p>\n\n\n\n<h2>Livebetting<\/h2>\n\n\n\n<div class=\"wp-block-buttons\">\n<div class=\"wp-block-button goto-bet-provider\"><a class=\"wp-block-button__link has-vivid-green-cyan-background-color has-background\" href=\"https:\/\/ads.betfair.com\/redirect.aspx?pid=1802343&amp;bid=9543\" style=\"border-radius:3px\" target=\"_blank\" rel=\"noreferrer noopener\">G\u00e5 til Betfair<\/a><\/div>\n<\/div>\n\n\n\n<p><\/p>\n\n\n\n<p>Betfair har i forvejen et k\u00e6mpe spiludbud inden kampene p\u00e5 deres spilleb\u00f8rs, og det samme g\u00f8r sig g\u00e6ldende i deres udbud af liveodds. Det er muligt at liveoddse p\u00e5 en stor del af de v\u00e6ddem\u00e5l, der er tilg\u00e6ngelige p\u00e5 deres spilleb\u00f8rs, da folk sidder og k\u00f8ber\/s\u00e6lger en masse forskellige odds under kampene. Hvis man ikke er sikker p\u00e5, om den kamp man vil oddse p\u00e5 har liveodds tilg\u00e6ngeligt, kan man, allerede inden kampen g\u00e5r i gang, se hvilke odds, som bliver til live-spil, disse er markeret med et flueben. Man kan i samme omgang ogs\u00e5 checke efter, om det er muligt at anvende cash-out p\u00e5 det specifikke odds. Disse er markeret med en gul firkant med en cirkel i midten.&nbsp;<\/p>\n\n\n\n<p>Hvis man liveoddser igennem deres sportsbook (sportsbookmaker), skal man v\u00e6re opm\u00e6rksom p\u00e5, at st\u00f8rstedelen af deres specialspil ikke bliver til liveodds, s\u00e5 hvis man vil oddse p\u00e5 disse, skal dette g\u00f8res inden kampstart. Ellers tilbydes der et bredt udvalg af diverse forskellige liveodds p\u00e5 n\u00e6sten alle sportsgrene.<\/p>\n\n\n\n<p>Betfair tilbyder ogs\u00e5 der kunder mulighed for at livestreame kampe man har oddset p\u00e5, det er ikke kun fodbold, som livestreames men ogs\u00e5 basketball, tennis osv. For at f\u00e5 adgang til livestream af kampe, skal man have placeret et bet inden for de sidste 24 timer, eller have penge p\u00e5 ens konto.<\/p>\n\n\n\n<h2>Betfair App og Hjemmeside<\/h2>\n\n\n\n<p>Betfairs hjemmeside kan ved f\u00f8rste \u00f8jekast virke uoverskuelig &#8211; is\u00e6r for nye oddsere, da den er delt op i spilleb\u00f8rs og sportsbook. N\u00e5r man har fundet ud af forskellen mellem spilleb\u00f8rs og sportsbook, bliver hjemmesiden efterh\u00e5nden nemmere at navigere rundt i. P\u00e5 deres spilleb\u00f8rs har de en stor menu med sportsgrene ude i venstre side samt en topmenu, hvor man kan finde livespil, cash out, spiltips og sportsgrene. Hvis man ikke kan finde det specifikke odds, man leder efter, har de et stort s\u00f8gefelt i toppen af hjemmesiden. P\u00e5 forsiden af spilleb\u00f8rsen findes de mest popul\u00e6re sportsgrene som fodbold, tennis, cricket med flere, hvor dagens st\u00f8rste kampe er synliggjort. P\u00e5 sportsbook siden er menustrukturen anderledes, da man har fjernet den store menu i venstre side og flettet den sammen med topmenuen. Det er heller ikke muligt at s\u00f8ge efter odds, hvilket er et stort minus, hvis man leder efter en specifik kamp at oddse p\u00e5. Betfairs mobil-hjemmeside er et stort rod. Med en menu i b\u00e5de toppen af sk\u00e6rmen og en i bunden, kan man hurtigt miste overblikket p\u00e5 siden, hvis man vil skifte mellem spilleb\u00f8rsen og sportsbook, kan man lede l\u00e6nge, hvis man ikke ved, hvor man skal trykke (tryk p\u00e5 AZ menu og skift til enten spilleb\u00f8rs eller sportsbook). P\u00e5 deres spilleb\u00f8rs er der igen mulighed for at s\u00f8ge efter odds, men hvis man er p\u00e5 sportsbook, kan man p\u00e5 mobilen heller ikke f\u00e5 lov til at s\u00f8ge efter odds. Deres mobilhjemmeside er responsiv, hvilket g\u00f8r, at den passer til alle sk\u00e6rme. Dette er et must for at have en god brugeroplevelsen.&nbsp;<\/p>\n\n\n\n<p>Betfair tilbyder apps til b\u00e5de iOS og Android. Det store minus her er, at man skal hente 2 forskellige Betfair apps, 1 til spilleb\u00f8rsen og 1 til sportsbook. Til iOS kan begge apps hentes i Appstore, hvis man vil hente appen til Android skal man ind p\u00e5 deres hjemmeside og downloade dem, da disse ikke er tilg\u00e6ngelige i GooglePlay. Man skal v\u00e6re obs p\u00e5, at til Android er det ikke sikkert, at appen vises p\u00e5 ens hjemmesk\u00e6rm efter download, s\u00e5 man skal s\u00f8ge efter den p\u00e5 ens smartphone. Betfairs apps er bygget op p\u00e5 samme m\u00e5de som deres mobil-hjemmeside, hvilket g\u00f8r det nemt for brugerne at g\u00e5 fra den ene platform til den anden. Herudover spiller begge apps sammen, s\u00e5 igennem deres menu i appen kan man skifte mellem de 2 apps.<\/p>\n\n\n\n<h2>Oprettelse af konto hos Betfair<\/h2>\n\n\n\n<p>Ved oprettelse af konto hos Betfair, skal du udfylde en r\u00e6kke personlige oplysninger navn, adresse, og f\u00f8dselsdato samt CPR nummer. Efter dette, skal du igang med at lave din Betfair konto, her indtastes e-mail adresse og \u00f8nsket adgangskode, i forbindelse med dette skal du v\u00e6lge et sikkerhedssp\u00f8rgsm\u00e5l og svar. N\u00e5r dette er udfyldt er din konto blevet oprettet, og derefter skal du verificere den med dit NemID.<\/p>\n\n\n\n<div class=\"wp-block-buttons\">\n<div class=\"wp-block-button goto-bet-provider\"><a class=\"wp-block-button__link has-vivid-green-cyan-background-color has-background\" href=\"https:\/\/ads.betfair.com\/redirect.aspx?pid=1802343&amp;bid=9543\" style=\"border-radius:3px\" target=\"_blank\" rel=\"noreferrer noopener\">G\u00e5 til Betfair<\/a><\/div>\n<\/div>\n\n\n\n<h2>Log ind hos Betfair<\/h2>\n\n\n\n<p>N\u00e5r man logger ind p\u00e5 Betfairs hjemmeside via en computer (b\u00e5de spilleb\u00f8rs og sportsbook), skal man have sit NemID klar, man beh\u00f8ver ikke udfylde sit password, men derimod brugernavn\/email og bekr\u00e6fte med NemID. Hvis man logger ind p\u00e5 Betfairs hjemmeside via sin mobil, kan man logge ind via sin e-mail og password uden NemID.<\/p>\n\n\n\n<p>Det samme g\u00f8r sig g\u00e6ldende, n\u00e5r du har downloadet Betfairs app. Her er det ogs\u00e5 muligt at logge ind uden NemID, hvilket er en fordel, da man hurtigt kan logge ind med sin e-mail og kodeord, n\u00e5r man er logget ind p\u00e5 Betfair appen, kan man ogs\u00e5 aktivere touch-id login.<\/p>\n\n\n\n<h2>Konklusion Betfair<\/h2>\n\n\n\n<p>Betfair er indehaver af verdens st\u00f8rste spilleb\u00f8rs, dette betyder at de har et enormt stort udvalg af odds. Man har som oddser mulighed for b\u00e5de at s\u00e6lge odds og agere bookmaker, men man kan ogs\u00e5 oddse p\u00e5 den traditionelle m\u00e5de gennem deres spilleb\u00f8rs eller sportsbook. Hvis man ser p\u00e5 deres udbud af liveodds, er Betfair ogs\u00e5 en af de bookmakers med flest muligheder her, grundet deres spilleb\u00f8rs. Til geng\u00e6ld skal man v\u00e6re obs p\u00e5 at mange af deres special-odds ikke er tilg\u00e6ngelige som liveodds, men Betfair er fremragende til at illustrere hvilke odds som man ogs\u00e5 kan oddse p\u00e5 live. Deres hjemmeside kan godt virke uoverskuelig, da man b\u00e5de har en spilleb\u00f8rs og en traditionel sportsbook, men n\u00e5r man f\u00f8rst begynder at bruge deres hjemmeside, bliver den hurtig overskuelig. De tilbyder ogs\u00e5 2 forskellige apps, den ene til deres spilleb\u00f8rs og den anden til sportsbook, Betfairs apps er interagere med hinanden, s\u00e5 man kan skifte mellem dem n\u00e5r man benytter dem. Det tager ikke meget mere end 5 minutter at oprette sig som kunde hos Betfair, man skal dog sidde klar med sit NemID, da man skal verificere sin konto, lige efter man har oprettet sig hos dem.<\/p>\n","protected":false},"excerpt":{"rendered":"<p>Betfair er en britisk bookmaker, som blev stiftet i \u00e5r 2000. Med mere end 1800 medarbejdere og 4 millioner kunder, er Betfair indehaver af verdens st\u00f8rste spilleb\u00f8rs. Betfair har ogs\u00e5 online casino og den mere traditionelle form for sports betting, hvor man oddser mod en bookmaker. Spiludbud hos Betfair Som n\u00e6vnt tidligere har Betfair verdens [&hellip;]<\/p>\n","protected":false},"author":80,"featured_media":0,"parent":50,"menu_order":0,"comment_status":"closed","ping_status":"closed","template":"page-dark.php","meta":{"om_disable_all_campaigns":false},"yoast_head":"<!-- This site is optimized with the Yoast SEO plugin v18.3 - https:\/\/yoast.com\/wordpress\/plugins\/seo\/ -->\n<title>Betfair anmeldelse, velkomstbonus og meget mere - Ace Football<\/title>\n<meta name=\"robots\" content=\"index, follow, max-snippet:-1, max-image-preview:large, max-video-preview:-1\" \/>\n<link rel=\"canonical\" href=\"https:\/\/acefootball.com\/da\/spiltips\/velkomstbonus\/betfair\/\" \/>\n<meta property=\"og:locale\" content=\"en_US\" \/>\n<meta property=\"og:type\" content=\"article\" \/>\n<meta property=\"og:title\" content=\"Betfair anmeldelse, velkomstbonus og meget mere - Ace Football\" \/>\n<meta property=\"og:description\" content=\"Betfair er en britisk bookmaker, som blev stiftet i \u00e5r 2000. Med mere end 1800 medarbejdere og 4 millioner kunder, er Betfair indehaver af verdens st\u00f8rste spilleb\u00f8rs. Betfair har ogs\u00e5 online casino og den mere traditionelle form for sports betting, hvor man oddser mod en bookmaker. Spiludbud hos Betfair Som n\u00e6vnt tidligere har Betfair verdens [&hellip;]\" \/>\n<meta property=\"og:url\" content=\"https:\/\/acefootball.com\/da\/spiltips\/velkomstbonus\/betfair\/\" \/>\n<meta property=\"og:site_name\" content=\"Ace Football Danmark\" \/>\n<meta property=\"article:publisher\" content=\"https:\/\/www.facebook.com\/acefootballdk\" \/>\n<meta property=\"article:modified_time\" content=\"2020-09-07T07:33:27+00:00\" \/>\n<meta name=\"twitter:card\" content=\"summary_large_image\" \/>\n<meta name=\"twitter:label1\" content=\"Est. reading time\" \/>\n\t<meta name=\"twitter:data1\" content=\"8 minutes\" \/>\n<script type=\"application\/ld+json\" class=\"yoast-schema-graph\">{\"@context\":\"https:\/\/schema.org\",\"@graph\":[{\"@type\":\"Organization\",\"@id\":\"https:\/\/acefootball.com\/da\/#organization\",\"name\":\"Ace Football\",\"url\":\"https:\/\/acefootball.com\/da\/\",\"sameAs\":[\"https:\/\/www.facebook.com\/acefootballdk\"],\"logo\":{\"@type\":\"ImageObject\",\"@id\":\"https:\/\/acefootball.com\/da\/#logo\",\"inLanguage\":\"en-US\",\"url\":\"https:\/\/acefootball.com\/da\/wp-content\/uploads\/sites\/2\/2020\/07\/Ace-Football-30-07-2020-2.png\",\"contentUrl\":\"https:\/\/acefootball.com\/da\/wp-content\/uploads\/sites\/2\/2020\/07\/Ace-Football-30-07-2020-2.png\",\"width\":1200,\"height\":600,\"caption\":\"Ace Football\"},\"image\":{\"@id\":\"https:\/\/acefootball.com\/da\/#logo\"}},{\"@type\":\"WebSite\",\"@id\":\"https:\/\/acefootball.com\/da\/#website\",\"url\":\"https:\/\/acefootball.com\/da\/\",\"name\":\"Ace Football Danmark\",\"description\":\"Nyheder, Spiltips &amp; Livescore\",\"publisher\":{\"@id\":\"https:\/\/acefootball.com\/da\/#organization\"},\"potentialAction\":[{\"@type\":\"SearchAction\",\"target\":{\"@type\":\"EntryPoint\",\"urlTemplate\":\"https:\/\/acefootball.com\/da\/?s={search_term_string}\"},\"query-input\":\"required name=search_term_string\"}],\"inLanguage\":\"en-US\"},{\"@type\":\"WebPage\",\"@id\":\"https:\/\/acefootball.com\/da\/spiltips\/velkomstbonus\/betfair\/#webpage\",\"url\":\"https:\/\/acefootball.com\/da\/spiltips\/velkomstbonus\/betfair\/\",\"name\":\"Betfair anmeldelse, velkomstbonus og meget mere - Ace Football\",\"isPartOf\":{\"@id\":\"https:\/\/acefootball.com\/da\/#website\"},\"datePublished\":\"2020-07-17T07:03:02+00:00\",\"dateModified\":\"2020-09-07T07:33:27+00:00\",\"breadcrumb\":{\"@id\":\"https:\/\/acefootball.com\/da\/spiltips\/velkomstbonus\/betfair\/#breadcrumb\"},\"inLanguage\":\"en-US\",\"potentialAction\":[{\"@type\":\"ReadAction\",\"target\":[\"https:\/\/acefootball.com\/da\/spiltips\/velkomstbonus\/betfair\/\"]}]},{\"@type\":\"BreadcrumbList\",\"@id\":\"https:\/\/acefootball.com\/da\/spiltips\/velkomstbonus\/betfair\/#breadcrumb\",\"itemListElement\":[{\"@type\":\"ListItem\",\"position\":1,\"name\":\"Home\",\"item\":\"https:\/\/acefootball.com\/da\/\"},{\"@type\":\"ListItem\",\"position\":2,\"name\":\"Spiltips\",\"item\":\"https:\/\/acefootball.com\/da\/spiltips\/\"},{\"@type\":\"ListItem\",\"position\":3,\"name\":\"Bonusser\",\"item\":\"https:\/\/acefootball.com\/da\/spiltips\/velkomstbonus\/\"},{\"@type\":\"ListItem\",\"position\":4,\"name\":\"Betfair anmeldelse\"}]}]}<\/script>\n<!-- \/ Yoast SEO plugin. -->","yoast_head_json":{"title":"Betfair anmeldelse, velkomstbonus og meget mere - Ace Football","robots":{"index":"index","follow":"follow","max-snippet":"max-snippet:-1","max-image-preview":"max-image-preview:large","max-video-preview":"max-video-preview:-1"},"canonical":"https:\/\/acefootball.com\/da\/spiltips\/velkomstbonus\/betfair\/","og_locale":"en_US","og_type":"article","og_title":"Betfair anmeldelse, velkomstbonus og meget mere - Ace Football","og_description":"Betfair er en britisk bookmaker, som blev stiftet i \u00e5r 2000. Med mere end 1800 medarbejdere og 4 millioner kunder, er Betfair indehaver af verdens st\u00f8rste spilleb\u00f8rs. Betfair har ogs\u00e5 online casino og den mere traditionelle form for sports betting, hvor man oddser mod en bookmaker. Spiludbud hos Betfair Som n\u00e6vnt tidligere har Betfair verdens [&hellip;]","og_url":"https:\/\/acefootball.com\/da\/spiltips\/velkomstbonus\/betfair\/","og_site_name":"Ace Football Danmark","article_publisher":"https:\/\/www.facebook.com\/acefootballdk","article_modified_time":"2020-09-07T07:33:27+00:00","twitter_card":"summary_large_image","twitter_misc":{"Est. reading time":"8 minutes"},"schema":{"@context":"https:\/\/schema.org","@graph":[{"@type":"Organization","@id":"https:\/\/acefootball.com\/da\/#organization","name":"Ace Football","url":"https:\/\/acefootball.com\/da\/","sameAs":["https:\/\/www.facebook.com\/acefootballdk"],"logo":{"@type":"ImageObject","@id":"https:\/\/acefootball.com\/da\/#logo","inLanguage":"en-US","url":"https:\/\/acefootball.com\/da\/wp-content\/uploads\/sites\/2\/2020\/07\/Ace-Football-30-07-2020-2.png","contentUrl":"https:\/\/acefootball.com\/da\/wp-content\/uploads\/sites\/2\/2020\/07\/Ace-Football-30-07-2020-2.png","width":1200,"height":600,"caption":"Ace Football"},"image":{"@id":"https:\/\/acefootball.com\/da\/#logo"}},{"@type":"WebSite","@id":"https:\/\/acefootball.com\/da\/#website","url":"https:\/\/acefootball.com\/da\/","name":"Ace Football Danmark","description":"Nyheder, Spiltips &amp; Livescore","publisher":{"@id":"https:\/\/acefootball.com\/da\/#organization"},"potentialAction":[{"@type":"SearchAction","target":{"@type":"EntryPoint","urlTemplate":"https:\/\/acefootball.com\/da\/?s={search_term_string}"},"query-input":"required name=search_term_string"}],"inLanguage":"en-US"},{"@type":"WebPage","@id":"https:\/\/acefootball.com\/da\/spiltips\/velkomstbonus\/betfair\/#webpage","url":"https:\/\/acefootball.com\/da\/spiltips\/velkomstbonus\/betfair\/","name":"Betfair anmeldelse, velkomstbonus og meget mere - Ace Football","isPartOf":{"@id":"https:\/\/acefootball.com\/da\/#website"},"datePublished":"2020-07-17T07:03:02+00:00","dateModified":"2020-09-07T07:33:27+00:00","breadcrumb":{"@id":"https:\/\/acefootball.com\/da\/spiltips\/velkomstbonus\/betfair\/#breadcrumb"},"inLanguage":"en-US","potentialAction":[{"@type":"ReadAction","target":["https:\/\/acefootball.com\/da\/spiltips\/velkomstbonus\/betfair\/"]}]},{"@type":"BreadcrumbList","@id":"https:\/\/acefootball.com\/da\/spiltips\/velkomstbonus\/betfair\/#breadcrumb","itemListElement":[{"@type":"ListItem","position":1,"name":"Home","item":"https:\/\/acefootball.com\/da\/"},{"@type":"ListItem","position":2,"name":"Spiltips","item":"https:\/\/acefootball.com\/da\/spiltips\/"},{"@type":"ListItem","position":3,"name":"Bonusser","item":"https:\/\/acefootball.com\/da\/spiltips\/velkomstbonus\/"},{"@type":"ListItem","position":4,"name":"Betfair anmeldelse"}]}]}},"_links":{"self":[{"href":"https:\/\/acefootball.com\/da\/wp-json\/wp\/v2\/pages\/69"}],"collection":[{"href":"https:\/\/acefootball.com\/da\/wp-json\/wp\/v2\/pages"}],"about":[{"href":"https:\/\/acefootball.com\/da\/wp-json\/wp\/v2\/types\/page"}],"author":[{"embeddable":true,"href":"https:\/\/acefootball.com\/da\/wp-json\/wp\/v2\/users\/80"}],"replies":[{"embeddable":true,"href":"https:\/\/acefootball.com\/da\/wp-json\/wp\/v2\/comments?post=69"}],"version-history":[{"count":0,"href":"https:\/\/acefootball.com\/da\/wp-json\/wp\/v2\/pages\/69\/revisions"}],"up":[{"embeddable":true,"href":"https:\/\/acefootball.com\/da\/wp-json\/wp\/v2\/pages\/50"}],"wp:attachment":[{"href":"https:\/\/acefootball.com\/da\/wp-json\/wp\/v2\/media?parent=69"}],"curies":[{"name":"wp","href":"https:\/\/api.w.org\/{rel}","templated":true}]}}