{"id":63,"date":"2020-07-17T08:50:09","date_gmt":"2020-07-17T06:50:09","guid":{"rendered":"https:\/\/acefootball.com\/da\/?page_id=63"},"modified":"2020-09-10T12:35:08","modified_gmt":"2020-09-10T10:35:08","slug":"bet365","status":"publish","type":"page","link":"https:\/\/acefootball.com\/da\/spiltips\/velkomstbonus\/bet365\/","title":{"rendered":"Bet365 anmeldelse"},"content":{"rendered":"\n<figure class=\"wp-block-image size-large\"><a href=\"https:\/\/imstore.bet365affiliates.com\/Tracker.aspx?AffiliateId=120415&amp;AffiliateCode=365_00947638&amp;CID=194&amp;DID=84&amp;TID=1&amp;PID=149&amp;LNG=7\" target=\"_blank\" rel=\"noopener\"><img src=\"https:\/\/imstore.bet365affiliates.com\/AffiliateCreativeBanners\/Sports\/General\/no1sportsopenoffer\/da-DK\/All\/STD\/728x90_18.gif\" alt=\"\" \/><\/a><\/figure>\n\n\n\n<p>Som Samuel L. Jackson siger \u201cThe worlds biggest online sports betting company\u201d, og der er ingen tvivl om, at Bet365 er en af verdens st\u00f8rste spiludbydere. Bet365 har mere en 15 mio. kunder og er repr\u00e6senteret i mere end 200 lande. Vi vil i denne sektion rangere Bet365 p\u00e5 forskellige parametre.<\/p>\n\n\n\n<h2>Spiludbud hos Bet365<\/h2>\n\n\n\n<p>Bet365 har en bred vifte af spiludbud, og der er altid noget at oddse p\u00e5 uanset ugedage eller klokkesl\u00e6t. Betting-giganten har spilmuligheder fra alle de store fodboldligaer som Premier League, La Liga, Superligaen, men du kan ogs\u00e5 oddse p\u00e5 den pal\u00e6stinensiske West Bank Liga, s\u00e5 spilmuligheder p\u00e5 fodbold er der nok af.&nbsp;<\/p>\n\n\n\n<p>Bet365 tilbyder yderligere spilmuligheder p\u00e5 alverdens t\u00e6nkelige sportsgrene lige fra amerikansk fodbold til cricket. Herudover er der ogs\u00e5 mulighed for at oddse p\u00e5 politik og eSport.<\/p>\n\n\n\n<p>Til Europas store fodboldligaer og kampe, har Bet365 mere end 110 forskellige spilbare odds. Det er alt fra 1X2, asian og almindelige handicapspil, resultat, m\u00e5lscorere, kort, hj\u00f8rnespark, over\/under 2.5 m\u00e5l og mange flere.&nbsp;<\/p>\n\n\n\n<p>Hos Bet365 har de ogs\u00e5 funktionen Bygv\u00e6ddem\u00e5l, hvilket g\u00f8r det muligt at kombinere flere v\u00e6ddem\u00e5l fra samme kamp. Det kan s\u00e5ledes v\u00e6re m\u00e5lscorer, kort, resultat, antal m\u00e5l, hj\u00f8rnespark, halvleg\/fuldtid og mange flere. Ved et Bygv\u00e6ddem\u00e5l er det muligt at kombinere helt op til seks forskellige odds, og hvis man har styr p\u00e5, hvordan et kampforl\u00f8b vil udm\u00f8nte sig, kan man f\u00e5 h\u00f8je odds.&nbsp;<\/p>\n\n\n\n<p>Som en relativt ny funktion har Bet365 ogs\u00e5 Tidligudbetaling p\u00e5 odds, der er placeret f\u00f8r kampstart. Dette vil sige, hvis du for eksempel oddser p\u00e5 Manchester United til at vinde over Southampton, og Manchester United kommer foran med 2 m\u00e5l, vil v\u00e6ddem\u00e5let automatisk lukke, ogs\u00e5 selvom Manchester United senere i kampen spiller uafgjort eller taber.<\/p>\n\n\n\n<h2>Livebetting<\/h2>\n\n\n\n<div class=\"wp-block-buttons\">\n<div class=\"wp-block-button is-style-fill goto-bet-provider\"><a class=\"wp-block-button__link has-white-color has-vivid-green-cyan-background-color has-text-color has-background\" href=\"https:\/\/imstore.bet365affiliates.com\/Tracker.aspx?AffiliateId=120415&amp;AffiliateCode=365_00947638&amp;CID=194&amp;DID=84&amp;TID=1&amp;PID=149&amp;LNG=7\" style=\"border-radius:3px\" target=\"_blank\" rel=\"noreferrer noopener\">G\u00e5 til Bet365<\/a><\/div>\n<\/div>\n\n\n\n<p><\/p>\n\n\n\n<p>Bet365\u2019s livebetting er en af de bedre, hvis ikke den bedste p\u00e5 markedet. Liveodds p\u00e5 fodbold er utrolig udvidet og kan kombineres med andre liveodds, men det g\u00f8r sig ogs\u00e5 g\u00e6ldende p\u00e5 andre sportsgrene som tennis og h\u00e5ndbold. Bet365 tilbyder ogs\u00e5, at man kan lukke et v\u00e6ddem\u00e5l, mens kampene man har spillet p\u00e5 er i gang. F\u00f8rer Barcelona 1-0 med 30 minutter tilbage, og det ser ud til, at modstanderholdet vil score, kan man lukke sit liveodds til et lavere bel\u00f8b &#8211; men stadig med profit.<\/p>\n\n\n\n<p>I Bet365\u2019s livebetting tilbyder de ogs\u00e5, at man kan livestreame fodboldkampe fra La Liga, Serie A, Bundesliga, Superliga, 1. Division og mange flere. For at f\u00e5 adgang til livestreams skal man v\u00e6re logget ind p\u00e5 en konto, hvor der er indbetalt penge til saldoen eller placeret et odds de sidste 24 timer.&nbsp;<\/p>\n\n\n\n<p>Man kan ogs\u00e5 redigere sine v\u00e6ddem\u00e5l hos Bet365, f\u00f8r kampene er i gang, men ogs\u00e5 mens de er live. Ved at redigere sine v\u00e6ddem\u00e5l, har man mulighed for at fjerne og tilf\u00f8je kampe p\u00e5 ens kupon. Dette kan g\u00f8res for at for\u00f8ge ens odds. Man skal dog v\u00e6re opm\u00e6rksom p\u00e5, at alle odds for sit nye v\u00e6ddem\u00e5l tage udgangspunkt i liveoddsene p\u00e5 kampene og ikke det originale prematch odds.<\/p>\n\n\n\n<h2>Bet365 App og Hjemmeside<\/h2>\n\n\n\n<p>F\u00f8rst og fremmest er Bet365\u2019s mobilversion og hjemmeside nem og overskuelig, selvom der findes et hav af spilmuligheder p\u00e5 deres forside. Deres menustruktur g\u00f8r det nemt at navigere rundt mellem de forskellige sportsgrene og turneringer. Derudover har de en s\u00f8gefunktion, hvilket g\u00f8r, at man uden problemer kan finde specifikke odds.<\/p>\n\n\n\n<p>Deres mobil-website er responsivt, s\u00e5 hvis man har v\u00e6ret fast bruger af deres hjemmeside og er begyndt at bruge deres mobil version, skal man bare logge ind ogs\u00e5 er brugeroplevelsen det samme. De tilbyder samme funktioner, s\u00e5 det er nemt at komme i gang med at oddse.<\/p>\n\n\n\n<p>Bet365 har b\u00e5de en app til IOS og Android, IOS appen kan downloades i Appstore. Hvis man vil have Bet365-appen p\u00e5 en Android-enhed, skal man downloade den p\u00e5 Bet365.apk, som kan findes p\u00e5 deres hjemmeside, hvis man scroller ned i bunden.<\/p>\n\n\n\n<div class=\"wp-block-buttons\">\n<div class=\"wp-block-button is-style-fill goto-bet-provider\"><a class=\"wp-block-button__link has-white-color has-vivid-green-cyan-background-color has-text-color has-background\" href=\"https:\/\/imstore.bet365affiliates.com\/Tracker.aspx?AffiliateId=120415&amp;AffiliateCode=365_00947638&amp;CID=194&amp;DID=84&amp;TID=1&amp;PID=149&amp;LNG=7\" style=\"border-radius:3px\" target=\"_blank\" rel=\"noreferrer noopener\">G\u00e5 til Bet365<\/a><\/div>\n<\/div>\n\n\n\n<h2>Log ind p\u00e5 Bet365<\/h2>\n\n\n\n<p>N\u00e5r man skal logge ind p\u00e5 Bet365\u2019s hjemmeside p\u00e5 desktop, skal man indtaste brugernavn og kodeord. Herefter skal man bekr\u00e6fte sit login med NemID som hos de fleste andre bettingsites.<\/p>\n\n\n\n<p>Hvis man logger ind p\u00e5 Bet365\u2019s mobil-website, skal man ikke bruge NemID, og man kan derfor logge ind med brugernavn og kodeord. Det samme g\u00f8r sig g\u00e6ldende p\u00e5 Bet365\u2019s app p\u00e5 iOS og Android. Her kan man ogs\u00e5 logge ind uden brug af NemID. Udover at man ikke beh\u00f8ver NemID, kan man ogs\u00e5 i Bet365 appen benytte sig af login med Touch ID, hvilket g\u00f8r det endnu hurtigere at komme i gang med at oddse.<\/p>\n\n\n\n<h2>Konklusion af Bet365<\/h2>\n\n\n\n<p>Bet365 er uden tvivl \u00e9n af de bedste bookmakere p\u00e5 markedet. Deres ekstremt store udvalg spiludbud p\u00e5 n\u00e6rmest alle t\u00e6nkelige sportsgrene og ikke mindst fodbold, er s\u00e5 udvidet at man n\u00e6rmest kan oddse p\u00e5 alt. Deres store investering i livebetting har ogs\u00e5 en stor del i at Bet365 er en af de bedste spiludbydere, da man nemt kan livestreame de kampe man har oddset p\u00e5 ogs\u00e5 selvom man er p\u00e5 farten. I Ace Footballs optik har Bet365 ogs\u00e5 b\u00e5de en af de bedste apps og hjemmeside p\u00e5 markedet, som er nemme at navigere rundt i. Alt i alt en fremragende bookmaker til oddsere.<\/p>\n","protected":false},"excerpt":{"rendered":"<p>Som Samuel L. Jackson siger \u201cThe worlds biggest online sports betting company\u201d, og der er ingen tvivl om, at Bet365 er en af verdens st\u00f8rste spiludbydere. Bet365 har mere en 15 mio. kunder og er repr\u00e6senteret i mere end 200 lande. Vi vil i denne sektion rangere Bet365 p\u00e5 forskellige parametre. Spiludbud hos Bet365 Bet365 [&hellip;]<\/p>\n","protected":false},"author":80,"featured_media":0,"parent":50,"menu_order":0,"comment_status":"closed","ping_status":"closed","template":"page-dark.php","meta":{"om_disable_all_campaigns":false},"yoast_head":"<!-- This site is optimized with the Yoast SEO plugin v18.3 - https:\/\/yoast.com\/wordpress\/plugins\/seo\/ -->\n<title>Bet365 anmeldelse, velkomstbonus og meget mere - Ace Football<\/title>\n<meta name=\"description\" content=\"Komplet anmeldelse af Bet365\" \/>\n<meta name=\"robots\" content=\"index, follow, max-snippet:-1, max-image-preview:large, max-video-preview:-1\" \/>\n<link rel=\"canonical\" href=\"https:\/\/acefootball.com\/da\/spiltips\/velkomstbonus\/bet365\/\" \/>\n<meta property=\"og:locale\" content=\"en_US\" \/>\n<meta property=\"og:type\" content=\"article\" \/>\n<meta property=\"og:title\" content=\"Bet365 anmeldelse, velkomstbonus og meget mere - Ace Football\" \/>\n<meta property=\"og:description\" content=\"Komplet anmeldelse af Bet365\" \/>\n<meta property=\"og:url\" content=\"https:\/\/acefootball.com\/da\/spiltips\/velkomstbonus\/bet365\/\" \/>\n<meta property=\"og:site_name\" content=\"Ace Football Danmark\" \/>\n<meta property=\"article:publisher\" content=\"https:\/\/www.facebook.com\/acefootballdk\" \/>\n<meta property=\"article:modified_time\" content=\"2020-09-10T10:35:08+00:00\" \/>\n<meta property=\"og:image\" content=\"https:\/\/imstore.bet365affiliates.com\/AffiliateCreativeBanners\/Sports\/General\/no1sportsopenoffer\/da-DK\/All\/STD\/728x90_18.gif\" \/>\n<meta name=\"twitter:card\" content=\"summary_large_image\" \/>\n<meta name=\"twitter:label1\" content=\"Est. reading time\" \/>\n\t<meta name=\"twitter:data1\" content=\"5 minutes\" \/>\n<script type=\"application\/ld+json\" class=\"yoast-schema-graph\">{\"@context\":\"https:\/\/schema.org\",\"@graph\":[{\"@type\":\"Organization\",\"@id\":\"https:\/\/acefootball.com\/da\/#organization\",\"name\":\"Ace Football\",\"url\":\"https:\/\/acefootball.com\/da\/\",\"sameAs\":[\"https:\/\/www.facebook.com\/acefootballdk\"],\"logo\":{\"@type\":\"ImageObject\",\"@id\":\"https:\/\/acefootball.com\/da\/#logo\",\"inLanguage\":\"en-US\",\"url\":\"https:\/\/acefootball.com\/da\/wp-content\/uploads\/sites\/2\/2020\/07\/Ace-Football-30-07-2020-2.png\",\"contentUrl\":\"https:\/\/acefootball.com\/da\/wp-content\/uploads\/sites\/2\/2020\/07\/Ace-Football-30-07-2020-2.png\",\"width\":1200,\"height\":600,\"caption\":\"Ace Football\"},\"image\":{\"@id\":\"https:\/\/acefootball.com\/da\/#logo\"}},{\"@type\":\"WebSite\",\"@id\":\"https:\/\/acefootball.com\/da\/#website\",\"url\":\"https:\/\/acefootball.com\/da\/\",\"name\":\"Ace Football Danmark\",\"description\":\"Nyheder, Spiltips &amp; Livescore\",\"publisher\":{\"@id\":\"https:\/\/acefootball.com\/da\/#organization\"},\"potentialAction\":[{\"@type\":\"SearchAction\",\"target\":{\"@type\":\"EntryPoint\",\"urlTemplate\":\"https:\/\/acefootball.com\/da\/?s={search_term_string}\"},\"query-input\":\"required name=search_term_string\"}],\"inLanguage\":\"en-US\"},{\"@type\":\"ImageObject\",\"@id\":\"https:\/\/acefootball.com\/da\/spiltips\/velkomstbonus\/bet365\/#primaryimage\",\"inLanguage\":\"en-US\",\"url\":\"https:\/\/imstore.bet365affiliates.com\/AffiliateCreativeBanners\/Sports\/General\/no1sportsopenoffer\/da-DK\/All\/STD\/728x90_18.gif\",\"contentUrl\":\"https:\/\/imstore.bet365affiliates.com\/AffiliateCreativeBanners\/Sports\/General\/no1sportsopenoffer\/da-DK\/All\/STD\/728x90_18.gif\"},{\"@type\":\"WebPage\",\"@id\":\"https:\/\/acefootball.com\/da\/spiltips\/velkomstbonus\/bet365\/#webpage\",\"url\":\"https:\/\/acefootball.com\/da\/spiltips\/velkomstbonus\/bet365\/\",\"name\":\"Bet365 anmeldelse, velkomstbonus og meget mere - Ace Football\",\"isPartOf\":{\"@id\":\"https:\/\/acefootball.com\/da\/#website\"},\"primaryImageOfPage\":{\"@id\":\"https:\/\/acefootball.com\/da\/spiltips\/velkomstbonus\/bet365\/#primaryimage\"},\"datePublished\":\"2020-07-17T06:50:09+00:00\",\"dateModified\":\"2020-09-10T10:35:08+00:00\",\"description\":\"Komplet anmeldelse af Bet365\",\"breadcrumb\":{\"@id\":\"https:\/\/acefootball.com\/da\/spiltips\/velkomstbonus\/bet365\/#breadcrumb\"},\"inLanguage\":\"en-US\",\"potentialAction\":[{\"@type\":\"ReadAction\",\"target\":[\"https:\/\/acefootball.com\/da\/spiltips\/velkomstbonus\/bet365\/\"]}]},{\"@type\":\"BreadcrumbList\",\"@id\":\"https:\/\/acefootball.com\/da\/spiltips\/velkomstbonus\/bet365\/#breadcrumb\",\"itemListElement\":[{\"@type\":\"ListItem\",\"position\":1,\"name\":\"Home\",\"item\":\"https:\/\/acefootball.com\/da\/\"},{\"@type\":\"ListItem\",\"position\":2,\"name\":\"Spiltips\",\"item\":\"https:\/\/acefootball.com\/da\/spiltips\/\"},{\"@type\":\"ListItem\",\"position\":3,\"name\":\"Bonusser\",\"item\":\"https:\/\/acefootball.com\/da\/spiltips\/velkomstbonus\/\"},{\"@type\":\"ListItem\",\"position\":4,\"name\":\"Bet365 anmeldelse\"}]}]}<\/script>\n<!-- \/ Yoast SEO plugin. -->","yoast_head_json":{"title":"Bet365 anmeldelse, velkomstbonus og meget mere - Ace Football","description":"Komplet anmeldelse af Bet365","robots":{"index":"index","follow":"follow","max-snippet":"max-snippet:-1","max-image-preview":"max-image-preview:large","max-video-preview":"max-video-preview:-1"},"canonical":"https:\/\/acefootball.com\/da\/spiltips\/velkomstbonus\/bet365\/","og_locale":"en_US","og_type":"article","og_title":"Bet365 anmeldelse, velkomstbonus og meget mere - Ace Football","og_description":"Komplet anmeldelse af Bet365","og_url":"https:\/\/acefootball.com\/da\/spiltips\/velkomstbonus\/bet365\/","og_site_name":"Ace Football Danmark","article_publisher":"https:\/\/www.facebook.com\/acefootballdk","article_modified_time":"2020-09-10T10:35:08+00:00","og_image":[{"url":"https:\/\/imstore.bet365affiliates.com\/AffiliateCreativeBanners\/Sports\/General\/no1sportsopenoffer\/da-DK\/All\/STD\/728x90_18.gif"}],"twitter_card":"summary_large_image","twitter_misc":{"Est. reading time":"5 minutes"},"schema":{"@context":"https:\/\/schema.org","@graph":[{"@type":"Organization","@id":"https:\/\/acefootball.com\/da\/#organization","name":"Ace Football","url":"https:\/\/acefootball.com\/da\/","sameAs":["https:\/\/www.facebook.com\/acefootballdk"],"logo":{"@type":"ImageObject","@id":"https:\/\/acefootball.com\/da\/#logo","inLanguage":"en-US","url":"https:\/\/acefootball.com\/da\/wp-content\/uploads\/sites\/2\/2020\/07\/Ace-Football-30-07-2020-2.png","contentUrl":"https:\/\/acefootball.com\/da\/wp-content\/uploads\/sites\/2\/2020\/07\/Ace-Football-30-07-2020-2.png","width":1200,"height":600,"caption":"Ace Football"},"image":{"@id":"https:\/\/acefootball.com\/da\/#logo"}},{"@type":"WebSite","@id":"https:\/\/acefootball.com\/da\/#website","url":"https:\/\/acefootball.com\/da\/","name":"Ace Football Danmark","description":"Nyheder, Spiltips &amp; Livescore","publisher":{"@id":"https:\/\/acefootball.com\/da\/#organization"},"potentialAction":[{"@type":"SearchAction","target":{"@type":"EntryPoint","urlTemplate":"https:\/\/acefootball.com\/da\/?s={search_term_string}"},"query-input":"required name=search_term_string"}],"inLanguage":"en-US"},{"@type":"ImageObject","@id":"https:\/\/acefootball.com\/da\/spiltips\/velkomstbonus\/bet365\/#primaryimage","inLanguage":"en-US","url":"https:\/\/imstore.bet365affiliates.com\/AffiliateCreativeBanners\/Sports\/General\/no1sportsopenoffer\/da-DK\/All\/STD\/728x90_18.gif","contentUrl":"https:\/\/imstore.bet365affiliates.com\/AffiliateCreativeBanners\/Sports\/General\/no1sportsopenoffer\/da-DK\/All\/STD\/728x90_18.gif"},{"@type":"WebPage","@id":"https:\/\/acefootball.com\/da\/spiltips\/velkomstbonus\/bet365\/#webpage","url":"https:\/\/acefootball.com\/da\/spiltips\/velkomstbonus\/bet365\/","name":"Bet365 anmeldelse, velkomstbonus og meget mere - Ace Football","isPartOf":{"@id":"https:\/\/acefootball.com\/da\/#website"},"primaryImageOfPage":{"@id":"https:\/\/acefootball.com\/da\/spiltips\/velkomstbonus\/bet365\/#primaryimage"},"datePublished":"2020-07-17T06:50:09+00:00","dateModified":"2020-09-10T10:35:08+00:00","description":"Komplet anmeldelse af Bet365","breadcrumb":{"@id":"https:\/\/acefootball.com\/da\/spiltips\/velkomstbonus\/bet365\/#breadcrumb"},"inLanguage":"en-US","potentialAction":[{"@type":"ReadAction","target":["https:\/\/acefootball.com\/da\/spiltips\/velkomstbonus\/bet365\/"]}]},{"@type":"BreadcrumbList","@id":"https:\/\/acefootball.com\/da\/spiltips\/velkomstbonus\/bet365\/#breadcrumb","itemListElement":[{"@type":"ListItem","position":1,"name":"Home","item":"https:\/\/acefootball.com\/da\/"},{"@type":"ListItem","position":2,"name":"Spiltips","item":"https:\/\/acefootball.com\/da\/spiltips\/"},{"@type":"ListItem","position":3,"name":"Bonusser","item":"https:\/\/acefootball.com\/da\/spiltips\/velkomstbonus\/"},{"@type":"ListItem","position":4,"name":"Bet365 anmeldelse"}]}]}},"_links":{"self":[{"href":"https:\/\/acefootball.com\/da\/wp-json\/wp\/v2\/pages\/63"}],"collection":[{"href":"https:\/\/acefootball.com\/da\/wp-json\/wp\/v2\/pages"}],"about":[{"href":"https:\/\/acefootball.com\/da\/wp-json\/wp\/v2\/types\/page"}],"author":[{"embeddable":true,"href":"https:\/\/acefootball.com\/da\/wp-json\/wp\/v2\/users\/80"}],"replies":[{"embeddable":true,"href":"https:\/\/acefootball.com\/da\/wp-json\/wp\/v2\/comments?post=63"}],"version-history":[{"count":0,"href":"https:\/\/acefootball.com\/da\/wp-json\/wp\/v2\/pages\/63\/revisions"}],"up":[{"embeddable":true,"href":"https:\/\/acefootball.com\/da\/wp-json\/wp\/v2\/pages\/50"}],"wp:attachment":[{"href":"https:\/\/acefootball.com\/da\/wp-json\/wp\/v2\/media?parent=63"}],"curies":[{"name":"wp","href":"https:\/\/api.w.org\/{rel}","templated":true}]}}