{"id":6,"date":"2018-02-02T08:17:14","date_gmt":"2018-02-02T07:17:14","guid":{"rendered":"https:\/\/acefootball.com\/da\/?page_id=6"},"modified":"2025-09-11T14:25:29","modified_gmt":"2025-09-11T12:25:29","slug":"om-os","status":"publish","type":"page","link":"https:\/\/acefootball.com\/da\/om-os\/","title":{"rendered":"Om os"},"content":{"rendered":"\n<p>AceFootball er en moderne platform for fodbold- og bettingindhold, drevet af SportsInnovation A\/S. Her finder du kampoptakter, betting tips, fodboldhistorier, afstemninger, quizzer, livescore og meget mere.<\/p>\n\n\n\n<p>Indholdet p\u00e5 platformen bliver produceret automatisk ved hj\u00e6lp af en kombination af generativ AI, automatisering og de avancerede sports- og betting content marketing-v\u00e6rkt\u00f8jer udviklet af SportsInnovation, s\u00e5som:<\/p>\n\n\n\n<ul><li>Article Builder<\/li><li>Web Widgets<\/li><li>Web Stories &amp; Reels<\/li><li>Text Snippets<\/li><\/ul>\n\n\n\n<p>Har du en sportsblog, bettingplatform eller en anden virksomhed med forbindelse til sports- eller bettingverdenen? Blev du inspireret eller vil du gerne vide mere om sports- og betting content-v\u00e6rkt\u00f8jer?<\/p>\n\n\n\n<p class=\"link-primary-blue\">S\u00e5 kontakt os p\u00e5 <strong><a href=\"sales@sportsinnovation.dk\" target=\"_blank\" rel=\"noreferrer noopener\"><span class=\"has-inline-color has-vivid-cyan-blue-color\">sales@sportsinnovation.dk<\/span><\/a><\/strong>.<\/p>\n","protected":false},"excerpt":{"rendered":"<p>AceFootball er en moderne platform for fodbold- og bettingindhold, drevet af SportsInnovation A\/S. Her finder du kampoptakter, betting tips, fodboldhistorier, afstemninger, quizzer, livescore og meget mere. Indholdet p\u00e5 platformen bliver produceret automatisk ved hj\u00e6lp af en kombination af generativ AI, automatisering og de avancerede sports- og betting content marketing-v\u00e6rkt\u00f8jer udviklet af SportsInnovation, s\u00e5som: Article Builder [&hellip;]<\/p>\n","protected":false},"author":1,"featured_media":2,"parent":0,"menu_order":0,"comment_status":"closed","ping_status":"closed","template":"","meta":{"om_disable_all_campaigns":false},"yoast_head":"<!-- This site is optimized with the Yoast SEO plugin v18.3 - https:\/\/yoast.com\/wordpress\/plugins\/seo\/ -->\n<title>L\u00e6s om vores historie og mission indenfor fodboldens verden<\/title>\n<meta name=\"description\" content=\"Ace Football er Danmarks nye fodboldsite, som giver dig det bedste fra Superligaen, Premier League, La Liga og meget mere.\" \/>\n<meta name=\"robots\" content=\"index, follow, max-snippet:-1, max-image-preview:large, max-video-preview:-1\" \/>\n<link rel=\"canonical\" href=\"https:\/\/acefootball.com\/da\/om-os\/\" \/>\n<meta property=\"og:locale\" content=\"en_US\" \/>\n<meta property=\"og:type\" content=\"article\" \/>\n<meta property=\"og:title\" content=\"L\u00e6s om vores historie og mission indenfor fodboldens verden\" \/>\n<meta property=\"og:description\" content=\"Ace Football er Danmarks nye fodboldsite, som giver dig det bedste fra Superligaen, Premier League, La Liga og meget mere.\" \/>\n<meta property=\"og:url\" content=\"https:\/\/acefootball.com\/da\/om-os\/\" \/>\n<meta property=\"og:site_name\" content=\"Ace Football Danmark\" \/>\n<meta property=\"article:publisher\" content=\"https:\/\/www.facebook.com\/acefootballdk\" \/>\n<meta property=\"article:modified_time\" content=\"2025-09-11T12:25:29+00:00\" \/>\n<meta name=\"twitter:card\" content=\"summary_large_image\" \/>\n<meta name=\"twitter:label1\" content=\"Est. reading time\" \/>\n\t<meta name=\"twitter:data1\" content=\"1 minute\" \/>\n<script type=\"application\/ld+json\" class=\"yoast-schema-graph\">{\"@context\":\"https:\/\/schema.org\",\"@graph\":[{\"@type\":\"Organization\",\"@id\":\"https:\/\/acefootball.com\/da\/#organization\",\"name\":\"Ace Football\",\"url\":\"https:\/\/acefootball.com\/da\/\",\"sameAs\":[\"https:\/\/www.facebook.com\/acefootballdk\"],\"logo\":{\"@type\":\"ImageObject\",\"@id\":\"https:\/\/acefootball.com\/da\/#logo\",\"inLanguage\":\"en-US\",\"url\":\"https:\/\/acefootball.com\/da\/wp-content\/uploads\/sites\/2\/2020\/07\/Ace-Football-30-07-2020-2.png\",\"contentUrl\":\"https:\/\/acefootball.com\/da\/wp-content\/uploads\/sites\/2\/2020\/07\/Ace-Football-30-07-2020-2.png\",\"width\":1200,\"height\":600,\"caption\":\"Ace Football\"},\"image\":{\"@id\":\"https:\/\/acefootball.com\/da\/#logo\"}},{\"@type\":\"WebSite\",\"@id\":\"https:\/\/acefootball.com\/da\/#website\",\"url\":\"https:\/\/acefootball.com\/da\/\",\"name\":\"Ace Football Danmark\",\"description\":\"Nyheder, Spiltips &amp; Livescore\",\"publisher\":{\"@id\":\"https:\/\/acefootball.com\/da\/#organization\"},\"potentialAction\":[{\"@type\":\"SearchAction\",\"target\":{\"@type\":\"EntryPoint\",\"urlTemplate\":\"https:\/\/acefootball.com\/da\/?s={search_term_string}\"},\"query-input\":\"required name=search_term_string\"}],\"inLanguage\":\"en-US\"},{\"@type\":\"ImageObject\",\"@id\":\"https:\/\/acefootball.com\/da\/om-os\/#primaryimage\",\"inLanguage\":\"en-US\",\"url\":\"\",\"contentUrl\":\"\"},{\"@type\":\"WebPage\",\"@id\":\"https:\/\/acefootball.com\/da\/om-os\/#webpage\",\"url\":\"https:\/\/acefootball.com\/da\/om-os\/\",\"name\":\"L\u00e6s om vores historie og mission indenfor fodboldens verden\",\"isPartOf\":{\"@id\":\"https:\/\/acefootball.com\/da\/#website\"},\"primaryImageOfPage\":{\"@id\":\"https:\/\/acefootball.com\/da\/om-os\/#primaryimage\"},\"datePublished\":\"2018-02-02T07:17:14+00:00\",\"dateModified\":\"2025-09-11T12:25:29+00:00\",\"description\":\"Ace Football er Danmarks nye fodboldsite, som giver dig det bedste fra Superligaen, Premier League, La Liga og meget mere.\",\"breadcrumb\":{\"@id\":\"https:\/\/acefootball.com\/da\/om-os\/#breadcrumb\"},\"inLanguage\":\"en-US\",\"potentialAction\":[{\"@type\":\"ReadAction\",\"target\":[\"https:\/\/acefootball.com\/da\/om-os\/\"]}]},{\"@type\":\"BreadcrumbList\",\"@id\":\"https:\/\/acefootball.com\/da\/om-os\/#breadcrumb\",\"itemListElement\":[{\"@type\":\"ListItem\",\"position\":1,\"name\":\"Home\",\"item\":\"https:\/\/acefootball.com\/da\/\"},{\"@type\":\"ListItem\",\"position\":2,\"name\":\"Om os\"}]}]}<\/script>\n<!-- \/ Yoast SEO plugin. -->","yoast_head_json":{"title":"L\u00e6s om vores historie og mission indenfor fodboldens verden","description":"Ace Football er Danmarks nye fodboldsite, som giver dig det bedste fra Superligaen, Premier League, La Liga og meget mere.","robots":{"index":"index","follow":"follow","max-snippet":"max-snippet:-1","max-image-preview":"max-image-preview:large","max-video-preview":"max-video-preview:-1"},"canonical":"https:\/\/acefootball.com\/da\/om-os\/","og_locale":"en_US","og_type":"article","og_title":"L\u00e6s om vores historie og mission indenfor fodboldens verden","og_description":"Ace Football er Danmarks nye fodboldsite, som giver dig det bedste fra Superligaen, Premier League, La Liga og meget mere.","og_url":"https:\/\/acefootball.com\/da\/om-os\/","og_site_name":"Ace Football Danmark","article_publisher":"https:\/\/www.facebook.com\/acefootballdk","article_modified_time":"2025-09-11T12:25:29+00:00","twitter_card":"summary_large_image","twitter_misc":{"Est. reading time":"1 minute"},"schema":{"@context":"https:\/\/schema.org","@graph":[{"@type":"Organization","@id":"https:\/\/acefootball.com\/da\/#organization","name":"Ace Football","url":"https:\/\/acefootball.com\/da\/","sameAs":["https:\/\/www.facebook.com\/acefootballdk"],"logo":{"@type":"ImageObject","@id":"https:\/\/acefootball.com\/da\/#logo","inLanguage":"en-US","url":"https:\/\/acefootball.com\/da\/wp-content\/uploads\/sites\/2\/2020\/07\/Ace-Football-30-07-2020-2.png","contentUrl":"https:\/\/acefootball.com\/da\/wp-content\/uploads\/sites\/2\/2020\/07\/Ace-Football-30-07-2020-2.png","width":1200,"height":600,"caption":"Ace Football"},"image":{"@id":"https:\/\/acefootball.com\/da\/#logo"}},{"@type":"WebSite","@id":"https:\/\/acefootball.com\/da\/#website","url":"https:\/\/acefootball.com\/da\/","name":"Ace Football Danmark","description":"Nyheder, Spiltips &amp; Livescore","publisher":{"@id":"https:\/\/acefootball.com\/da\/#organization"},"potentialAction":[{"@type":"SearchAction","target":{"@type":"EntryPoint","urlTemplate":"https:\/\/acefootball.com\/da\/?s={search_term_string}"},"query-input":"required name=search_term_string"}],"inLanguage":"en-US"},{"@type":"ImageObject","@id":"https:\/\/acefootball.com\/da\/om-os\/#primaryimage","inLanguage":"en-US","url":"","contentUrl":""},{"@type":"WebPage","@id":"https:\/\/acefootball.com\/da\/om-os\/#webpage","url":"https:\/\/acefootball.com\/da\/om-os\/","name":"L\u00e6s om vores historie og mission indenfor fodboldens verden","isPartOf":{"@id":"https:\/\/acefootball.com\/da\/#website"},"primaryImageOfPage":{"@id":"https:\/\/acefootball.com\/da\/om-os\/#primaryimage"},"datePublished":"2018-02-02T07:17:14+00:00","dateModified":"2025-09-11T12:25:29+00:00","description":"Ace Football er Danmarks nye fodboldsite, som giver dig det bedste fra Superligaen, Premier League, La Liga og meget mere.","breadcrumb":{"@id":"https:\/\/acefootball.com\/da\/om-os\/#breadcrumb"},"inLanguage":"en-US","potentialAction":[{"@type":"ReadAction","target":["https:\/\/acefootball.com\/da\/om-os\/"]}]},{"@type":"BreadcrumbList","@id":"https:\/\/acefootball.com\/da\/om-os\/#breadcrumb","itemListElement":[{"@type":"ListItem","position":1,"name":"Home","item":"https:\/\/acefootball.com\/da\/"},{"@type":"ListItem","position":2,"name":"Om os"}]}]}},"_links":{"self":[{"href":"https:\/\/acefootball.com\/da\/wp-json\/wp\/v2\/pages\/6"}],"collection":[{"href":"https:\/\/acefootball.com\/da\/wp-json\/wp\/v2\/pages"}],"about":[{"href":"https:\/\/acefootball.com\/da\/wp-json\/wp\/v2\/types\/page"}],"author":[{"embeddable":true,"href":"https:\/\/acefootball.com\/da\/wp-json\/wp\/v2\/users\/1"}],"replies":[{"embeddable":true,"href":"https:\/\/acefootball.com\/da\/wp-json\/wp\/v2\/comments?post=6"}],"version-history":[{"count":0,"href":"https:\/\/acefootball.com\/da\/wp-json\/wp\/v2\/pages\/6\/revisions"}],"wp:featuredmedia":[{"embeddable":true,"href":"https:\/\/acefootball.com\/da\/wp-json\/wp\/v2\/media\/2"}],"wp:attachment":[{"href":"https:\/\/acefootball.com\/da\/wp-json\/wp\/v2\/media?parent=6"}],"curies":[{"name":"wp","href":"https:\/\/api.w.org\/{rel}","templated":true}]}}