{"id":50,"date":"2020-07-14T09:11:15","date_gmt":"2020-07-14T07:11:15","guid":{"rendered":"https:\/\/acefootball.com\/da\/?page_id=50"},"modified":"2026-02-12T18:14:51","modified_gmt":"2026-02-12T17:14:51","slug":"velkomstbonus","status":"publish","type":"page","link":"https:\/\/acefootball.com\/da\/spiltips\/velkomstbonus\/","title":{"rendered":"Bonusser"},"content":{"rendered":"\n<ul class=\"list-menu\"><li><a href=\"https:\/\/acefootball.com\/da\/spiltips\/\">SPILTIPS<\/a><\/li><li><a href=\"https:\/\/acefootball.com\/da\/spiltips\/guides\/\">GUIDES<\/a><\/li><li><a href=\"https:\/\/acefootball.com\/da\/spiltips\/velkomstbonus\/\">BONUSSER<\/a><\/li><\/ul>\n\n\n\n<h2 id=\"h-bonusser-og-velkomstbonus\">Bonusser og velkomstbonus<\/h2>\n\n\n\n<p>AceFootball har samlet alle bookmakers velkomstbonusser. Her p\u00e5 siden f\u00e5r du et overblik over hvilke velkomstbonusser du kan f\u00e5 ved bookmakers. Vi giver ogs\u00e5 en beskrivelse af hvad velkomstbonussen indeholder det kan eventuelt v\u00e6re en indbetalingsbonus eller freebets. Du kan ogs\u00e5 l\u00e6se om hvordan du kan udbetale din bonus, hvis den skal gennemspilles f\u00f8rst.<\/p>\n\n\n\n<h2 id=\"h-cashpoint-velkomstbonus\">Cashpoint velkomstbonus<\/h2>\n\n\n\n<figure class=\"wp-block-image size-large\"><a href=\"https:\/\/wlcashpointpartners.adsrv.eacdn.com\/C.ashx?btag=a_6402b_1615c_&amp;affid=4318&amp;siteid=6402&amp;adid=1615&amp;c=\"><img loading=\"lazy\" width=\"1024\" height=\"127\" src=\"https:\/\/acefootball.com\/da\/wp-content\/uploads\/sites\/2\/2022\/06\/d466238c-52d6-4a73-b80a-886dd55f346f-1024x127.jpg\" alt=\"\" class=\"wp-image-260246\" srcset=\"https:\/\/acefootball.com\/da\/wp-content\/uploads\/sites\/2\/2022\/06\/d466238c-52d6-4a73-b80a-886dd55f346f-1024x127.jpg 1024w, https:\/\/acefootball.com\/da\/wp-content\/uploads\/sites\/2\/2022\/06\/d466238c-52d6-4a73-b80a-886dd55f346f-300x37.jpg 300w, https:\/\/acefootball.com\/da\/wp-content\/uploads\/sites\/2\/2022\/06\/d466238c-52d6-4a73-b80a-886dd55f346f-768x95.jpg 768w, https:\/\/acefootball.com\/da\/wp-content\/uploads\/sites\/2\/2022\/06\/d466238c-52d6-4a73-b80a-886dd55f346f.jpg 1456w\" sizes=\"(max-width: 1024px) 100vw, 1024px\" \/><\/a><\/figure>\n\n\n\n<p>Cashpoint er en bookmaker med mange \u00e5r p\u00e5 bagen b\u00e5de p\u00e5 det danske og internationale marked. De fik deres danske bettinglicens tilbage i 2012, men har siden 1996 ogs\u00e5 v\u00e6ret en fast del, af den internationale bettingscene. P\u00e5 Cashpoint.dk kan du finde forskellige sportsbetting-aktiviteter og almindelige spil p\u00e5 det interaktive casino. Cashpoint tilbyder ogs\u00e5 en velkomstbonus, som s\u00e5 mange andre bookmakere, men de har v\u00e6ret en smule mere kreative med deres. Noget som vi godt kan lide. Du kan l\u00e6se forneden 3 korte steps til hvordan det fungere, eller klikke p\u00e5 den gr\u00f8nne knap, for at f\u00e5 noget mere info p\u00e5 cashpoints hjemmeside.<\/p>\n\n\n\n<p><strong>Spil og f\u00e5 freebets i op til fem uger!<\/strong><\/p>\n\n\n\n<p>1. Opret en konto og inbetal<\/p>\n\n\n\n<p>2. Oms\u00e6t din indbetaling \u00e9n gang<\/p>\n\n\n\n<p>3. F\u00e5 ugentlige 100kr freebets i op til fem uger!<\/p>\n\n\n\n<div class=\"wp-block-buttons\">\n<div class=\"wp-block-button\"><a class=\"wp-block-button__link has-vivid-green-cyan-background-color has-background\" href=\"https:\/\/wlcashpointpartners.adsrv.eacdn.com\/C.ashx?btag=a_6402b_1615c_&amp;affid=4318&amp;siteid=6402&amp;adid=1615&amp;c=\" style=\"border-radius:3px\">KLIK HER FOR AT F\u00c5 DIN BONUS<\/a><\/div>\n<\/div>\n\n\n\n<h2 id=\"h-bet365-velkomstbonus\">Bet365 velkomstbonus<\/h2>\n\n\n\n<figure class=\"wp-block-image size-large\"><a href=\"https:\/\/imstore.bet365affiliates.com\/Tracker.aspx?AffiliateId=120415&amp;AffiliateCode=365_00947638&amp;CID=194&amp;DID=84&amp;TID=1&amp;PID=149&amp;LNG=7\" target=\"_blank\" rel=\"noopener\"><img src=\"https:\/\/imstore.bet365affiliates.com\/?AffiliateCode=365_00947638&amp;CID=194&amp;DID=84&amp;TID=1&amp;PID=149&amp;LNG=7\" alt=\"\"\/><\/a><\/figure>\n\n\n\n<p>Som de fleste andre bookmakere tilbyder Bet365 nye spillere en velkomstbonus. Hos Bet365 er bonus 100% af din f\u00f8rste indbetaling op til 1.000 kroner Det vil sige, at n\u00e5r du laver din f\u00f8rste indbetaling eks. 100 kroner, kan du v\u00e6lge at tage imod 100 kroner fra Bet365. Med de 100 kroner I velkomstbonus f\u00f8lger nogle krav. De f\u00f8rste er, at man skal placere et bet p\u00e5 minimum odds 1.20, herefter skal din velkomstbonus spilles igennem 3 gange til minimum odds 1.20. N\u00e5r disse krav er opfyldt, kan du udbetale din bonus samt overskuddet derfra.<\/p>\n\n\n\n<div class=\"wp-block-columns\">\n<div class=\"wp-block-column\" style=\"flex-basis:66.66%\">\n<div class=\"wp-block-buttons\">\n<div class=\"wp-block-button\"><a class=\"wp-block-button__link has-vivid-green-cyan-background-color has-background\" href=\"https:\/\/www.bet365.com\/olp\/open-account?affiliate=365_00925482\" style=\"border-radius:3px\" target=\"_blank\" rel=\"noreferrer noopener\">KLIK HER FOR AT F\u00c5 DIN BONUS<\/a><\/div>\n<\/div>\n<\/div>\n\n\n\n<div class=\"wp-block-column\" style=\"flex-basis:33.34%\">\n<div class=\"wp-block-buttons\">\n<div class=\"wp-block-button\"><a class=\"wp-block-button__link has-vivid-green-cyan-background-color has-background\" href=\"https:\/\/acefootball.com\/da\/spiltips\/velkomstbonus\/bet365\/\" style=\"border-radius:3px\">L\u00c6S MERE HER<\/a><\/div>\n<\/div>\n<\/div>\n<\/div>\n\n\n\n<h2 id=\"h-unibet-velkomstbonus\">Unibet velkomstbonus<\/h2>\n\n\n\n<figure class=\"wp-block-image size-large\"><a href=\"https:\/\/dspk.kindredplc.com\/redirect.aspx?pid=30764999&amp;bid=24219\" target=\"_blank\" rel=\"sponsored noopener\"><img src=\"https:\/\/media.mvcdn.net\/banner.php?ad=25121&amp;i=2194\" alt=\"\"\/><\/a><\/figure>\n\n\n\n<p>Hos Unibet tilbyder de nye brugere en velkomstbonus, hvor Unibet matcher din f\u00f8rste indbetaling med 100%. Man skal minimum indbetale 40 kr., og man kan maks f\u00e5 en velkomstbonus p\u00e5 1500 kr. I praksis betyder det, at hvis du indbetaler 500 kr., giver Unibet dig 500 kr. i velkomstbonus. Man kan ikke udbetale sin velkomstbonus, og den skal gennemspilles otte gange. Det vil sige, at hvis du har modtaget en bonus p\u00e5 500 kr., skal den oms\u00e6ttes til 4000 kr., f\u00f8r den kan udbetales. Hos Unibet har du 60 dage til at gennemspille dine bonuspenge fra aktiveringsdagen. Det er vigtigt, at du er opm\u00e6rksom p\u00e5, at det kun er v\u00e6ddem\u00e5l til odds 1.40 eller h\u00f8jere, som kan bruges til at gennemspille bonussen. Slutteligt er det heller ikke muligt at lukke v\u00e6ddem\u00e5l ved gennemspilningen af bonussen.<\/p>\n\n\n\n<div class=\"wp-block-columns\">\n<div class=\"wp-block-column\" style=\"flex-basis:66.66%\">\n<div class=\"wp-block-buttons\">\n<div class=\"wp-block-button\"><a class=\"wp-block-button__link has-vivid-green-cyan-background-color has-background\" href=\"https:\/\/dspk.kindredplc.com\/redirect.aspx?pid=30764999&amp;bid=24219\" style=\"border-radius:3px\" target=\"_blank\" rel=\"noreferrer noopener\">KLIK HER FOR AT F\u00c5 DIN BONUS<\/a><\/div>\n<\/div>\n<\/div>\n\n\n\n<div class=\"wp-block-column\" style=\"flex-basis:33.33%\">\n<div class=\"wp-block-buttons\">\n<div class=\"wp-block-button\"><a class=\"wp-block-button__link has-vivid-green-cyan-background-color has-background\" href=\"https:\/\/acefootball.com\/da\/spiltips\/velkomstbonus\/unibet\/\" style=\"border-radius:3px\">L\u00c6S MERE HER<\/a><\/div>\n<\/div>\n<\/div>\n<\/div>\n\n\n\n<h2 id=\"h-mr-green-velkomstbonus\">Mr.Green velkomstbonus<\/h2>\n\n\n\n<figure class=\"wp-block-image size-large\">\n<a href=\"https:\/\/ads.mrgreen.com\/redirect.aspx?pid=4676631&amp;bid=22818\"><img alt=\"\" src=\"https:\/\/ads.mrgreen.com\/renderimage.aspx?pid=4676631&amp;bid=22818\" border=\"0\"><\/a>\n<\/figure>\n\n\n\n<p>Velkomstbonussen p\u00e5 Mr.Green udl\u00f8ses, n\u00e5r man som minimum har indbetalt 75 kr. Herefter kan man modtage et 100% ekstra bet helt p\u00e5 til 500 kr. Dette vil sige, at man ogs\u00e5 skal indbetale 500 kr. For at kvalificere sig til dette ekstra bet, skal man oddse eks. 500 kr. p\u00e5 minimum odds 1.80, n\u00e5r dette spil er afgjort, f\u00e5r man sit ekstra bet til r\u00e5dighed. Ekstra bets er kontante, hvilket betyder, at man ikke skal gennemspille det x antal gange efterf\u00f8lgende. Dog har man 7 dage til at benytte sig af sit ekstra bet.<\/p>\n\n\n\n<div class=\"wp-block-columns\">\n<div class=\"wp-block-column\" style=\"flex-basis:66.66%\">\n<div class=\"wp-block-buttons\">\n<div class=\"wp-block-button\"><a class=\"wp-block-button__link has-vivid-green-cyan-background-color has-background\" href=\"https:\/\/ads.mrgreen.com\/redirect.aspx?pid=4519831&amp;bid=18428\" style=\"border-radius:3px\" target=\"_blank\" rel=\"noreferrer noopener\">KLIK HER FOR AT F\u00c5 DIN BONUS<\/a><\/div>\n<\/div>\n<\/div>\n\n\n\n<div class=\"wp-block-column\" style=\"flex-basis:33.33%\">\n<div class=\"wp-block-buttons\">\n<div class=\"wp-block-button\"><a class=\"wp-block-button__link has-vivid-green-cyan-background-color has-background\" href=\"https:\/\/acefootball.com\/da\/spiltips\/velkomstbonus\/mr-green\/\" style=\"border-radius:3px\">L\u00c6S MERE HER<\/a><\/div>\n<\/div>\n<\/div>\n<\/div>\n\n\n\n<h2 id=\"h-betfair-velkomstbonus\">Betfair velkomstbonus<\/h2>\n\n\n\n<p>Hos Betfair har du mulighed for at v\u00e6lge mellem to forskellige velkomstbonusser. Den ene kan benyttes til deres spilleb\u00f8rs, og den anden til sportsbook (traditionel bookmaker). Betfairs velkomstbonus til spilleb\u00f8rsen indeholder et risikofrit bet for 550 kroner. Dette tilbud g\u00e6lder kun for nye kunder, og man skal tilmelde sig med promotion koden: FE0219. Man har 7 dage efter oprettelsen til at placere et odds p\u00e5 spilleb\u00f8rsen for minimum 550 kr. og v\u00e6ddem\u00e5let skal v\u00e6re afgjort inden 7 dage. Hvis det f\u00f8rste odds man placere er under 550 kr., kan man efterf\u00f8lgende ikke g\u00f8re brug af velkomstbonussen. Hvis man opfylder disse krav, betyder det i praksis, at hvis du taber p\u00e5 dit f\u00f8rste odds til 550 kr., vil Betfair returnere din indsats.<\/p>\n\n\n\n<p>Betfairs velkomstbonus p\u00e5 sportsbook giver nye spillere 100% i bonus op til 1000 kr. Det vil sige, at hvis du indbetaler 1000 kr., vil Betfair give dig en bonus p\u00e5 1000 kr. F\u00f8r du kan udbetale din bonus, skal de gennemspilles 8 gange til et odds 1.95 som minimum. Minimumsgr\u00e6nsen for indbetaling lyder p\u00e5 100 kr., s\u00e5 hvis du indbetaler 100 kr. vil du modtage en bonus p\u00e5 100 kr.<\/p>\n\n\n\n<div class=\"wp-block-columns\">\n<div class=\"wp-block-column\" style=\"flex-basis:66.66%\">\n<div class=\"wp-block-buttons\">\n<div class=\"wp-block-button\"><a class=\"wp-block-button__link has-vivid-green-cyan-background-color has-background\" href=\"https:\/\/ads.betfair.com\/redirect.aspx?pid=1802343&amp;bid=9543\" style=\"border-radius:3px\" target=\"_blank\" rel=\"noreferrer noopener\">KLIK HER FOR AT F\u00c5 DIN BONUS<\/a><\/div>\n<\/div>\n<\/div>\n\n\n\n<div class=\"wp-block-column\" style=\"flex-basis:33.33%\">\n<div class=\"wp-block-buttons\">\n<div class=\"wp-block-button\"><a class=\"wp-block-button__link has-vivid-green-cyan-background-color has-background\" href=\"https:\/\/acefootball.com\/da\/spiltips\/velkomstbonus\/betfair\/\" style=\"border-radius:3px\">L\u00c6S MERE HER<\/a><\/div>\n<\/div>\n<\/div>\n<\/div>\n\n\n\n<h2 id=\"h-comeon-velkomstbonus\">ComeOn velkomstbonus<\/h2>\n\n\n\n<figure class=\"wp-block-image size-large\"><\/figure>\n\n\n\n<p>Hos ComeOn tilbyder de en 100% bonus op til 500 kr. Dette vil sige hvis du indbetaler 500 kr. vil ComeOn give dig yderligere 500 kr. i bonus. Minimums indbetalingen lyder p\u00e5 100 kr. hvilket betyder at hvis du indbetaler 100 kr. giver ComeOn dig yderligere 100 kr. at oddse for.<\/p>\n\n\n\n<p>F\u00f8r du kan udbetale din bonus, skal du oms\u00e6tte din bonus 5 gange, s\u00e5 hvis du har indbetalt 500 kr. og modtaget din bonus p\u00e5 500 kr., har du 1000 kr. at oddse for og f\u00f8r du kan udbetale pengene skal du have omsat for 5000 kr. N\u00e5r du skal oms\u00e6tte din bonus, skal du oddse p\u00e5 et odds p\u00e5 minimum 1.80, f\u00f8r det er g\u00e6ldende.<\/p>\n\n\n\n<div class=\"wp-block-columns\">\n<div class=\"wp-block-column\" style=\"flex-basis:66.66%\">\n<div class=\"wp-block-buttons\">\n<div class=\"wp-block-button\"><a class=\"wp-block-button__link has-vivid-green-cyan-background-color has-background\" href=\"https:\/\/media.comeon.com\/tracking.php?tracking_code&amp;aid=112820&amp;mid=4947&amp;sid=399339&amp;pid=2127\" style=\"border-radius:3px\" target=\"_blank\" rel=\"noreferrer noopener\">KLIK HER FOR AT F\u00c5 DIN BONUS<\/a><\/div>\n<\/div>\n<\/div>\n\n\n\n<div class=\"wp-block-column\" style=\"flex-basis:33.33%\">\n<div class=\"wp-block-buttons\">\n<div class=\"wp-block-button\"><a class=\"wp-block-button__link has-vivid-green-cyan-background-color has-background\" href=\"https:\/\/acefootball.com\/da\/spiltips\/velkomstbonus\/comeon\/\" style=\"border-radius:3px\">L\u00c6S MERE HER<\/a><\/div>\n<\/div>\n<\/div>\n<\/div>\n\n\n\n<p><\/p>\n","protected":false},"excerpt":{"rendered":"<p>SPILTIPS GUIDES BONUSSER Bonusser og velkomstbonus AceFootball har samlet alle bookmakers velkomstbonusser. Her p\u00e5 siden f\u00e5r du et overblik over hvilke velkomstbonusser du kan f\u00e5 ved bookmakers. Vi giver ogs\u00e5 en beskrivelse af hvad velkomstbonussen indeholder det kan eventuelt v\u00e6re en indbetalingsbonus eller freebets. Du kan ogs\u00e5 l\u00e6se om hvordan du kan udbetale din bonus, [&hellip;]<\/p>\n","protected":false},"author":80,"featured_media":0,"parent":48,"menu_order":0,"comment_status":"closed","ping_status":"closed","template":"page-dark.php","meta":{"om_disable_all_campaigns":false},"yoast_head":"<!-- This site is optimized with the Yoast SEO plugin v18.3 - https:\/\/yoast.com\/wordpress\/plugins\/seo\/ -->\n<title>Bonusser hos Betting tjenester. Se hvor du f\u00e5r den h\u00f8jeste velkomstbonus<\/title>\n<meta name=\"description\" content=\"AceFootball har samlet alle bookmakers velkomstbonusser. F\u00e5 et overblik over hvilke velkomstbonusser du kan f\u00e5 ved bookmakers.\" \/>\n<meta name=\"robots\" content=\"index, follow, max-snippet:-1, max-image-preview:large, max-video-preview:-1\" \/>\n<link rel=\"canonical\" href=\"https:\/\/acefootball.com\/da\/spiltips\/velkomstbonus\/\" \/>\n<meta property=\"og:locale\" content=\"en_US\" \/>\n<meta property=\"og:type\" content=\"article\" \/>\n<meta property=\"og:title\" content=\"Bonusser hos Betting tjenester. Se hvor du f\u00e5r den h\u00f8jeste velkomstbonus\" \/>\n<meta property=\"og:description\" content=\"AceFootball har samlet alle bookmakers velkomstbonusser. F\u00e5 et overblik over hvilke velkomstbonusser du kan f\u00e5 ved bookmakers.\" \/>\n<meta property=\"og:url\" content=\"https:\/\/acefootball.com\/da\/spiltips\/velkomstbonus\/\" \/>\n<meta property=\"og:site_name\" content=\"Ace Football Danmark\" \/>\n<meta property=\"article:publisher\" content=\"https:\/\/www.facebook.com\/acefootballdk\" \/>\n<meta property=\"article:modified_time\" content=\"2026-02-12T17:14:51+00:00\" \/>\n<meta property=\"og:image\" content=\"https:\/\/acefootball.com\/da\/wp-content\/uploads\/sites\/2\/2022\/06\/d466238c-52d6-4a73-b80a-886dd55f346f-1024x127.jpg\" \/>\n<meta name=\"twitter:card\" content=\"summary_large_image\" \/>\n<meta name=\"twitter:label1\" content=\"Est. reading time\" \/>\n\t<meta name=\"twitter:data1\" content=\"5 minutes\" \/>\n<script type=\"application\/ld+json\" class=\"yoast-schema-graph\">{\"@context\":\"https:\/\/schema.org\",\"@graph\":[{\"@type\":\"Organization\",\"@id\":\"https:\/\/acefootball.com\/da\/#organization\",\"name\":\"Ace Football\",\"url\":\"https:\/\/acefootball.com\/da\/\",\"sameAs\":[\"https:\/\/www.facebook.com\/acefootballdk\"],\"logo\":{\"@type\":\"ImageObject\",\"@id\":\"https:\/\/acefootball.com\/da\/#logo\",\"inLanguage\":\"en-US\",\"url\":\"https:\/\/acefootball.com\/da\/wp-content\/uploads\/sites\/2\/2020\/07\/Ace-Football-30-07-2020-2.png\",\"contentUrl\":\"https:\/\/acefootball.com\/da\/wp-content\/uploads\/sites\/2\/2020\/07\/Ace-Football-30-07-2020-2.png\",\"width\":1200,\"height\":600,\"caption\":\"Ace Football\"},\"image\":{\"@id\":\"https:\/\/acefootball.com\/da\/#logo\"}},{\"@type\":\"WebSite\",\"@id\":\"https:\/\/acefootball.com\/da\/#website\",\"url\":\"https:\/\/acefootball.com\/da\/\",\"name\":\"Ace Football Danmark\",\"description\":\"Nyheder, Spiltips &amp; Livescore\",\"publisher\":{\"@id\":\"https:\/\/acefootball.com\/da\/#organization\"},\"potentialAction\":[{\"@type\":\"SearchAction\",\"target\":{\"@type\":\"EntryPoint\",\"urlTemplate\":\"https:\/\/acefootball.com\/da\/?s={search_term_string}\"},\"query-input\":\"required name=search_term_string\"}],\"inLanguage\":\"en-US\"},{\"@type\":\"ImageObject\",\"@id\":\"https:\/\/acefootball.com\/da\/spiltips\/velkomstbonus\/#primaryimage\",\"inLanguage\":\"en-US\",\"url\":\"https:\/\/acefootball.com\/da\/wp-content\/uploads\/sites\/2\/2022\/06\/d466238c-52d6-4a73-b80a-886dd55f346f.jpg\",\"contentUrl\":\"https:\/\/acefootball.com\/da\/wp-content\/uploads\/sites\/2\/2022\/06\/d466238c-52d6-4a73-b80a-886dd55f346f.jpg\",\"width\":1456,\"height\":180},{\"@type\":\"WebPage\",\"@id\":\"https:\/\/acefootball.com\/da\/spiltips\/velkomstbonus\/#webpage\",\"url\":\"https:\/\/acefootball.com\/da\/spiltips\/velkomstbonus\/\",\"name\":\"Bonusser hos Betting tjenester. Se hvor du f\u00e5r den h\u00f8jeste velkomstbonus\",\"isPartOf\":{\"@id\":\"https:\/\/acefootball.com\/da\/#website\"},\"primaryImageOfPage\":{\"@id\":\"https:\/\/acefootball.com\/da\/spiltips\/velkomstbonus\/#primaryimage\"},\"datePublished\":\"2020-07-14T07:11:15+00:00\",\"dateModified\":\"2026-02-12T17:14:51+00:00\",\"description\":\"AceFootball har samlet alle bookmakers velkomstbonusser. F\u00e5 et overblik over hvilke velkomstbonusser du kan f\u00e5 ved bookmakers.\",\"breadcrumb\":{\"@id\":\"https:\/\/acefootball.com\/da\/spiltips\/velkomstbonus\/#breadcrumb\"},\"inLanguage\":\"en-US\",\"potentialAction\":[{\"@type\":\"ReadAction\",\"target\":[\"https:\/\/acefootball.com\/da\/spiltips\/velkomstbonus\/\"]}]},{\"@type\":\"BreadcrumbList\",\"@id\":\"https:\/\/acefootball.com\/da\/spiltips\/velkomstbonus\/#breadcrumb\",\"itemListElement\":[{\"@type\":\"ListItem\",\"position\":1,\"name\":\"Home\",\"item\":\"https:\/\/acefootball.com\/da\/\"},{\"@type\":\"ListItem\",\"position\":2,\"name\":\"Spiltips\",\"item\":\"https:\/\/acefootball.com\/da\/spiltips\/\"},{\"@type\":\"ListItem\",\"position\":3,\"name\":\"Bonusser\"}]}]}<\/script>\n<!-- \/ Yoast SEO plugin. -->","yoast_head_json":{"title":"Bonusser hos Betting tjenester. Se hvor du f\u00e5r den h\u00f8jeste velkomstbonus","description":"AceFootball har samlet alle bookmakers velkomstbonusser. F\u00e5 et overblik over hvilke velkomstbonusser du kan f\u00e5 ved bookmakers.","robots":{"index":"index","follow":"follow","max-snippet":"max-snippet:-1","max-image-preview":"max-image-preview:large","max-video-preview":"max-video-preview:-1"},"canonical":"https:\/\/acefootball.com\/da\/spiltips\/velkomstbonus\/","og_locale":"en_US","og_type":"article","og_title":"Bonusser hos Betting tjenester. Se hvor du f\u00e5r den h\u00f8jeste velkomstbonus","og_description":"AceFootball har samlet alle bookmakers velkomstbonusser. F\u00e5 et overblik over hvilke velkomstbonusser du kan f\u00e5 ved bookmakers.","og_url":"https:\/\/acefootball.com\/da\/spiltips\/velkomstbonus\/","og_site_name":"Ace Football Danmark","article_publisher":"https:\/\/www.facebook.com\/acefootballdk","article_modified_time":"2026-02-12T17:14:51+00:00","og_image":[{"url":"https:\/\/acefootball.com\/da\/wp-content\/uploads\/sites\/2\/2022\/06\/d466238c-52d6-4a73-b80a-886dd55f346f-1024x127.jpg"}],"twitter_card":"summary_large_image","twitter_misc":{"Est. reading time":"5 minutes"},"schema":{"@context":"https:\/\/schema.org","@graph":[{"@type":"Organization","@id":"https:\/\/acefootball.com\/da\/#organization","name":"Ace Football","url":"https:\/\/acefootball.com\/da\/","sameAs":["https:\/\/www.facebook.com\/acefootballdk"],"logo":{"@type":"ImageObject","@id":"https:\/\/acefootball.com\/da\/#logo","inLanguage":"en-US","url":"https:\/\/acefootball.com\/da\/wp-content\/uploads\/sites\/2\/2020\/07\/Ace-Football-30-07-2020-2.png","contentUrl":"https:\/\/acefootball.com\/da\/wp-content\/uploads\/sites\/2\/2020\/07\/Ace-Football-30-07-2020-2.png","width":1200,"height":600,"caption":"Ace Football"},"image":{"@id":"https:\/\/acefootball.com\/da\/#logo"}},{"@type":"WebSite","@id":"https:\/\/acefootball.com\/da\/#website","url":"https:\/\/acefootball.com\/da\/","name":"Ace Football Danmark","description":"Nyheder, Spiltips &amp; Livescore","publisher":{"@id":"https:\/\/acefootball.com\/da\/#organization"},"potentialAction":[{"@type":"SearchAction","target":{"@type":"EntryPoint","urlTemplate":"https:\/\/acefootball.com\/da\/?s={search_term_string}"},"query-input":"required name=search_term_string"}],"inLanguage":"en-US"},{"@type":"ImageObject","@id":"https:\/\/acefootball.com\/da\/spiltips\/velkomstbonus\/#primaryimage","inLanguage":"en-US","url":"https:\/\/acefootball.com\/da\/wp-content\/uploads\/sites\/2\/2022\/06\/d466238c-52d6-4a73-b80a-886dd55f346f.jpg","contentUrl":"https:\/\/acefootball.com\/da\/wp-content\/uploads\/sites\/2\/2022\/06\/d466238c-52d6-4a73-b80a-886dd55f346f.jpg","width":1456,"height":180},{"@type":"WebPage","@id":"https:\/\/acefootball.com\/da\/spiltips\/velkomstbonus\/#webpage","url":"https:\/\/acefootball.com\/da\/spiltips\/velkomstbonus\/","name":"Bonusser hos Betting tjenester. Se hvor du f\u00e5r den h\u00f8jeste velkomstbonus","isPartOf":{"@id":"https:\/\/acefootball.com\/da\/#website"},"primaryImageOfPage":{"@id":"https:\/\/acefootball.com\/da\/spiltips\/velkomstbonus\/#primaryimage"},"datePublished":"2020-07-14T07:11:15+00:00","dateModified":"2026-02-12T17:14:51+00:00","description":"AceFootball har samlet alle bookmakers velkomstbonusser. F\u00e5 et overblik over hvilke velkomstbonusser du kan f\u00e5 ved bookmakers.","breadcrumb":{"@id":"https:\/\/acefootball.com\/da\/spiltips\/velkomstbonus\/#breadcrumb"},"inLanguage":"en-US","potentialAction":[{"@type":"ReadAction","target":["https:\/\/acefootball.com\/da\/spiltips\/velkomstbonus\/"]}]},{"@type":"BreadcrumbList","@id":"https:\/\/acefootball.com\/da\/spiltips\/velkomstbonus\/#breadcrumb","itemListElement":[{"@type":"ListItem","position":1,"name":"Home","item":"https:\/\/acefootball.com\/da\/"},{"@type":"ListItem","position":2,"name":"Spiltips","item":"https:\/\/acefootball.com\/da\/spiltips\/"},{"@type":"ListItem","position":3,"name":"Bonusser"}]}]}},"_links":{"self":[{"href":"https:\/\/acefootball.com\/da\/wp-json\/wp\/v2\/pages\/50"}],"collection":[{"href":"https:\/\/acefootball.com\/da\/wp-json\/wp\/v2\/pages"}],"about":[{"href":"https:\/\/acefootball.com\/da\/wp-json\/wp\/v2\/types\/page"}],"author":[{"embeddable":true,"href":"https:\/\/acefootball.com\/da\/wp-json\/wp\/v2\/users\/80"}],"replies":[{"embeddable":true,"href":"https:\/\/acefootball.com\/da\/wp-json\/wp\/v2\/comments?post=50"}],"version-history":[{"count":0,"href":"https:\/\/acefootball.com\/da\/wp-json\/wp\/v2\/pages\/50\/revisions"}],"up":[{"embeddable":true,"href":"https:\/\/acefootball.com\/da\/wp-json\/wp\/v2\/pages\/48"}],"wp:attachment":[{"href":"https:\/\/acefootball.com\/da\/wp-json\/wp\/v2\/media?parent=50"}],"curies":[{"name":"wp","href":"https:\/\/api.w.org\/{rel}","templated":true}]}}