{"id":5,"date":"2017-07-14T22:46:27","date_gmt":"2017-07-14T20:46:27","guid":{"rendered":"https:\/\/acefootball.com\/da\/?page_id=5"},"modified":"2026-02-12T18:10:11","modified_gmt":"2026-02-12T17:10:11","slug":"forside","status":"publish","type":"page","link":"https:\/\/acefootball.com\/da\/","title":{"rendered":"Ace Football: odds, nyheder og livescore"},"content":{"rendered":"\n<script async=\"\" custom-element=\"si-stories\" src=\"https:\/\/goliath-cdn.si-ab.com\/stories\/bundle.js?v7\"><\/script>\n<si-stories project-id=\"ace\" categories=\"-watch\" appearance=\"on-dark\"><\/si-stories>\n\n\n\n<si-lb-widget widget-id=\"FixturesMiniV2\" nopadding=\"true\" transparent=\"true\" card=\"true\" match-status=\"upcoming_matches\" limit=\"100\" width=\"900\" language=\"da\" providers=\"bcgame,roobet,mrgreen,comeon,bet365\" tournaments=\"42,10611,73,10613,10216,10615,74,50,76,77,10195,10197,10198,10199,78,288,66,54,47,48,247,268,53,57,55,64,87,44,299,45,130,9806,9807,9808,9809,289,292\"><\/si-lb-widget>\n\n\n            <section id=\"frontpage-spiltips\" class=\"news-list \">\r\n                                    <h2 class=\"section-title w-100\">Seneste spiltips<\/h2>\r\n                    \r\n                                <div class=\"articles\">\r\n                    \r\n                                                <article class=\"new first\">\r\n                                <div class=\"header\" style=\"background:url('https:\/\/acefootball.com\/da\/wp-content\/uploads\/sites\/2\/2026\/05\/si_article_builder_4045916839-536x462.png');background-size:cover;\">\r\n                                    <div class=\"header-info\">\r\n                                        <h3 class=\"title\">3F Superliga: Randers FC vs OB &#8211; Optakt og Spilfiduser<\/h3>\r\n                                        <span class=\"posted-on\"><span class=\"posted-on\"><time class=\"entry-date published updated\" datetime=\"\"><span class=\"post-date\">Thursday 00:09<\/span><\/time><\/span><\/span>\r\n                                    <\/div>\r\n                                <\/div>\r\n                                <a href=\"https:\/\/acefootball.com\/da\/fodboldnyheder\/3f-superliga-randers-fc-vs-ob-optakt-og-spilfiduser-2\/\" title=\"si_article_builder_4045916839.png\"><\/a>\r\n                            <\/article>\r\n                                                                                        <div class=\"article-list\">\r\n                                                            <article class=\"new\">\r\n                                <div class=\"image\">\r\n                                                                            <a href=\"https:\/\/acefootball.com\/da\/fodboldnyheder\/3f-superliga-brondby-if-vs-agf-optakt-og-spilfiduser-2\/\">\r\n                                            <img width=\"356\" height=\"220\" src=\"https:\/\/acefootball.com\/da\/wp-content\/uploads\/sites\/2\/2026\/05\/si_article_builder_2444318289-356x220.png\" class=\"featured-image wp-post-image\" alt=\"\" loading=\"lazy\" \/>                                        <\/a>\r\n                                                                    <\/div>\r\n\r\n                                <div class=\"header\">\r\n                                    <div class=\"header-info\">\r\n                                        <a href=\"https:\/\/acefootball.com\/da\/fodboldnyheder\/3f-superliga-brondby-if-vs-agf-optakt-og-spilfiduser-2\/\">\r\n                                            <h3 class=\"title\">3F Superliga: Br\u00f8ndby IF vs AGF &#8211; Optakt og Spilfiduser<\/h3>\r\n                                            <span class=\"posted-on\"><time class=\"entry-date published updated\" datetime=\"1778026225\"><span class=\"post-date\">Wednesday 00:10<\/span><\/time><\/span>                                        <\/a>\r\n                                    <\/div>\r\n                                <\/div>\r\n                            <\/article>\r\n                                                        <article class=\"new\">\r\n                                <div class=\"image\">\r\n                                                                            <a href=\"https:\/\/acefootball.com\/da\/fodboldnyheder\/3f-superliga-silkeborg-if-vs-f-c-kobenhavn-optakt-og-spilfiduser-2\/\">\r\n                                            <img width=\"356\" height=\"220\" src=\"https:\/\/acefootball.com\/da\/wp-content\/uploads\/sites\/2\/2026\/05\/si_article_builder_3895185518-356x220.png\" class=\"featured-image wp-post-image\" alt=\"\" loading=\"lazy\" \/>                                        <\/a>\r\n                                                                    <\/div>\r\n\r\n                                <div class=\"header\">\r\n                                    <div class=\"header-info\">\r\n                                        <a href=\"https:\/\/acefootball.com\/da\/fodboldnyheder\/3f-superliga-silkeborg-if-vs-f-c-kobenhavn-optakt-og-spilfiduser-2\/\">\r\n                                            <h3 class=\"title\">3F Superliga: Silkeborg IF vs F.C. K\u00f8benhavn &#8211; Optakt og Spilfiduser<\/h3>\r\n                                            <span class=\"posted-on\"><time class=\"entry-date published updated\" datetime=\"1778026209\"><span class=\"post-date\">Wednesday 00:10<\/span><\/time><\/span>                                        <\/a>\r\n                                    <\/div>\r\n                                <\/div>\r\n                            <\/article>\r\n                                                        <article class=\"new\">\r\n                                <div class=\"image\">\r\n                                                                            <a href=\"https:\/\/acefootball.com\/da\/fodboldnyheder\/3f-superliga-vejle-boldklub-vs-fc-fredericia-optakt-og-spilfiduser-2\/\">\r\n                                            <img width=\"356\" height=\"220\" src=\"https:\/\/acefootball.com\/da\/wp-content\/uploads\/sites\/2\/2026\/05\/si_article_builder_2208434230-356x220.png\" class=\"featured-image wp-post-image\" alt=\"\" loading=\"lazy\" \/>                                        <\/a>\r\n                                                                    <\/div>\r\n\r\n                                <div class=\"header\">\r\n                                    <div class=\"header-info\">\r\n                                        <a href=\"https:\/\/acefootball.com\/da\/fodboldnyheder\/3f-superliga-vejle-boldklub-vs-fc-fredericia-optakt-og-spilfiduser-2\/\">\r\n                                            <h3 class=\"title\">3F Superliga: Vejle Boldklub vs FC Fredericia &#8211; Optakt og Spilfiduser<\/h3>\r\n                                            <span class=\"posted-on\"><time class=\"entry-date published updated\" datetime=\"1778026190\"><span class=\"post-date\">Wednesday 00:09<\/span><\/time><\/span>                                        <\/a>\r\n                                    <\/div>\r\n                                <\/div>\r\n                            <\/article>\r\n                                                        <article class=\"new\">\r\n                                <div class=\"image\">\r\n                                                                            <a href=\"https:\/\/acefootball.com\/da\/fodboldnyheder\/3f-superliga-fc-nordsjaelland-vs-fc-midtjylland-optakt-og-spilfiduser-2\/\">\r\n                                            <img width=\"356\" height=\"220\" src=\"https:\/\/acefootball.com\/da\/wp-content\/uploads\/sites\/2\/2026\/05\/si_article_builder_2971735987-356x220.png\" class=\"featured-image wp-post-image\" alt=\"\" loading=\"lazy\" \/>                                        <\/a>\r\n                                                                    <\/div>\r\n\r\n                                <div class=\"header\">\r\n                                    <div class=\"header-info\">\r\n                                        <a href=\"https:\/\/acefootball.com\/da\/fodboldnyheder\/3f-superliga-fc-nordsjaelland-vs-fc-midtjylland-optakt-og-spilfiduser-2\/\">\r\n                                            <h3 class=\"title\">3F Superliga: FC Nordsj\u00e6lland vs FC Midtjylland &#8211; Optakt og Spilfiduser<\/h3>\r\n                                            <span class=\"posted-on\"><time class=\"entry-date published updated\" datetime=\"1778026173\"><span class=\"post-date\">Wednesday 00:09<\/span><\/time><\/span>                                        <\/a>\r\n                                    <\/div>\r\n                                <\/div>\r\n                            <\/article>\r\n                                                            <\/div>\r\n                                \r\n                                    <\/div>\r\n                        <\/section>\r\n            \n\n\n\n<p class=\"has-text-align-center\" style=\"font-size:11px\"><em><span class=\"has-inline-color has-white-color\">18 + | <em><a href=\"https:\/\/www.leovegas.com\/da-dk\/kampagner\/vilkaar\" target=\"_blank\" rel=\"noreferrer noopener\">Regler og vilk\u00e5r g\u00e6lder<\/a><\/em> | Spil ansvarligt | Selvudeluk via<em> <a href=\"https:\/\/www.rofus.nu\/\" target=\"_blank\" rel=\"noreferrer noopener\">ROFUS.nu<\/a><\/em> | Kontakt Spillemyndighedens hj\u00e6lpelinje p\u00e5 <em><a href=\"https:\/\/www.stopspillet.dk\/\" target=\"_blank\" rel=\"noreferrer noopener\">StopSpillet.dk<\/a><\/em> | Kun for nye spillere. Min. indsats p\u00e5 100 kr til odds 1,80. Maks freebet op til 500 kr. Aktiveres under &#8220;mine tilbud&#8221; og skal bruges inden 60 dage. Skrill indbetalinger er ikke bonusberettigede. Freebet g\u00e6lder kun som et livebet.<\/span><\/em><\/p>\n\n\n\n<div class=\"wp-block-si-widget wp-block-si-widget--center\"><si-lb-widget widget-id=\"MatchesOddsCompare\" width=\"900\" data-active-im-editor=\"false\" data-supported-tournaments=\"42,73,74,50,77,10195,46,85,242,54,47,48,247,53,57,55,87,44,67,130,168,9806,9807,9808,9809,10216,292\" data-providers=\"bet365,unibet,mrgreen,comeon\" data-allow-collapse=\"true\" data-card=\"true\"><\/si-lb-widget><\/div>\n\n\n\n<p class=\"has-text-align-center\" style=\"font-size:11px\"><em><span class=\"has-inline-color has-white-color\">18 + | <a href=\"https:\/\/www.leovegasaffiliates.com\/terms-and-conditions\" target=\"_blank\" rel=\"noreferrer noopener\">Regler og vilk\u00e5r g\u00e6lder<\/a> | Spil ansvarligt | Selvudeluk via<a href=\"http:\/\/www.rofus.no\" target=\"_blank\" rel=\"noreferrer noopener\"> ROFUS.nu <\/a>| Kontakt Spillemyndighedens hj\u00e6lpelinje p\u00e5 <a href=\"http:\/\/www.stopspillet.dk\" target=\"_blank\" rel=\"noreferrer noopener\">StopSpillet.dk <\/a>| Kun for nye spillere Min. indsats p\u00e5 100 kr til odds 1,80 Maks freebet op til 600 kr. Aktiveres under &#8220;&#8221;mine tilbud&#8221;&#8221; og skal bruges inden 60 dage. Skrill og PaySafeCard indbetalinger er ikke bonusberettigede. Freebet g\u00e6lder kun som et livebet.bonusberettigede. Freebet g\u00e6lder kun som et livebet.<\/span><\/em><\/p>\n\n\n\n<p class=\"has-white-color has-text-color\">Hos Ace Football tilbyder vi et bredt udvalg af forskellige odds, tips og spilforslag. Ace Football g\u00f8r det lettere for dig som oddser at opn\u00e5 succes som sportsbetter. Udnyt vores artikler med widgets om spilfiduser for at blive en erfaren oddsekspert.<\/p>\n\n\n\n<p class=\"has-white-color has-text-color\">Vores spiltips, ogs\u00e5 kendt som spilfiduser, spilforslag, odds tips eller betting tips, er omhyggeligt udvalgt baseret p\u00e5 statistikker og ekspertvurderinger. F\u00f8lg vores daglige spilforslag, som omfatter et bredt udvalg af forskellige oddstips til dagens fodboldkampe.<\/p>\n\n\n\n<p class=\"has-white-color has-text-color\"><a href=\"https:\/\/acefootball.com\/da\/spiltips\/\"><span class=\"has-inline-color has-vivid-cyan-blue-color\">Ace Footballs spiltips-sektion<\/span><\/a> henvender sig b\u00e5de til erfarne oddsere og nye spillere, der \u00f8nsker at begynde at oddse. P\u00e5 vores hjemmeside kan du finde vejledninger om, hvordan du kommer i gang med at oddse. Hvis du er i tvivl om forskellige odds-begreber, kan du ogs\u00e5 l\u00e6se mere i vores guide til odds og tips. P\u00e5&nbsp;<a href=\"https:\/\/casino-uden-rofus.co\" target=\"_blank\" rel=\"noreferrer noopener\"><span class=\"has-inline-color has-vivid-cyan-blue-color\">casino-uden-rofus.co<\/span><\/a>&nbsp;finder du nye casinoer, der er uden ROFUS.<\/p>\n","protected":false},"excerpt":{"rendered":"<p>18 + | Regler og vilk\u00e5r g\u00e6lder | Spil ansvarligt | Selvudeluk via ROFUS.nu | Kontakt Spillemyndighedens hj\u00e6lpelinje p\u00e5 StopSpillet.dk | Kun for nye spillere. Min. indsats p\u00e5 100 kr til odds 1,80. Maks freebet op til 500 kr. Aktiveres under &#8220;mine tilbud&#8221; og skal bruges inden 60 dage. Skrill indbetalinger er ikke bonusberettigede. Freebet [&hellip;]<\/p>\n","protected":false},"author":1,"featured_media":0,"parent":0,"menu_order":0,"comment_status":"closed","ping_status":"closed","template":"","meta":{"om_disable_all_campaigns":false},"yoast_head":"<!-- This site is optimized with the Yoast SEO plugin v18.3 - https:\/\/yoast.com\/wordpress\/plugins\/seo\/ -->\n<title>Ace Football - Nyheder, Spiltips &amp; Livescore<\/title>\n<meta name=\"description\" content=\"De seneste fodboldnyheder, rygter, kampe, resultater og stillinger fra fodboldens verden. Hent Danmarks bedste fodbold app her\" \/>\n<meta name=\"robots\" content=\"index, follow, max-snippet:-1, max-image-preview:large, max-video-preview:-1\" \/>\n<link rel=\"canonical\" href=\"https:\/\/acefootball.com\/da\/\" \/>\n<meta property=\"og:locale\" content=\"en_US\" \/>\n<meta property=\"og:type\" content=\"article\" \/>\n<meta property=\"og:title\" content=\"Ace Football, Danmark. Odds, nyheder, livescore og meget mere\" \/>\n<meta property=\"og:description\" content=\"De seneste fodboldnyheder, rygter, kampe, resultater og stillinger fra fodboldens verden. Hent Danmarks bedste fodbold app her\" \/>\n<meta property=\"og:url\" content=\"https:\/\/acefootball.com\/da\/\" \/>\n<meta property=\"og:site_name\" content=\"Ace Football Danmark\" \/>\n<meta property=\"article:publisher\" content=\"https:\/\/www.facebook.com\/acefootballdk\" \/>\n<meta property=\"article:modified_time\" content=\"2026-02-12T17:10:11+00:00\" \/>\n<meta name=\"twitter:card\" content=\"summary_large_image\" \/>\n<meta name=\"twitter:title\" content=\"Ace Football, Danmark. Odds, nyheder, livescore og meget mere\" \/>\n<meta name=\"twitter:description\" content=\"De seneste fodboldnyheder, rygter, kampe, resultater og stillinger fra fodboldens verden. Hent Danmarks bedste fodbold app her\" \/>\n<meta name=\"twitter:label1\" content=\"Est. reading time\" \/>\n\t<meta name=\"twitter:data1\" content=\"2 minutes\" \/>\n<script type=\"application\/ld+json\" class=\"yoast-schema-graph\">{\"@context\":\"https:\/\/schema.org\",\"@graph\":[{\"@type\":\"Organization\",\"@id\":\"https:\/\/acefootball.com\/da\/#organization\",\"name\":\"Ace Football\",\"url\":\"https:\/\/acefootball.com\/da\/\",\"sameAs\":[\"https:\/\/www.facebook.com\/acefootballdk\"],\"logo\":{\"@type\":\"ImageObject\",\"@id\":\"https:\/\/acefootball.com\/da\/#logo\",\"inLanguage\":\"en-US\",\"url\":\"https:\/\/acefootball.com\/da\/wp-content\/uploads\/sites\/2\/2020\/07\/Ace-Football-30-07-2020-2.png\",\"contentUrl\":\"https:\/\/acefootball.com\/da\/wp-content\/uploads\/sites\/2\/2020\/07\/Ace-Football-30-07-2020-2.png\",\"width\":1200,\"height\":600,\"caption\":\"Ace Football\"},\"image\":{\"@id\":\"https:\/\/acefootball.com\/da\/#logo\"}},{\"@type\":\"WebSite\",\"@id\":\"https:\/\/acefootball.com\/da\/#website\",\"url\":\"https:\/\/acefootball.com\/da\/\",\"name\":\"Ace Football Danmark\",\"description\":\"Nyheder, Spiltips &amp; Livescore\",\"publisher\":{\"@id\":\"https:\/\/acefootball.com\/da\/#organization\"},\"potentialAction\":[{\"@type\":\"SearchAction\",\"target\":{\"@type\":\"EntryPoint\",\"urlTemplate\":\"https:\/\/acefootball.com\/da\/?s={search_term_string}\"},\"query-input\":\"required name=search_term_string\"}],\"inLanguage\":\"en-US\"},{\"@type\":\"ImageObject\",\"@id\":\"https:\/\/acefootball.com\/da\/#primaryimage\",\"inLanguage\":\"en-US\",\"url\":\"\",\"contentUrl\":\"\"},{\"@type\":\"WebPage\",\"@id\":\"https:\/\/acefootball.com\/da\/#webpage\",\"url\":\"https:\/\/acefootball.com\/da\/\",\"name\":\"Ace Football - Nyheder, Spiltips & Livescore\",\"isPartOf\":{\"@id\":\"https:\/\/acefootball.com\/da\/#website\"},\"datePublished\":\"2017-07-14T20:46:27+00:00\",\"dateModified\":\"2026-02-12T17:10:11+00:00\",\"description\":\"De seneste fodboldnyheder, rygter, kampe, resultater og stillinger fra fodboldens verden. Hent Danmarks bedste fodbold app her\",\"breadcrumb\":{\"@id\":\"https:\/\/acefootball.com\/da\/#breadcrumb\"},\"inLanguage\":\"en-US\",\"potentialAction\":[{\"@type\":\"ReadAction\",\"target\":[\"https:\/\/acefootball.com\/da\/\"]}]},{\"@type\":\"BreadcrumbList\",\"@id\":\"https:\/\/acefootball.com\/da\/#breadcrumb\",\"itemListElement\":[{\"@type\":\"ListItem\",\"position\":1,\"name\":\"Home\",\"item\":\"https:\/\/acefootball.com\/da\/\"},{\"@type\":\"ListItem\",\"position\":2,\"name\":\"Ace Football: odds, nyheder og livescore\"}]}]}<\/script>\n<!-- \/ Yoast SEO plugin. -->","yoast_head_json":{"title":"Ace Football - Nyheder, Spiltips & Livescore","description":"De seneste fodboldnyheder, rygter, kampe, resultater og stillinger fra fodboldens verden. Hent Danmarks bedste fodbold app her","robots":{"index":"index","follow":"follow","max-snippet":"max-snippet:-1","max-image-preview":"max-image-preview:large","max-video-preview":"max-video-preview:-1"},"canonical":"https:\/\/acefootball.com\/da\/","og_locale":"en_US","og_type":"article","og_title":"Ace Football, Danmark. Odds, nyheder, livescore og meget mere","og_description":"De seneste fodboldnyheder, rygter, kampe, resultater og stillinger fra fodboldens verden. Hent Danmarks bedste fodbold app her","og_url":"https:\/\/acefootball.com\/da\/","og_site_name":"Ace Football Danmark","article_publisher":"https:\/\/www.facebook.com\/acefootballdk","article_modified_time":"2026-02-12T17:10:11+00:00","twitter_card":"summary_large_image","twitter_title":"Ace Football, Danmark. Odds, nyheder, livescore og meget mere","twitter_description":"De seneste fodboldnyheder, rygter, kampe, resultater og stillinger fra fodboldens verden. Hent Danmarks bedste fodbold app her","twitter_misc":{"Est. reading time":"2 minutes"},"schema":{"@context":"https:\/\/schema.org","@graph":[{"@type":"Organization","@id":"https:\/\/acefootball.com\/da\/#organization","name":"Ace Football","url":"https:\/\/acefootball.com\/da\/","sameAs":["https:\/\/www.facebook.com\/acefootballdk"],"logo":{"@type":"ImageObject","@id":"https:\/\/acefootball.com\/da\/#logo","inLanguage":"en-US","url":"https:\/\/acefootball.com\/da\/wp-content\/uploads\/sites\/2\/2020\/07\/Ace-Football-30-07-2020-2.png","contentUrl":"https:\/\/acefootball.com\/da\/wp-content\/uploads\/sites\/2\/2020\/07\/Ace-Football-30-07-2020-2.png","width":1200,"height":600,"caption":"Ace Football"},"image":{"@id":"https:\/\/acefootball.com\/da\/#logo"}},{"@type":"WebSite","@id":"https:\/\/acefootball.com\/da\/#website","url":"https:\/\/acefootball.com\/da\/","name":"Ace Football Danmark","description":"Nyheder, Spiltips &amp; Livescore","publisher":{"@id":"https:\/\/acefootball.com\/da\/#organization"},"potentialAction":[{"@type":"SearchAction","target":{"@type":"EntryPoint","urlTemplate":"https:\/\/acefootball.com\/da\/?s={search_term_string}"},"query-input":"required name=search_term_string"}],"inLanguage":"en-US"},{"@type":"ImageObject","@id":"https:\/\/acefootball.com\/da\/#primaryimage","inLanguage":"en-US","url":"","contentUrl":""},{"@type":"WebPage","@id":"https:\/\/acefootball.com\/da\/#webpage","url":"https:\/\/acefootball.com\/da\/","name":"Ace Football - Nyheder, Spiltips & Livescore","isPartOf":{"@id":"https:\/\/acefootball.com\/da\/#website"},"datePublished":"2017-07-14T20:46:27+00:00","dateModified":"2026-02-12T17:10:11+00:00","description":"De seneste fodboldnyheder, rygter, kampe, resultater og stillinger fra fodboldens verden. Hent Danmarks bedste fodbold app her","breadcrumb":{"@id":"https:\/\/acefootball.com\/da\/#breadcrumb"},"inLanguage":"en-US","potentialAction":[{"@type":"ReadAction","target":["https:\/\/acefootball.com\/da\/"]}]},{"@type":"BreadcrumbList","@id":"https:\/\/acefootball.com\/da\/#breadcrumb","itemListElement":[{"@type":"ListItem","position":1,"name":"Home","item":"https:\/\/acefootball.com\/da\/"},{"@type":"ListItem","position":2,"name":"Ace Football: odds, nyheder og livescore"}]}]}},"_links":{"self":[{"href":"https:\/\/acefootball.com\/da\/wp-json\/wp\/v2\/pages\/5"}],"collection":[{"href":"https:\/\/acefootball.com\/da\/wp-json\/wp\/v2\/pages"}],"about":[{"href":"https:\/\/acefootball.com\/da\/wp-json\/wp\/v2\/types\/page"}],"author":[{"embeddable":true,"href":"https:\/\/acefootball.com\/da\/wp-json\/wp\/v2\/users\/1"}],"replies":[{"embeddable":true,"href":"https:\/\/acefootball.com\/da\/wp-json\/wp\/v2\/comments?post=5"}],"version-history":[{"count":0,"href":"https:\/\/acefootball.com\/da\/wp-json\/wp\/v2\/pages\/5\/revisions"}],"wp:attachment":[{"href":"https:\/\/acefootball.com\/da\/wp-json\/wp\/v2\/media?parent=5"}],"curies":[{"name":"wp","href":"https:\/\/api.w.org\/{rel}","templated":true}]}}