{"id":49,"date":"2020-07-14T09:02:46","date_gmt":"2020-07-14T07:02:46","guid":{"rendered":"https:\/\/acefootball.com\/da\/?page_id=49"},"modified":"2020-09-10T12:33:37","modified_gmt":"2020-09-10T10:33:37","slug":"guides","status":"publish","type":"page","link":"https:\/\/acefootball.com\/da\/spiltips\/guides\/","title":{"rendered":"Guides"},"content":{"rendered":"\n<ul class=\"list-menu\"><li><a href=\"https:\/\/acefootball.com\/da\/spiltips\/\">SPILTIPS<\/a><\/li><li><a href=\"https:\/\/acefootball.com\/da\/spiltips\/guides\/\">GUIDES<\/a><\/li><li><a href=\"https:\/\/acefootball.com\/da\/spiltips\/velkomstbonus\/\">BONUSSER<\/a><\/li><\/ul>\n\n\n\n<h2>Guides til odds-systemer og tips<\/h2>\n\n\n\n<p>L\u00e6r at oddse; Det er ikke altid lige let at holde styr p\u00e5 alle odds-begreber. Her finder du den komplette guide med betting-tips til nybegyndere, som skal i gang med at oddse for f\u00f8rste gang. Hvis du allerede er en etableret oddser, vil vi ogs\u00e5 i denne sektion hj\u00e6lpe dig med at blive bedre til at oddse.<\/p>\n\n\n\n<h3>S\u00e5dan oddser du:<\/h3>\n\n\n\n<p>N\u00e5r man oddser, spiller man oftest p\u00e5 udfaldet at en sportskamp. Det kan f.eks. v\u00e6re fodbold, h\u00e5ndbold, basketball, e-sport, tennis eller mange andre sportsgrene.&nbsp;<\/p>\n\n\n\n<p>N\u00e5r du har oprettet dig hos en bookmaker (her kan du finde anbefaling af bookmakere og deres velkomstbonusser) og indbetalt 100 kroner, kan du sortere efter hvilken sportsgren, du gerne vil oddse p\u00e5.&nbsp;<\/p>\n\n\n\n<p>Herefter finder du en given kamp, lad os sige FCK spiller mod Br\u00f8ndby, og du er overbevist om, at FCK kan vinde over Br\u00f8ndby i Parken. Hos bookmakerne vil hjemmeholdet altid v\u00e6re et 1-tal og et givet odds, det kan eks. se s\u00e5dan ud (1: 1.90). Det vil sige at du oddser p\u00e5 hjemmeholdet til at vinde kampen, og du f\u00e5r 1.90 gange pengene igen. Hvis du oddser 100 kroner p\u00e5 en FCK sejr til odds 1.90, vil du vinde 190 kroner og st\u00e5 med et overskud p\u00e5 90 kr.&nbsp;<\/p>\n\n\n\n<p>Oddser man p\u00e5 udeholdet, vil det altid v\u00e6re et 2-tal, som eks. vil se s\u00e5dan ud (2: 2.25), og sidst hvis man oddser p\u00e5, at kampen ender uafgjort, vil det v\u00e6re markeret med et X. Oddset p\u00e5 en kamp mellem FCK og Br\u00f8ndby vil s\u00e5ledes se s\u00e5dan ud (1: 1.90 X: 3.30 2: 2.25)<\/p>\n\n\n\n<h3>Hvad er Asian-handicap?<\/h3>\n\n\n\n<p>Asian handicap er en v\u00e6ddem\u00e5lstype, der er med til at eliminere styrkeforholdet mellem to hold og herudover fjerne muligheden for at holdene spiller uafgjort. Kort fortalt bliver oddsene for begge hold balanceret og vindermulighederne bliver lige. Ved dette v\u00e6ddem\u00e5l vil man enten tr\u00e6kke fra eller l\u00e6gge m\u00e5l til holdenes samlede antal af m\u00e5l, hvis dit odds ikke overstiger eller er under handicappet, vil du vinde din indsats tilbage. Hvis holdene spiller uafgjort, f\u00e5r du ligeledes din indsats tilbage. Dette vil sige, at risikoen p\u00e5 at tabe via Asian-handicap er minimeret.<\/p>\n\n\n\n<h3>Hvad betyder Over\/Under 2,5 m\u00e5l?<\/h3>\n\n\n\n<p>Hvis du placeret et bet p\u00e5 Over 2,5 m\u00e5l, betyder det, at der, i den kamp du oddser p\u00e5, skal komme minimum 3 m\u00e5l i alt. Man spiller alts\u00e5 p\u00e5, hvor mange m\u00e5l der bliver scoret i kampen.<\/p>\n\n\n\n<p>Eks. Dette vil sige, hvis Liverpool vinder 2-1 over Manchester United i en fodboldkamp, vil dit odds v\u00e6re succesfuldt.<\/p>\n\n\n\n<p>Det samme g\u00f8r sig g\u00e6ldende, hvis du spiller Under 2,5 m\u00e5l, s\u00e5 har du oddset p\u00e5, at holdene ikke scorer mere end 2 m\u00e5l i kampen.<\/p>\n\n\n\n<h3>Dobbeltchance<\/h3>\n\n\n\n<p>I stedet for at oddse 1, X eller 2 kan man i denne v\u00e6ddem\u00e5lstype kombinere 1, X eller 2. Det vil sige, at hvis du er sikker p\u00e5, at hjemmeholdet (1) ikke vil tabe, kan du helgardere dig ved at spille 1X. Hvis kampen ender med en hjemmesejr eller uafgjort, vil du vinde p\u00e5 dit odds. Dobbeltchance kan kombineres p\u00e5 3 m\u00e5der.<\/p>\n\n\n\n<p>1X<br>X2<br>12<\/p>\n\n\n\n<p>Eks.&nbsp; Kamp mellem Arsenal \u2013 Chelsea<br>Oddstype 1: Arsenal eller Uafgjort &nbsp; &nbsp; &nbsp; (1X)<br>Oddstype 2: Uafgjort eller Chelsea &nbsp; &nbsp; &nbsp; (X2)<br>Oddstype 3: Arsenal eller Chelsea &nbsp; &nbsp; &nbsp; &nbsp;(12)<\/p>\n\n\n\n<h3>Handicap &#8211; Resultat<\/h3>\n\n\n\n<p>Handicap &#8211; Resultat betyder, at et af hold enten er foran eller bagud med et m\u00e5l, inden kampen starter.<\/p>\n\n\n\n<p>Eks. Kamp mellem FCK \u2013 Br\u00f8ndby<\/p>\n\n\n\n<p>Hvis du oddser FCK med (+1), vil FCK fra kampstart f\u00f8re kampen 1-0. Det vil sige at hvis kampen ender 1-1, s\u00e5 vil du vinde p\u00e5 dit odds, da du har FCK med et handicap (+1), s\u00e5 resultatet p\u00e5 dit odds vil v\u00e6re 2-1 til FCK.<\/p>\n\n\n\n<p>Hvis du derimod har oddset Br\u00f8ndby (-1) skal Br\u00f8ndby vinde kampen med 2 m\u00e5l, f\u00f8r dit odds g\u00e5r hjem.<\/p>\n\n\n\n<p>Sidste mulighed p\u00e5 denne v\u00e6ddem\u00e5lstype er Uafgjort (FCK +1). Det betyder at FCK skal tabe kampen med pr\u00e6cis 1 m\u00e5l. S\u00e5 ender kampen 2-1 til Br\u00f8ndby, har du FCK med et Uafgjort handicap FCK +1, og resultatet af kampen i dit v\u00e6ddem\u00e5l vil v\u00e6re 2-2.<\/p>\n\n\n\n<p>Herudover vil der v\u00e6re alternative handicap-resultater, s\u00e5 hvis du tror FCK vinder kampen med 3 m\u00e5l eller flere, kan du oddse (FCK -2) for at f\u00e5 h\u00e6vet oddset p\u00e5 kampen og dermed vinde flere penge.<\/p>\n\n\n\n<h3>Halvleg\/fuldtid<\/h3>\n\n\n\n<p>Kort fortalt oddser man p\u00e5, hvilket hold der f\u00f8rer til halvleg, og hvem der vinder kampen, man kan ogs\u00e5 oddse uafgjort.<\/p>\n\n\n\n<p>Eks. Kamp mellem Barcelona \u2013 Real Madrid<\/p>\n\n\n\n<p>Hvis du oddser p\u00e5 Barcelona-Barcelona, oddser du p\u00e5 at Barcelona er foran til halvleg og vinder kampen.<\/p>\n\n\n\n<p>Oddser du til geng\u00e6ld Barcelona \u2013 Real Madrid, har du oddse p\u00e5,t at Barcelona f\u00f8rer til halvleg, men at Real Madrid vinder kampen.&nbsp;<\/p>\n\n\n\n<p>Man kan ogs\u00e5 oddse Uafgjort \u2013 Real Madrid, og her har man oddset p\u00e5, at det st\u00e5r uafgjort til halvleg, og Real Madrid til at vinde kampen.<\/p>\n\n\n\n<h3>Begge hold scorer Ja\/Nej<\/h3>\n\n\n\n<p>En af de mest popul\u00e6re v\u00e6ddem\u00e5lstyper, hvor du oddser p\u00e5, om begge hold scorer i ordin\u00e6r spilletid (90 minutter + till\u00e6gstid). Bliver der scoret i forl\u00e6nget spilletid, t\u00e6ller m\u00e5lene ikke. Hos Ace Football findes der et hav af statistikker over, hvor mange gange et hold har v\u00e6ret involveret i kampe, hvor begge hold har scoret, eller hvor mange m\u00e5l der er blevet scoret i gennemsnit i deres seneste 10 kampe.<\/p>\n\n\n\n<h3>Korrekt Resultat<\/h3>\n\n\n\n<p>\u201cHigh Risk High Reward\u201d beskriver dette v\u00e6ddem\u00e5l perfekt, for alt kan ske i l\u00f8bet af en fodboldkamp. Der er ofte h\u00f8je odds p\u00e5 korrekte resultater, da man som oddser inden kampstart spiller p\u00e5, hvad kampens resultat ender. Hos nogle bookmakere f\u00e5r man bel\u00f8bet, man har oddset tilbage, hvis kampen ender 0-0<\/p>\n\n\n\n<h3>M\u00e5lscorere<\/h3>\n\n\n\n<p>Ved dette v\u00e6ddem\u00e5l har du mulighed for at oddse p\u00e5, hvem der scorer m\u00e5l i l\u00f8bet af kampen. Det er b\u00e5de muligt at oddse p\u00e5 f\u00f8rste m\u00e5lscorer, her oddser du p\u00e5, hvilken spiller der scorer kampens f\u00f8rste m\u00e5l. Herudover kan du ogs\u00e5 oddse p\u00e5, at en spiller \u201cbare\u201d skal score i l\u00f8bet af kampen, oddset her er typisk lavere, da det er ligegyldigt, hvor der scores. Sidste mulighed er at oddse p\u00e5, hvem der scorer kampens sidste m\u00e5l.<\/p>\n\n\n\n<h3>Vindermargin<\/h3>\n\n\n\n<p>Her oddser man p\u00e5 vinderholdet og pr\u00e6cis hvor mange m\u00e5l, de vinder med. Bookmakerne plejer typisk at have vindermargin med 1,2,3 eller 4+ m\u00e5l. 4+ m\u00e5l betyder, at det vindende hold vinder med 4 m\u00e5l eller mere.<\/p>\n\n\n\n<h3>Begge hold scorer og vinder<\/h3>\n\n\n\n<p>Vil du oddse p\u00e5 en kamp, hvor de to offensiver er bedre end de to defensiver samtidig med, at du tror p\u00e5 mange m\u00e5l i kampen? Der kan v\u00e6re ganske god v\u00e6rdi i at spille p\u00e5, at begge hold scorer i en kamp samtidig med, at det ene hold vinder.<br>Et tophold med en vaklende defensiv vil m\u00e5ske v\u00e6re storfavorit i en kamp mod et mindre hold, men det lille hold kan m\u00e5ske f\u00e5 sneget en enkelt scoring ind, hvilket ville v\u00e6re perfekt for at spille p\u00e5 begge hold scorer og vinder.<\/p>\n\n\n\n<h3>Systemspil<\/h3>\n\n\n\n<p>Systemspil bliver oftest brugt til at helgardere sig mod at tabe en eller flere kampe p\u00e5 din oddskupon.&nbsp;<\/p>\n\n\n\n<p>Eks. Lad os sige, at du har 4 kampe p\u00e5 din kupon. Her kan du s\u00e5 v\u00e6lge at spille \u00be system. Det vil sige, at du skal have minimum 3 af de 4 v\u00e6ddem\u00e5l rigtige. N\u00e5r man v\u00e6lger at spille systemspil, vil din kupon ogs\u00e5 koste mere end normalt, da du i princippet spiller p\u00e5 4 v\u00e6ddem\u00e5l, da du har mulighed for at vinde p\u00e5 fire forskellige kombinationer af kampene. Spiller du derfor for 100kr. Vil din kupon koste 400 kr.&nbsp;<\/p>\n\n\n\n<p>Kamp 1\/2\/3 g\u00e5r hjem<br>Kamp 1\/2\/4 g\u00e5r hjem<br>Kamp 1\/3\/4 g\u00e5r hjem&nbsp;<br>Kamp 2\/3\/4 g\u00e5r hjem<\/p>\n\n\n\n<p>For at beregne din gevinst, skal du gange de 3 kampes odds med hinanden i de forskellige kombinationer. <strong>(skal have en god visuel illustration)<\/strong><\/p>\n\n\n\n<p>Systemspil skal spilles med omtanke, hvis du f.eks. v\u00e6lger at oddse 100 kroner p\u00e5 4 kampe med odds 1.5, f\u00e5r du odds 3,375 (1,5 x 1,5 x 1,5) vil du tabe penge p\u00e5 din kupon (gevinsten vil v\u00e6re 337,5kr.), medmindre alle 4 kampe er rigtige her vil oddset i s\u00e5 fald v\u00e6re 5,06, og din gevinst vil v\u00e6re 506 kr. alts\u00e5 et beskedent overskud p\u00e5 106 kr.<\/p>\n\n\n\n<h3>Tips 13<\/h3>\n\n\n\n<p>G\u00e6t udfaldet af 13 fodboldkampe og vind en stor gevinst. Det lyder simpelt, men det er sv\u00e6rere end som s\u00e5. Hver uge bliver der af spiludbyderen udvalgt 13 kampe, hvor man har muligheden for at spille p\u00e5 1, X eller 2. 1 repr\u00e6senterer en hjemmesejr, X uafgjort og 2 en udesejr.<\/p>\n\n\n\n<p>Man har i Tips 13 mulighed for at helgardere sig ved at s\u00e6tte flere krydser ved en kamp, f.eks. 1X, men g\u00e6tter man alle 13 kampe rigtigt, bliver gevinsten ogs\u00e5 mindre jo flere helgarderinger, man har lavet.<\/p>\n\n\n\n<p>Pr\u00e6miepuljen deles af alle spillere, der har ramt 13 rigtige i Tips 13.<\/p>\n","protected":false},"excerpt":{"rendered":"<p>SPILTIPS GUIDES BONUSSER Guides til odds-systemer og tips L\u00e6r at oddse; Det er ikke altid lige let at holde styr p\u00e5 alle odds-begreber. Her finder du den komplette guide med betting-tips til nybegyndere, som skal i gang med at oddse for f\u00f8rste gang. Hvis du allerede er en etableret oddser, vil vi ogs\u00e5 i denne [&hellip;]<\/p>\n","protected":false},"author":80,"featured_media":0,"parent":48,"menu_order":0,"comment_status":"closed","ping_status":"closed","template":"page-dark.php","meta":{"om_disable_all_campaigns":false},"yoast_head":"<!-- This site is optimized with the Yoast SEO plugin v18.3 - https:\/\/yoast.com\/wordpress\/plugins\/seo\/ -->\n<title>Guide til odds-systemer, tips og bonusser. S\u00e5dan kommer du i gang<\/title>\n<meta name=\"description\" content=\"Her finder du den komplette guide med betting-tips til nybegyndere, som skal i gang med at oddse for f\u00f8rste gang.\" \/>\n<meta name=\"robots\" content=\"index, follow, max-snippet:-1, max-image-preview:large, max-video-preview:-1\" \/>\n<link rel=\"canonical\" href=\"https:\/\/acefootball.com\/da\/spiltips\/guides\/\" \/>\n<meta property=\"og:locale\" content=\"en_US\" \/>\n<meta property=\"og:type\" content=\"article\" \/>\n<meta property=\"og:title\" content=\"Guide til odds-systemer, tips og bonusser. S\u00e5dan kommer du i gang\" \/>\n<meta property=\"og:description\" content=\"Her finder du den komplette guide med betting-tips til nybegyndere, som skal i gang med at oddse for f\u00f8rste gang.\" \/>\n<meta property=\"og:url\" content=\"https:\/\/acefootball.com\/da\/spiltips\/guides\/\" \/>\n<meta property=\"og:site_name\" content=\"Ace Football Danmark\" \/>\n<meta property=\"article:publisher\" content=\"https:\/\/www.facebook.com\/acefootballdk\" \/>\n<meta property=\"article:modified_time\" content=\"2020-09-10T10:33:37+00:00\" \/>\n<meta name=\"twitter:card\" content=\"summary_large_image\" \/>\n<meta name=\"twitter:label1\" content=\"Est. reading time\" \/>\n\t<meta name=\"twitter:data1\" content=\"8 minutes\" \/>\n<script type=\"application\/ld+json\" class=\"yoast-schema-graph\">{\"@context\":\"https:\/\/schema.org\",\"@graph\":[{\"@type\":\"Organization\",\"@id\":\"https:\/\/acefootball.com\/da\/#organization\",\"name\":\"Ace Football\",\"url\":\"https:\/\/acefootball.com\/da\/\",\"sameAs\":[\"https:\/\/www.facebook.com\/acefootballdk\"],\"logo\":{\"@type\":\"ImageObject\",\"@id\":\"https:\/\/acefootball.com\/da\/#logo\",\"inLanguage\":\"en-US\",\"url\":\"https:\/\/acefootball.com\/da\/wp-content\/uploads\/sites\/2\/2020\/07\/Ace-Football-30-07-2020-2.png\",\"contentUrl\":\"https:\/\/acefootball.com\/da\/wp-content\/uploads\/sites\/2\/2020\/07\/Ace-Football-30-07-2020-2.png\",\"width\":1200,\"height\":600,\"caption\":\"Ace Football\"},\"image\":{\"@id\":\"https:\/\/acefootball.com\/da\/#logo\"}},{\"@type\":\"WebSite\",\"@id\":\"https:\/\/acefootball.com\/da\/#website\",\"url\":\"https:\/\/acefootball.com\/da\/\",\"name\":\"Ace Football Danmark\",\"description\":\"Nyheder, Spiltips &amp; Livescore\",\"publisher\":{\"@id\":\"https:\/\/acefootball.com\/da\/#organization\"},\"potentialAction\":[{\"@type\":\"SearchAction\",\"target\":{\"@type\":\"EntryPoint\",\"urlTemplate\":\"https:\/\/acefootball.com\/da\/?s={search_term_string}\"},\"query-input\":\"required name=search_term_string\"}],\"inLanguage\":\"en-US\"},{\"@type\":\"WebPage\",\"@id\":\"https:\/\/acefootball.com\/da\/spiltips\/guides\/#webpage\",\"url\":\"https:\/\/acefootball.com\/da\/spiltips\/guides\/\",\"name\":\"Guide til odds-systemer, tips og bonusser. S\u00e5dan kommer du i gang\",\"isPartOf\":{\"@id\":\"https:\/\/acefootball.com\/da\/#website\"},\"datePublished\":\"2020-07-14T07:02:46+00:00\",\"dateModified\":\"2020-09-10T10:33:37+00:00\",\"description\":\"Her finder du den komplette guide med betting-tips til nybegyndere, som skal i gang med at oddse for f\u00f8rste gang.\",\"breadcrumb\":{\"@id\":\"https:\/\/acefootball.com\/da\/spiltips\/guides\/#breadcrumb\"},\"inLanguage\":\"en-US\",\"potentialAction\":[{\"@type\":\"ReadAction\",\"target\":[\"https:\/\/acefootball.com\/da\/spiltips\/guides\/\"]}]},{\"@type\":\"BreadcrumbList\",\"@id\":\"https:\/\/acefootball.com\/da\/spiltips\/guides\/#breadcrumb\",\"itemListElement\":[{\"@type\":\"ListItem\",\"position\":1,\"name\":\"Home\",\"item\":\"https:\/\/acefootball.com\/da\/\"},{\"@type\":\"ListItem\",\"position\":2,\"name\":\"Spiltips\",\"item\":\"https:\/\/acefootball.com\/da\/spiltips\/\"},{\"@type\":\"ListItem\",\"position\":3,\"name\":\"Guides\"}]}]}<\/script>\n<!-- \/ Yoast SEO plugin. -->","yoast_head_json":{"title":"Guide til odds-systemer, tips og bonusser. S\u00e5dan kommer du i gang","description":"Her finder du den komplette guide med betting-tips til nybegyndere, som skal i gang med at oddse for f\u00f8rste gang.","robots":{"index":"index","follow":"follow","max-snippet":"max-snippet:-1","max-image-preview":"max-image-preview:large","max-video-preview":"max-video-preview:-1"},"canonical":"https:\/\/acefootball.com\/da\/spiltips\/guides\/","og_locale":"en_US","og_type":"article","og_title":"Guide til odds-systemer, tips og bonusser. S\u00e5dan kommer du i gang","og_description":"Her finder du den komplette guide med betting-tips til nybegyndere, som skal i gang med at oddse for f\u00f8rste gang.","og_url":"https:\/\/acefootball.com\/da\/spiltips\/guides\/","og_site_name":"Ace Football Danmark","article_publisher":"https:\/\/www.facebook.com\/acefootballdk","article_modified_time":"2020-09-10T10:33:37+00:00","twitter_card":"summary_large_image","twitter_misc":{"Est. reading time":"8 minutes"},"schema":{"@context":"https:\/\/schema.org","@graph":[{"@type":"Organization","@id":"https:\/\/acefootball.com\/da\/#organization","name":"Ace Football","url":"https:\/\/acefootball.com\/da\/","sameAs":["https:\/\/www.facebook.com\/acefootballdk"],"logo":{"@type":"ImageObject","@id":"https:\/\/acefootball.com\/da\/#logo","inLanguage":"en-US","url":"https:\/\/acefootball.com\/da\/wp-content\/uploads\/sites\/2\/2020\/07\/Ace-Football-30-07-2020-2.png","contentUrl":"https:\/\/acefootball.com\/da\/wp-content\/uploads\/sites\/2\/2020\/07\/Ace-Football-30-07-2020-2.png","width":1200,"height":600,"caption":"Ace Football"},"image":{"@id":"https:\/\/acefootball.com\/da\/#logo"}},{"@type":"WebSite","@id":"https:\/\/acefootball.com\/da\/#website","url":"https:\/\/acefootball.com\/da\/","name":"Ace Football Danmark","description":"Nyheder, Spiltips &amp; Livescore","publisher":{"@id":"https:\/\/acefootball.com\/da\/#organization"},"potentialAction":[{"@type":"SearchAction","target":{"@type":"EntryPoint","urlTemplate":"https:\/\/acefootball.com\/da\/?s={search_term_string}"},"query-input":"required name=search_term_string"}],"inLanguage":"en-US"},{"@type":"WebPage","@id":"https:\/\/acefootball.com\/da\/spiltips\/guides\/#webpage","url":"https:\/\/acefootball.com\/da\/spiltips\/guides\/","name":"Guide til odds-systemer, tips og bonusser. S\u00e5dan kommer du i gang","isPartOf":{"@id":"https:\/\/acefootball.com\/da\/#website"},"datePublished":"2020-07-14T07:02:46+00:00","dateModified":"2020-09-10T10:33:37+00:00","description":"Her finder du den komplette guide med betting-tips til nybegyndere, som skal i gang med at oddse for f\u00f8rste gang.","breadcrumb":{"@id":"https:\/\/acefootball.com\/da\/spiltips\/guides\/#breadcrumb"},"inLanguage":"en-US","potentialAction":[{"@type":"ReadAction","target":["https:\/\/acefootball.com\/da\/spiltips\/guides\/"]}]},{"@type":"BreadcrumbList","@id":"https:\/\/acefootball.com\/da\/spiltips\/guides\/#breadcrumb","itemListElement":[{"@type":"ListItem","position":1,"name":"Home","item":"https:\/\/acefootball.com\/da\/"},{"@type":"ListItem","position":2,"name":"Spiltips","item":"https:\/\/acefootball.com\/da\/spiltips\/"},{"@type":"ListItem","position":3,"name":"Guides"}]}]}},"_links":{"self":[{"href":"https:\/\/acefootball.com\/da\/wp-json\/wp\/v2\/pages\/49"}],"collection":[{"href":"https:\/\/acefootball.com\/da\/wp-json\/wp\/v2\/pages"}],"about":[{"href":"https:\/\/acefootball.com\/da\/wp-json\/wp\/v2\/types\/page"}],"author":[{"embeddable":true,"href":"https:\/\/acefootball.com\/da\/wp-json\/wp\/v2\/users\/80"}],"replies":[{"embeddable":true,"href":"https:\/\/acefootball.com\/da\/wp-json\/wp\/v2\/comments?post=49"}],"version-history":[{"count":0,"href":"https:\/\/acefootball.com\/da\/wp-json\/wp\/v2\/pages\/49\/revisions"}],"up":[{"embeddable":true,"href":"https:\/\/acefootball.com\/da\/wp-json\/wp\/v2\/pages\/48"}],"wp:attachment":[{"href":"https:\/\/acefootball.com\/da\/wp-json\/wp\/v2\/media?parent=49"}],"curies":[{"name":"wp","href":"https:\/\/api.w.org\/{rel}","templated":true}]}}