{"id":3,"date":"2017-07-14T22:45:40","date_gmt":"2017-07-14T22:45:40","guid":{"rendered":"https:\/\/acefootball.com\/da\/?page_id=3"},"modified":"2020-08-13T10:03:54","modified_gmt":"2020-08-13T08:03:54","slug":"livescore","status":"publish","type":"page","link":"https:\/\/acefootball.com\/da\/livescore\/","title":{"rendered":"Livescore &amp; Resultater"},"content":{"rendered":"\n<div class=\"wp-block-si-widget wp-block-si-widget--center\"><si-lb-widget widget-id=\"LiveList\" data-nopadding=\"true\" data-menu=\"true\" data-all-matches-button=\"true\" width=\"100%\" data-card=\"true\" data-language=\"da\" data-provider=\"mrgreen\" data-theme=\"dark\"><\/si-lb-widget><\/div>\n\n\n\n<p>F\u00f8lg med i live fodboldkampe via vores Livescore. Vi viser resultater, opstillinger og kampe. Vores livescore tilbyder b\u00e5de livekommentering, kamp h\u00e6ndelser og statistik. Se b\u00e5de spillet kampe, live kampe og kommende fodboldkampe.<\/p>\n","protected":false},"excerpt":{"rendered":"<p>F\u00f8lg med i live fodboldkampe via vores Livescore. Vi viser resultater, opstillinger og kampe. Vores livescore tilbyder b\u00e5de livekommentering, kamp h\u00e6ndelser og statistik. Se b\u00e5de spillet kampe, live kampe og kommende fodboldkampe.<\/p>\n","protected":false},"author":1,"featured_media":0,"parent":0,"menu_order":0,"comment_status":"closed","ping_status":"closed","template":"","meta":{"om_disable_all_campaigns":false},"yoast_head":"<!-- This site is optimized with the Yoast SEO plugin v18.3 - https:\/\/yoast.com\/wordpress\/plugins\/seo\/ -->\n<title>Livescore &amp; Resultater - Bliv opdateret p\u00e5 fodboldresultater - Ace Football<\/title>\n<meta name=\"description\" content=\"Fodbold livescore fra Superligaen, Premier League og resten af verden. Brug livescore hos Ace Football. til at f\u00f8lge med i kampene mens de bliver spillet.\" \/>\n<meta name=\"robots\" content=\"index, follow, max-snippet:-1, max-image-preview:large, max-video-preview:-1\" \/>\n<link rel=\"canonical\" href=\"https:\/\/acefootball.com\/da\/livescore\/\" \/>\n<meta property=\"og:locale\" content=\"en_US\" \/>\n<meta property=\"og:type\" content=\"article\" \/>\n<meta property=\"og:title\" content=\"Livescore &amp; Resultater - Bliv opdateret p\u00e5 fodboldresultater - Ace Football\" \/>\n<meta property=\"og:description\" content=\"Fodbold livescore fra Superligaen, Premier League og resten af verden. Brug livescore hos Ace Football. til at f\u00f8lge med i kampene mens de bliver spillet.\" \/>\n<meta property=\"og:url\" content=\"https:\/\/acefootball.com\/da\/livescore\/\" \/>\n<meta property=\"og:site_name\" content=\"Ace Football Danmark\" \/>\n<meta property=\"article:publisher\" content=\"https:\/\/www.facebook.com\/acefootballdk\" \/>\n<meta property=\"article:modified_time\" content=\"2020-08-13T08:03:54+00:00\" \/>\n<meta name=\"twitter:card\" content=\"summary_large_image\" \/>\n<script type=\"application\/ld+json\" class=\"yoast-schema-graph\">{\"@context\":\"https:\/\/schema.org\",\"@graph\":[{\"@type\":\"Organization\",\"@id\":\"https:\/\/acefootball.com\/da\/#organization\",\"name\":\"Ace Football\",\"url\":\"https:\/\/acefootball.com\/da\/\",\"sameAs\":[\"https:\/\/www.facebook.com\/acefootballdk\"],\"logo\":{\"@type\":\"ImageObject\",\"@id\":\"https:\/\/acefootball.com\/da\/#logo\",\"inLanguage\":\"en-US\",\"url\":\"https:\/\/acefootball.com\/da\/wp-content\/uploads\/sites\/2\/2020\/07\/Ace-Football-30-07-2020-2.png\",\"contentUrl\":\"https:\/\/acefootball.com\/da\/wp-content\/uploads\/sites\/2\/2020\/07\/Ace-Football-30-07-2020-2.png\",\"width\":1200,\"height\":600,\"caption\":\"Ace Football\"},\"image\":{\"@id\":\"https:\/\/acefootball.com\/da\/#logo\"}},{\"@type\":\"WebSite\",\"@id\":\"https:\/\/acefootball.com\/da\/#website\",\"url\":\"https:\/\/acefootball.com\/da\/\",\"name\":\"Ace Football Danmark\",\"description\":\"Nyheder, Spiltips &amp; Livescore\",\"publisher\":{\"@id\":\"https:\/\/acefootball.com\/da\/#organization\"},\"potentialAction\":[{\"@type\":\"SearchAction\",\"target\":{\"@type\":\"EntryPoint\",\"urlTemplate\":\"https:\/\/acefootball.com\/da\/?s={search_term_string}\"},\"query-input\":\"required name=search_term_string\"}],\"inLanguage\":\"en-US\"},{\"@type\":\"WebPage\",\"@id\":\"https:\/\/acefootball.com\/da\/livescore\/#webpage\",\"url\":\"https:\/\/acefootball.com\/da\/livescore\/\",\"name\":\"Livescore &amp; Resultater - Bliv opdateret p\u00e5 fodboldresultater - Ace Football\",\"isPartOf\":{\"@id\":\"https:\/\/acefootball.com\/da\/#website\"},\"datePublished\":\"2017-07-14T22:45:40+00:00\",\"dateModified\":\"2020-08-13T08:03:54+00:00\",\"description\":\"Fodbold livescore fra Superligaen, Premier League og resten af verden. Brug livescore hos Ace Football. til at f\u00f8lge med i kampene mens de bliver spillet.\",\"breadcrumb\":{\"@id\":\"https:\/\/acefootball.com\/da\/livescore\/#breadcrumb\"},\"inLanguage\":\"en-US\",\"potentialAction\":[{\"@type\":\"ReadAction\",\"target\":[\"https:\/\/acefootball.com\/da\/livescore\/\"]}]},{\"@type\":\"BreadcrumbList\",\"@id\":\"https:\/\/acefootball.com\/da\/livescore\/#breadcrumb\",\"itemListElement\":[{\"@type\":\"ListItem\",\"position\":1,\"name\":\"Home\",\"item\":\"https:\/\/acefootball.com\/da\/\"},{\"@type\":\"ListItem\",\"position\":2,\"name\":\"Livescore &amp; Resultater\"}]}]}<\/script>\n<!-- \/ Yoast SEO plugin. -->","yoast_head_json":{"title":"Livescore &amp; Resultater - Bliv opdateret p\u00e5 fodboldresultater - Ace Football","description":"Fodbold livescore fra Superligaen, Premier League og resten af verden. Brug livescore hos Ace Football. til at f\u00f8lge med i kampene mens de bliver spillet.","robots":{"index":"index","follow":"follow","max-snippet":"max-snippet:-1","max-image-preview":"max-image-preview:large","max-video-preview":"max-video-preview:-1"},"canonical":"https:\/\/acefootball.com\/da\/livescore\/","og_locale":"en_US","og_type":"article","og_title":"Livescore &amp; Resultater - Bliv opdateret p\u00e5 fodboldresultater - Ace Football","og_description":"Fodbold livescore fra Superligaen, Premier League og resten af verden. Brug livescore hos Ace Football. til at f\u00f8lge med i kampene mens de bliver spillet.","og_url":"https:\/\/acefootball.com\/da\/livescore\/","og_site_name":"Ace Football Danmark","article_publisher":"https:\/\/www.facebook.com\/acefootballdk","article_modified_time":"2020-08-13T08:03:54+00:00","twitter_card":"summary_large_image","schema":{"@context":"https:\/\/schema.org","@graph":[{"@type":"Organization","@id":"https:\/\/acefootball.com\/da\/#organization","name":"Ace Football","url":"https:\/\/acefootball.com\/da\/","sameAs":["https:\/\/www.facebook.com\/acefootballdk"],"logo":{"@type":"ImageObject","@id":"https:\/\/acefootball.com\/da\/#logo","inLanguage":"en-US","url":"https:\/\/acefootball.com\/da\/wp-content\/uploads\/sites\/2\/2020\/07\/Ace-Football-30-07-2020-2.png","contentUrl":"https:\/\/acefootball.com\/da\/wp-content\/uploads\/sites\/2\/2020\/07\/Ace-Football-30-07-2020-2.png","width":1200,"height":600,"caption":"Ace Football"},"image":{"@id":"https:\/\/acefootball.com\/da\/#logo"}},{"@type":"WebSite","@id":"https:\/\/acefootball.com\/da\/#website","url":"https:\/\/acefootball.com\/da\/","name":"Ace Football Danmark","description":"Nyheder, Spiltips &amp; Livescore","publisher":{"@id":"https:\/\/acefootball.com\/da\/#organization"},"potentialAction":[{"@type":"SearchAction","target":{"@type":"EntryPoint","urlTemplate":"https:\/\/acefootball.com\/da\/?s={search_term_string}"},"query-input":"required name=search_term_string"}],"inLanguage":"en-US"},{"@type":"WebPage","@id":"https:\/\/acefootball.com\/da\/livescore\/#webpage","url":"https:\/\/acefootball.com\/da\/livescore\/","name":"Livescore &amp; Resultater - Bliv opdateret p\u00e5 fodboldresultater - Ace Football","isPartOf":{"@id":"https:\/\/acefootball.com\/da\/#website"},"datePublished":"2017-07-14T22:45:40+00:00","dateModified":"2020-08-13T08:03:54+00:00","description":"Fodbold livescore fra Superligaen, Premier League og resten af verden. Brug livescore hos Ace Football. til at f\u00f8lge med i kampene mens de bliver spillet.","breadcrumb":{"@id":"https:\/\/acefootball.com\/da\/livescore\/#breadcrumb"},"inLanguage":"en-US","potentialAction":[{"@type":"ReadAction","target":["https:\/\/acefootball.com\/da\/livescore\/"]}]},{"@type":"BreadcrumbList","@id":"https:\/\/acefootball.com\/da\/livescore\/#breadcrumb","itemListElement":[{"@type":"ListItem","position":1,"name":"Home","item":"https:\/\/acefootball.com\/da\/"},{"@type":"ListItem","position":2,"name":"Livescore &amp; Resultater"}]}]}},"_links":{"self":[{"href":"https:\/\/acefootball.com\/da\/wp-json\/wp\/v2\/pages\/3"}],"collection":[{"href":"https:\/\/acefootball.com\/da\/wp-json\/wp\/v2\/pages"}],"about":[{"href":"https:\/\/acefootball.com\/da\/wp-json\/wp\/v2\/types\/page"}],"author":[{"embeddable":true,"href":"https:\/\/acefootball.com\/da\/wp-json\/wp\/v2\/users\/1"}],"replies":[{"embeddable":true,"href":"https:\/\/acefootball.com\/da\/wp-json\/wp\/v2\/comments?post=3"}],"version-history":[{"count":0,"href":"https:\/\/acefootball.com\/da\/wp-json\/wp\/v2\/pages\/3\/revisions"}],"wp:attachment":[{"href":"https:\/\/acefootball.com\/da\/wp-json\/wp\/v2\/media?parent=3"}],"curies":[{"name":"wp","href":"https:\/\/api.w.org\/{rel}","templated":true}]}}